{"id":111241,"date":"2024-09-18T00:00:00","date_gmt":"2024-09-18T05:00:00","guid":{"rendered":"http:\/\/gpl-love.com\/es\/producto\/smartmag-news-and-magazine-wordpress\/"},"modified":"2026-04-10T11:25:06","modified_gmt":"2026-04-10T16:25:06","slug":"smartmag-news-and-magazine-wordpress","status":"publish","type":"product","link":"https:\/\/gpl-love.com\/es\/producto\/smartmag-news-and-magazine-wordpress\/","title":{"rendered":"SmartMag News y Magazine WordPress 10.2.1"},"content":{"rendered":"<h3>SmartMag News y Magazine WordPress Caracteristicas<\/h3>\n<p>SmartMag News and Magazine WordPress es un tema incre\u00edblemente robusto y vers\u00e1til que ha sido dise\u00f1ado espec\u00edficamente con el prop\u00f3sito de atender sitios web de noticias y revistas, proporcion\u00e1ndoles una funcionalidad y flexibilidad incomparables. Este tema est\u00e1 equipado con una variedad de caracter\u00edsticas notables, que incluyen un constructor de p\u00e1ginas de arrastre y suelto altamente intuitivo y f\u00e1cil de usar, lo que permite a los usuarios crear y personalizar su sitio web sin esfuerzo de acuerdo con sus preferencias y requisitos \u00fanicos. Adem\u00e1s, SmartMag ofrece una amplia selecci\u00f3n de diversos dise\u00f1os de p\u00e1gina de inicio, asegurando que los usuarios tengan la capacidad de elegir el dise\u00f1o perfecto que se alinee perfectamente con su est\u00e9tica y visi\u00f3n deseadas. Adem\u00e1s, este tema tambi\u00e9n cuenta con un constructor de cabras y encabezados notablemente flexibles, lo que permite a los usuarios dise\u00f1ar y moldear la apariencia y la estructura generales de su sitio web para integrar perfectamente su marca y mensajes. Adem\u00e1s, SmartMAG abarca una amplia gama de estilos postales, lo que permite a los usuarios presentar su contenido de una manera visualmente cautivadora y cautivadora, mejorando as\u00ed la experiencia general del usuario y el compromiso en su sitio web.<\/p>\n<p>Adem\u00e1s, uno de los aspectos m\u00e1s notables de este tema es su personalizaci\u00f3n excepcional, ya que proporciona a los usuarios la capacidad de modificar de manera f\u00e1cil y eficiente varios elementos de su sitio web, incluidos los colores, las fuentes y el dise\u00f1o, lo que les permite crear un sitio web para crear un sitio web. Eso es verdaderamente \u00fanico y refleja su estilo y preferencias individuales. Adem\u00e1s, SmartMAG incluye la optimizaci\u00f3n de optimizaci\u00f3n de motores de b\u00fasqueda (SEO) incorporado, asegurando que los sitios web de los usuarios est\u00e9n completamente optimizados para los motores de b\u00fasqueda, mejorando en consecuencia su visibilidad y aumentando sus posibilidades de lograr una clasificaci\u00f3n m\u00e1s alta en las p\u00e1ginas de resultados de los motores de b\u00fasqueda (SERPS). Adem\u00e1s, este tema tambi\u00e9n admite Google AMP (p\u00e1ginas m\u00f3viles aceleradas), una tecnolog\u00eda innovadora que mejora significativamente el rendimiento y la velocidad de los sitios web m\u00f3viles, lo que mejora la experiencia y la satisfacci\u00f3n general del usuario.<\/p>\n<p>Ya sea que se est\u00e9 embarcando en el emocionante viaje de lanzar un sitio web nuevo o buscar mejorar y elevar el rendimiento y la funcionalidad de su existente, SmartMag posee todas las herramientas y caracter\u00edsticas necesarias para ayudarlo a crear una presencia en l\u00ednea profesional y cautivadora que lo har\u00e1. cautivar e involucrar a su p\u00fablico objetivo.<\/p>\n<ul>\n<li>Dise\u00f1o receptivo que se ve muy bien en todos los dispositivos<\/li>\n<li>P\u00e1gina de inicio personalizable y dise\u00f1os de categor\u00edas<\/li>\n<li>M\u00faltiples formatos de publicaci\u00f3n, incluidos video y audio<\/li>\n<li>Widgets avanzados para mostrar publicaciones populares, art\u00edculos destacados y m\u00e1s<\/li>\n<li>Sistema de gesti\u00f3n de anuncios incorporado para una f\u00e1cil monetizaci\u00f3n<\/li>\n<li>Integraci\u00f3n de las redes sociales para facilitar el intercambio y el compromiso<\/li>\n<li>Panel de opciones de tema potentes para control completo sobre el dise\u00f1o y la funcionalidad<\/li>\n<li>Tiempos de carga r\u00e1pidos y optimizado para SEO<\/li>\n<li>Compatibilidad con complementos populares como WooCommerce y Yoast SEO<\/li>\n<li>Actualizaciones regulares y soporte dedicado del equipo SmartMag.<\/li>\n<\/ul>\n","protected":false},"excerpt":{"rendered":"<p>El tema SmartMag WordPress, una plataforma formidable meticulosamente dise\u00f1ada con el \u00fanico prop\u00f3sito de construir sitios web sofisticados y cautivadores de noticias y revistas, posee una inmensa capacidad para cumplir con todos sus requisitos profesionales. Este tema, dotado de una variedad de atributos personalizables y un dise\u00f1o exquisitamente elegante y contempor\u00e1neo, le permite exhibir su contenido de una manera visualmente estimulante, independientemente de la naturaleza del tema, ya sea las \u00faltimas noticias de \u00faltima hora, piezas de opini\u00f3n que provocan reflexiones. , Art\u00edculos convincentes, o cualquier otro tema que pueda estar dentro del amplio espectro de posibilidades. En consecuencia, si se encuentra en busca de un tema de WordPress notablemente f\u00e1cil de usar, notablemente vers\u00e1til y notablemente din\u00e1mico que posee la capacidad de elevar sus esfuerzos de publicaci\u00f3n en l\u00ednea a alturas sin precedentes, luego cese su b\u00fasqueda y dirija su atenci\u00f3n hacia el notable SmartMag.<\/p>\n","protected":false},"featured_media":167513,"comment_status":"open","ping_status":"open","template":"","meta":[],"product_brand":[2337],"product_cat":[1245,1237,1238],"product_tag":[1391],"class_list":{"0":"post-111241","1":"product","2":"type-product","3":"status-publish","4":"has-post-thumbnail","6":"product_brand-themeforest","7":"product_cat-blog-revista","8":"product_cat-temas","9":"product_cat-wordpress-temas","10":"product_tag-themeforest","11":"member-discount","12":"discount-restricted","14":"first","15":"instock","16":"sale","17":"downloadable","18":"virtual","19":"sold-individually","20":"purchasable","21":"product-type-simple"},"_links":{"self":[{"href":"https:\/\/gpl-love.com\/es\/wp-json\/wp\/v2\/product\/111241","targetHints":{"allow":["GET"]}}],"collection":[{"href":"https:\/\/gpl-love.com\/es\/wp-json\/wp\/v2\/product"}],"about":[{"href":"https:\/\/gpl-love.com\/es\/wp-json\/wp\/v2\/types\/product"}],"replies":[{"embeddable":true,"href":"https:\/\/gpl-love.com\/es\/wp-json\/wp\/v2\/comments?post=111241"}],"wp:featuredmedia":[{"embeddable":true,"href":"https:\/\/gpl-love.com\/es\/wp-json\/wp\/v2\/media\/167513"}],"wp:attachment":[{"href":"https:\/\/gpl-love.com\/es\/wp-json\/wp\/v2\/media?parent=111241"}],"wp:term":[{"taxonomy":"product_brand","embeddable":true,"href":"https:\/\/gpl-love.com\/es\/wp-json\/wp\/v2\/product_brand?post=111241"},{"taxonomy":"product_cat","embeddable":true,"href":"https:\/\/gpl-love.com\/es\/wp-json\/wp\/v2\/product_cat?post=111241"},{"taxonomy":"product_tag","embeddable":true,"href":"https:\/\/gpl-love.com\/es\/wp-json\/wp\/v2\/product_tag?post=111241"}],"curies":[{"name":"wp","href":"https:\/\/api.w.org\/{rel}","templated":true}]}}