{"id":111239,"date":"2025-12-07T00:00:00","date_gmt":"2025-12-07T05:00:00","guid":{"rendered":"http:\/\/gpl-love.com\/es\/producto\/goya-modern-woocommerce-theme\/"},"modified":"2026-03-13T17:21:25","modified_gmt":"2026-03-13T22:21:25","slug":"goya-modern-woocommerce-theme","status":"publish","type":"product","link":"https:\/\/gpl-love.com\/es\/producto\/goya-modern-woocommerce-theme\/","title":{"rendered":"Goya Modern WooCommerce Theme 1.0.9.4"},"content":{"rendered":"<h3>Goya Modern WooCommerce Theme Caracteristicas<\/h3>\n<p>Goya Modern, un tema de WooCommerce exquisitamente elegante y sofisticado, ha sido dise\u00f1ado meticulosamente para tiendas en l\u00ednea con el objetivo de dejar una marca indeleble y audaz. Este tema de primer nivel cuenta con un dise\u00f1o pr\u00edstino y ordenado, que ofrece una variedad de opciones de dise\u00f1o que le otorgan libertad incomparable para adaptar su tienda de acuerdo con sus preferencias. Adem\u00e1s, su naturaleza totalmente receptiva y amigable para los dispositivos m\u00f3viles asegura que sus clientes puedan navegar a trav\u00e9s de sus pasillos virtuales sin problemas, independientemente del dispositivo que est\u00e9n utilizando. Al elevar la experiencia de compra a alturas sin precedentes, Geya Modern tambi\u00e9n ofrece un arsenal de caracter\u00edsticas robustas, que incluyen mecanismos de filtrado avanzados, funcionalidad de vista r\u00e1pida y la capacidad de ampliar los productos, permitiendo a los clientes localizar y analizar los elementos que desean obtener. Adem\u00e1s, este tema se ha optimizado a fondo para garantizar tiempos de carga r\u00e1pidos y una visibilidad excepcional del motor de b\u00fasqueda, impulsando su tienda a los niveles superiores de los resultados del motor de b\u00fasqueda y proporcionando una experiencia de usuario incomparable. Ya sea que se est\u00e9 embarcando en una aventura de la tienda en l\u00ednea incipiente o que se esfuerce por renovar su existente, Goya Modern se erige como la mejor opci\u00f3n para los establecimientos de comercio electr\u00f3nico contempor\u00e1neos y superiores.<\/p>\n<ul>\n<li>Dise\u00f1o totalmente receptivo para una experiencia de usuario perfecta en cualquier dispositivo<\/li>\n<li>Instalaci\u00f3n f\u00e1cil con un importador de demostraci\u00f3n con un solo clic<\/li>\n<li>P\u00e1gina de inicio personalizable con m\u00faltiples secciones preconstruidas<\/li>\n<li>Integraci\u00f3n de WooCommerce para la funcionalidad de compra en l\u00ednea sin interrupciones<\/li>\n<li>Panel de opciones de temas avanzados para una amplia personalizaci\u00f3n<\/li>\n<li>Los complementos premium incluyen: Slider Revolution y Wpbakery Page Builder<\/li>\n<li>Opciones m\u00faltiples de encabezado y pie de p\u00e1gina para un aspecto \u00fanico<\/li>\n<li>Integraci\u00f3n de las redes sociales para facilitar el intercambio y el compromiso<\/li>\n<li>Integraci\u00f3n de Google Fonts para tipograf\u00eda personalizada<\/li>\n<li>Traducci\u00f3n lista para audiencias internacionales<\/li>\n<li>Equipo de apoyo dedicado para cualquier pregunta o problema.<\/li>\n<\/ul>\n","protected":false},"excerpt":{"rendered":"<p>Presentando el impresionante y excepcionalmente sofisticado tema moderno de WooCommerce de Goya, que emerge como la soluci\u00f3n consumada para su estimada tienda en l\u00ednea. Rebosante con una est\u00e9tica de dise\u00f1o exquisitamente elegante y contempor\u00e1nea, este notable tema est\u00e1 dise\u00f1ado inequ\u00edvocamente para cautivar y cautivar a sus clientes exigentes, que sin duda se deleitar\u00e1n en el placer de leer su amplia gama de productos impecables. Con una variedad de caracter\u00edsticas notables, incluida una p\u00e1gina de inicio impresionantemente personalizable, filtros de productos meticulosamente elaborados y una gran cantidad de opciones de dise\u00f1o meticulosamente seleccionadas, Goya Modern asegura que su tienda en l\u00ednea se destaca inequ\u00edvocamente de la competencia con un nivel de distinci\u00f3n sin precedentes. Adem\u00e1s, su compromiso inquebrantable con la capacidad de respuesta perfecta garantiza que sus clientes apreciados puedan disfrutar de una experiencia de compra sin obst\u00e1culos de cualquier dispositivo que elijan. Elija Goya Modern y presencie la notable transformaci\u00f3n de su tienda en l\u00ednea en un oasis incomparable de sofisticaci\u00f3n, magnificencia y una experiencia de cliente verdaderamente mejorada que sin duda dejar\u00e1 una marca indeleble en su estimada clientela.<\/p>\n","protected":false},"featured_media":166280,"comment_status":"open","ping_status":"open","template":"","meta":[],"product_brand":[2337],"product_cat":[1267,1237,1238],"product_tag":[1391],"class_list":{"0":"post-111239","1":"product","2":"type-product","3":"status-publish","4":"has-post-thumbnail","6":"product_brand-themeforest","7":"product_cat-creativo","8":"product_cat-temas","9":"product_cat-wordpress-temas","10":"product_tag-themeforest","11":"member-discount","12":"discount-restricted","14":"first","15":"instock","16":"sale","17":"downloadable","18":"virtual","19":"sold-individually","20":"purchasable","21":"product-type-simple"},"_links":{"self":[{"href":"https:\/\/gpl-love.com\/es\/wp-json\/wp\/v2\/product\/111239","targetHints":{"allow":["GET"]}}],"collection":[{"href":"https:\/\/gpl-love.com\/es\/wp-json\/wp\/v2\/product"}],"about":[{"href":"https:\/\/gpl-love.com\/es\/wp-json\/wp\/v2\/types\/product"}],"replies":[{"embeddable":true,"href":"https:\/\/gpl-love.com\/es\/wp-json\/wp\/v2\/comments?post=111239"}],"wp:featuredmedia":[{"embeddable":true,"href":"https:\/\/gpl-love.com\/es\/wp-json\/wp\/v2\/media\/166280"}],"wp:attachment":[{"href":"https:\/\/gpl-love.com\/es\/wp-json\/wp\/v2\/media?parent=111239"}],"wp:term":[{"taxonomy":"product_brand","embeddable":true,"href":"https:\/\/gpl-love.com\/es\/wp-json\/wp\/v2\/product_brand?post=111239"},{"taxonomy":"product_cat","embeddable":true,"href":"https:\/\/gpl-love.com\/es\/wp-json\/wp\/v2\/product_cat?post=111239"},{"taxonomy":"product_tag","embeddable":true,"href":"https:\/\/gpl-love.com\/es\/wp-json\/wp\/v2\/product_tag?post=111239"}],"curies":[{"name":"wp","href":"https:\/\/api.w.org\/{rel}","templated":true}]}}