{"id":111233,"date":"2023-09-25T00:00:00","date_gmt":"2023-09-25T05:00:00","guid":{"rendered":"http:\/\/gpl-love.com\/es\/producto\/medigreen-cannabis-and-medical-marijuana-shop\/"},"modified":"2026-03-13T17:24:21","modified_gmt":"2026-03-13T22:24:21","slug":"medigreen-cannabis-and-medical-marijuana-shop","status":"publish","type":"product","link":"https:\/\/gpl-love.com\/es\/producto\/medigreen-cannabis-and-medical-marijuana-shop\/","title":{"rendered":"MediGreen Cannabis y Medical Marijuana Shop 1.2.1"},"content":{"rendered":"<h3>MediGreen Cannabis y Medical Marijuana Shop Caracteristicas<\/h3>\n<p>El cannabis de Medigreen y la tienda de marihuana medicinal se enorgullecen de ser un centro integral que atiende a las personas que buscan una amplia variedad de soluciones de cannabis y marihuana medicinal. Con una extensa colecci\u00f3n de mercanc\u00edas de primer nivel, que abarca flores, comestibles, concentrados y accesorios, Medigreen ofrece a los clientes la invaluable oportunidad de profundizar en una variedad de cepas y t\u00e9cnicas de consumo. El establecimiento est\u00e1 agraciado con un equipo de profesionales afables y bien informados que poseen la experiencia necesaria para ayudarlo a elegir el producto ideal que se alinea sin problemas con sus requisitos espec\u00edficos. Independientemente de si posee una gran experiencia en el \u00e1mbito del cannabis o si se est\u00e1 embarcando en su compra inaugural, Medigreen se mantiene firme en su compromiso de fomentar un entorno seguro e atractivo para todos los clientela. Suelguen el hecho de que todos los art\u00edculos se han sometido a pruebas de laboratorio integrales, garantizando una experiencia superlativa cada vez que adore a Medigreen con su presencia.<\/p>\n<ul>\n<li>Amplia selecci\u00f3n de productos de cannabis de alta calidad para uso m\u00e9dico y recreativo<\/li>\n<li>Personal conocedor y amable que puede ayudarlo a encontrar el producto adecuado para sus necesidades<\/li>\n<li>Opciones convenientes de pedidos y entrega en l\u00ednea<\/li>\n<li>Ubicaci\u00f3n minorista limpia y acogedora con un ambiente c\u00f3modo<\/li>\n<li>Men\u00fa actualizado regularmente con nuevas cepas y productos disponibles<\/li>\n<li>Compromiso con pr\u00e1cticas de crecimiento \u00e9ticas y sostenibles<\/li>\n<li>\u00c9nfasis en la educaci\u00f3n del cliente, con recursos disponibles para ayudarlo a tomar decisiones informadas sobre el uso de cannabis<\/li>\n<li>Precios competitivos para garantizar que obtenga el mejor valor por su dinero<\/li>\n<li>Productos certificados m\u00e9dicamente disponibles para ayudar a aliviar una variedad de s\u00edntomas y condiciones<\/li>\n<li>Ubicaci\u00f3n accesible, con amplio estacionamiento y transporte p\u00fablico cercano.<\/li>\n<\/ul>\n","protected":false},"excerpt":{"rendered":"<p>Ubicado en un establecimiento bien considerado, Medigreen es un establecimiento conocido por su reputaci\u00f3n encomiable, especializada en la venta de cannabis de primer nivel y marihuana medicinal, que est\u00e1n dise\u00f1adas para cumplir con sus requisitos medicinales. Nuestro inventario integral cuenta con una extensa variedad de cepas de cannabis, comestibles, aceites y t\u00f3picos, todos los cuales est\u00e1n cuidadosamente seleccionados para ofrecer la m\u00e1s alta calidad. Nuestra m\u00e1xima prioridad radica en ofrecer productos excepcionales caracterizados por su pureza, potencia y total seguridad para el consumo. Ya sea que su objetivo sea buscar consuelo del dolor cr\u00f3nico, la ansiedad o el estr\u00e9s, nuestro personal afable y bien informado est\u00e1 f\u00e1cilmente disponible para proporcionar recomendaciones expertas para ayudarlo a seleccionar el producto m\u00e1s adecuado. Ven y participa en una transacci\u00f3n con nosotros hoy para abrazar y apreciar completamente los poderes transformadores y curativos del cannabis.<\/p>\n","protected":false},"featured_media":166728,"comment_status":"open","ping_status":"open","template":"","meta":[],"product_brand":[2337],"product_cat":[1307,1237,1238],"product_tag":[1391],"class_list":{"0":"post-111233","1":"product","2":"type-product","3":"status-publish","4":"has-post-thumbnail","6":"product_brand-themeforest","7":"product_cat-negocio-wordpress-temas","8":"product_cat-temas","9":"product_cat-wordpress-temas","10":"product_tag-themeforest","11":"member-discount","12":"discount-restricted","14":"first","15":"instock","16":"sale","17":"downloadable","18":"virtual","19":"sold-individually","20":"purchasable","21":"product-type-simple"},"_links":{"self":[{"href":"https:\/\/gpl-love.com\/es\/wp-json\/wp\/v2\/product\/111233","targetHints":{"allow":["GET"]}}],"collection":[{"href":"https:\/\/gpl-love.com\/es\/wp-json\/wp\/v2\/product"}],"about":[{"href":"https:\/\/gpl-love.com\/es\/wp-json\/wp\/v2\/types\/product"}],"replies":[{"embeddable":true,"href":"https:\/\/gpl-love.com\/es\/wp-json\/wp\/v2\/comments?post=111233"}],"wp:featuredmedia":[{"embeddable":true,"href":"https:\/\/gpl-love.com\/es\/wp-json\/wp\/v2\/media\/166728"}],"wp:attachment":[{"href":"https:\/\/gpl-love.com\/es\/wp-json\/wp\/v2\/media?parent=111233"}],"wp:term":[{"taxonomy":"product_brand","embeddable":true,"href":"https:\/\/gpl-love.com\/es\/wp-json\/wp\/v2\/product_brand?post=111233"},{"taxonomy":"product_cat","embeddable":true,"href":"https:\/\/gpl-love.com\/es\/wp-json\/wp\/v2\/product_cat?post=111233"},{"taxonomy":"product_tag","embeddable":true,"href":"https:\/\/gpl-love.com\/es\/wp-json\/wp\/v2\/product_tag?post=111233"}],"curies":[{"name":"wp","href":"https:\/\/api.w.org\/{rel}","templated":true}]}}