{"id":111231,"date":"2024-02-10T00:00:00","date_gmt":"2024-02-10T05:00:00","guid":{"rendered":"http:\/\/gpl-love.com\/es\/producto\/drone-media-aerial-photography-and-videography\/"},"modified":"2026-03-13T17:19:29","modified_gmt":"2026-03-13T22:19:29","slug":"drone-media-aerial-photography-and-videography","status":"publish","type":"product","link":"https:\/\/gpl-love.com\/es\/producto\/drone-media-aerial-photography-and-videography\/","title":{"rendered":"Drone Media Aerial Photography y Videography 1.6.7"},"content":{"rendered":"<h3>Drone Media Aerial Photography y Videography Caracteristicas<\/h3>\n<p>La fotograf\u00eda y videograf\u00eda a\u00e9rea de Drone Media ofrece una soluci\u00f3n innovadora para fotograf\u00eda y videograf\u00eda a\u00e9rea, aprovechando la tecnolog\u00eda de drones de \u00faltima generaci\u00f3n para apoderarse de las impresionantes tomas a\u00e9reas y videos. Este producto excepcional atiende a empresas e individuos que buscan ejemplificar sus propiedades o eventos a trav\u00e9s de una lente sin precedentes. Ofrece im\u00e1genes inmaculadas y de alta resoluci\u00f3n, adecuadas para diversas aplicaciones que abarcan marketing, publicidad y presentaciones corporativas. Con una interfaz f\u00e1cil de usar y funcionalidades de vanguardia, fotograf\u00eda a\u00e9rea y videograf\u00eda a\u00e9rea de drones es un activo indispensable para las personas que aspiran a elevar su contenido visual a alturas incomparables.<\/p>\n<ul>\n<li>Impresionante fotograf\u00eda a\u00e9rea y videograf\u00eda<\/li>\n<li>Im\u00e1genes de alta calidad con im\u00e1genes n\u00edtidas y claras y videos suaves<\/li>\n<li>Amplia gama de \u00e1ngulos y perspectivas para capturar tiros \u00fanicos y cautivadores<\/li>\n<li>Perfecto para bienes ra\u00edces, eventos, bodas y m\u00e1s<\/li>\n<li>Equipos profesionales de drones y pilotos de drones experimentados<\/li>\n<li>Operaciones seguras y legales con todos los permisos y seguros necesarios<\/li>\n<li>Tiempo de respuesta r\u00e1pido en entregables<\/li>\n<li>Paquetes personalizados para adaptarse a las necesidades individuales del cliente<\/li>\n<li>Precios asequibles para servicios de alta calidad<\/li>\n<li>La tecnolog\u00eda y el equipo de vanguardia utilizados para ofrecer resultados de primera l\u00ednea.<\/li>\n<\/ul>\n","protected":false},"excerpt":{"rendered":"<p>Experimente el mundo desde una nueva perspectiva con fotograf\u00eda a\u00e9rea y videograf\u00eda a\u00e9rea de Drone Media. Nuestros servicios de alta calidad le brindan impresionantes im\u00e1genes de alta resoluci\u00f3n y video, capturados por nuestros drones de vanguardia operados por pilotos profesionales. Ya sea que necesite impresionantes tomas de paisajes, fotograf\u00eda de bienes ra\u00edces, cobertura de eventos o producci\u00f3n de videos comerciales, nuestro equipo de expertos est\u00e1 bien equipado para satisfacer sus necesidades. Con los medios de drones, obtiene acceso a tecnolog\u00eda de vanguardia, calidad de imagen superior, edici\u00f3n profesional para im\u00e1genes mejoradas y entrega r\u00e1pida. Nos adherimos a las regulaciones de seguridad y respetamos las preocupaciones de privacidad, asegurando una experiencia perfecta y sin preocupaciones. Eleve su contenido visual con fotograf\u00eda a\u00e9rea y videograf\u00eda a\u00e9rea de Drone Media.<\/p>\n","protected":false},"featured_media":165825,"comment_status":"open","ping_status":"open","template":"","meta":[],"product_brand":[2337],"product_cat":[1267,1237,1238],"product_tag":[1391],"class_list":{"0":"post-111231","1":"product","2":"type-product","3":"status-publish","4":"has-post-thumbnail","6":"product_brand-themeforest","7":"product_cat-creativo","8":"product_cat-temas","9":"product_cat-wordpress-temas","10":"product_tag-themeforest","11":"member-discount","12":"discount-restricted","14":"first","15":"instock","16":"sale","17":"downloadable","18":"virtual","19":"sold-individually","20":"purchasable","21":"product-type-simple"},"_links":{"self":[{"href":"https:\/\/gpl-love.com\/es\/wp-json\/wp\/v2\/product\/111231","targetHints":{"allow":["GET"]}}],"collection":[{"href":"https:\/\/gpl-love.com\/es\/wp-json\/wp\/v2\/product"}],"about":[{"href":"https:\/\/gpl-love.com\/es\/wp-json\/wp\/v2\/types\/product"}],"replies":[{"embeddable":true,"href":"https:\/\/gpl-love.com\/es\/wp-json\/wp\/v2\/comments?post=111231"}],"wp:featuredmedia":[{"embeddable":true,"href":"https:\/\/gpl-love.com\/es\/wp-json\/wp\/v2\/media\/165825"}],"wp:attachment":[{"href":"https:\/\/gpl-love.com\/es\/wp-json\/wp\/v2\/media?parent=111231"}],"wp:term":[{"taxonomy":"product_brand","embeddable":true,"href":"https:\/\/gpl-love.com\/es\/wp-json\/wp\/v2\/product_brand?post=111231"},{"taxonomy":"product_cat","embeddable":true,"href":"https:\/\/gpl-love.com\/es\/wp-json\/wp\/v2\/product_cat?post=111231"},{"taxonomy":"product_tag","embeddable":true,"href":"https:\/\/gpl-love.com\/es\/wp-json\/wp\/v2\/product_tag?post=111231"}],"curies":[{"name":"wp","href":"https:\/\/api.w.org\/{rel}","templated":true}]}}