{"id":111227,"date":"2022-03-25T00:00:00","date_gmt":"2022-03-25T05:00:00","guid":{"rendered":"http:\/\/gpl-love.com\/es\/producto\/reobiz-consulting-business-wordpress-theme\/"},"modified":"2026-04-10T11:23:04","modified_gmt":"2026-04-10T16:23:04","slug":"reobiz-consulting-business-wordpress-theme","status":"publish","type":"product","link":"https:\/\/gpl-love.com\/es\/producto\/reobiz-consulting-business-wordpress-theme\/","title":{"rendered":"Reobiz Consulting Business WordPress Theme 4.8.1"},"content":{"rendered":"<h3>Reobiz Consulting Business WordPress Theme Caracteristicas<\/h3>\n<p>El tema de WordPress Business Reanse Consulting de Reobiz es un tema incre\u00edblemente robusto y contempor\u00e1neo que se ha creado espec\u00edficamente para las empresas de consultor\u00eda. Cuenta con una extensa gama de caracter\u00edsticas para mejorar su funcionalidad, incluido un dise\u00f1o totalmente receptivo que garantiza experiencias de visualizaci\u00f3n \u00f3ptimas en cualquier dispositivo, dise\u00f1os de p\u00e1gina personalizables que permitan la personalizaci\u00f3n individualizada y una selecci\u00f3n ilimitada de opciones de color para adaptarse a cualquier preferencia de marca. Adem\u00e1s, el tema proporciona una variedad de p\u00e1ginas preconstruidas que se pueden incorporar sin esfuerzo a su sitio web, ahorr\u00e1ndole un valioso tiempo y esfuerzo.<\/p>\n<p>Adem\u00e1s, el tema Reobiz Consulting Business WordPress tambi\u00e9n ofrece m\u00faltiples opciones de encabezado y pie de p\u00e1gina, lo que le permite adaptar la apariencia de su sitio web con sus especificaciones exactas. Adem\u00e1s, la instalaci\u00f3n y la personalizaci\u00f3n son muy f\u00e1ciles con este tema, asegurando una experiencia de usuario perfecta y sin problemas.<\/p>\n<p>Gracias a su dise\u00f1o limpio y profesional, el tema de WordPress de Revobiz Consulting Business es la plataforma ideal para exhibir sus servicios de consultor\u00eda y cautivar a los clientes potenciales. Su elegante est\u00e9tica exuda credibilidad y experiencia, estableci\u00e9ndolo como un l\u00edder de la industria de buena reputaci\u00f3n. Adem\u00e1s, el tema es totalmente compatible con varios complementos populares, incluidos WooCommerce, Contact Form 7 y Elementor, ampliando a\u00fan m\u00e1s su versatilidad y funcionalidad.<\/p>\n<p>Independientemente de la escala de su firma de consultor\u00eda, ya sea una peque\u00f1a consultor\u00eda boutique o una gran corporaci\u00f3n multinacional, el tema de WordPress Business de Reobiz Consulting es la herramienta definitiva para establecer una presencia formidable en l\u00ednea y atraer un flujo constante de nuevas oportunidades comerciales. Su conjunto integral de caracter\u00edsticas y su interfaz f\u00e1cil de usar lo convierten en la elecci\u00f3n perfecta para amplificar la visibilidad de su marca y asegurar su posici\u00f3n como proveedor de servicios de consultor\u00eda.<\/p>\n<ul>\n<li>Dise\u00f1o elegante y moderno<\/li>\n<li>Construido con las \u00faltimas tecnolog\u00edas de WordPress<\/li>\n<li>Dise\u00f1o totalmente receptivo y amigable para m\u00f3viles<\/li>\n<li>M\u00faltiples p\u00e1ginas predise\u00f1adas para varios servicios de consultor\u00eda empresarial<\/li>\n<li>Importaci\u00f3n de demostraci\u00f3n de un solo clic<\/li>\n<li>Builder de la p\u00e1gina de arrastrar y soltar para una f\u00e1cil personalizaci\u00f3n<\/li>\n<li>Integrado con complementos populares como el formulario de contacto 7, MailChimp y Slider Revolution<\/li>\n<li>SEO optimizado para una mejor clasificaci\u00f3n de motores de b\u00fasqueda<\/li>\n<li>Traducci\u00f3n lista para atender a una clientela global<\/li>\n<li>Excelente atenci\u00f3n al cliente y documentaci\u00f3n para una f\u00e1cil configuraci\u00f3n y mantenimiento<\/li>\n<\/ul>\n","protected":false},"excerpt":{"rendered":"<p>El tema de WordPress Business de Reobiz Consulting es un tema de WordPress exquisitamente dise\u00f1ado y f\u00e1cil de usar, meticulosamente adaptado para satisfacer las necesidades de las empresas de consultor\u00eda. Este notable tema cuenta con una extensa variedad de dise\u00f1os y widgets preconstruidos, adem\u00e1s de un panel de administraci\u00f3n notablemente robusto que le brinda libertad sin precedentes para personalizar su sitio web de acuerdo con sus preferencias \u00fanicas. Con las capacidades extraordinarias de Reobiz a su disposici\u00f3n, usted posee los medios para dise\u00f1ar un sitio web visualmente cautivador que incorpore impecablemente la esencia de su marca y personalidad de negocios, entregando simult\u00e1neamente una experiencia de usuario extraordinariamente inmersiva a su estimada clientela. Independientemente de si usted es un consultor individual o una verdadera agencia de consultor\u00eda, el tema de WordPress de negocios de consultor\u00eda de Reobiz es inequ\u00edvocamente la soluci\u00f3n por excelencia para exhibir y exhibir magn\u00edficamente su experiencia inigualable y su gama de servicios en el vasto \u00e1mbito en l\u00ednea.<\/p>\n","protected":false},"featured_media":167340,"comment_status":"open","ping_status":"open","template":"","meta":[],"product_brand":[2337],"product_cat":[1307,1237,1238],"product_tag":[1391],"class_list":{"0":"post-111227","1":"product","2":"type-product","3":"status-publish","4":"has-post-thumbnail","6":"product_brand-themeforest","7":"product_cat-negocio-wordpress-temas","8":"product_cat-temas","9":"product_cat-wordpress-temas","10":"product_tag-themeforest","11":"member-discount","12":"discount-restricted","14":"first","15":"instock","16":"sale","17":"downloadable","18":"virtual","19":"sold-individually","20":"purchasable","21":"product-type-simple"},"_links":{"self":[{"href":"https:\/\/gpl-love.com\/es\/wp-json\/wp\/v2\/product\/111227","targetHints":{"allow":["GET"]}}],"collection":[{"href":"https:\/\/gpl-love.com\/es\/wp-json\/wp\/v2\/product"}],"about":[{"href":"https:\/\/gpl-love.com\/es\/wp-json\/wp\/v2\/types\/product"}],"replies":[{"embeddable":true,"href":"https:\/\/gpl-love.com\/es\/wp-json\/wp\/v2\/comments?post=111227"}],"wp:featuredmedia":[{"embeddable":true,"href":"https:\/\/gpl-love.com\/es\/wp-json\/wp\/v2\/media\/167340"}],"wp:attachment":[{"href":"https:\/\/gpl-love.com\/es\/wp-json\/wp\/v2\/media?parent=111227"}],"wp:term":[{"taxonomy":"product_brand","embeddable":true,"href":"https:\/\/gpl-love.com\/es\/wp-json\/wp\/v2\/product_brand?post=111227"},{"taxonomy":"product_cat","embeddable":true,"href":"https:\/\/gpl-love.com\/es\/wp-json\/wp\/v2\/product_cat?post=111227"},{"taxonomy":"product_tag","embeddable":true,"href":"https:\/\/gpl-love.com\/es\/wp-json\/wp\/v2\/product_tag?post=111227"}],"curies":[{"name":"wp","href":"https:\/\/api.w.org\/{rel}","templated":true}]}}