{"id":111225,"date":"2026-04-21T00:00:00","date_gmt":"2026-04-21T05:00:00","guid":{"rendered":"http:\/\/gpl-love.com\/es\/producto\/classima-classified-ads-wordpress-theme\/"},"modified":"2026-04-21T11:15:18","modified_gmt":"2026-04-21T16:15:18","slug":"classima-classified-ads-wordpress-theme","status":"publish","type":"product","link":"https:\/\/gpl-love.com\/es\/producto\/classima-classified-ads-wordpress-theme\/","title":{"rendered":"Classima Classified Ads WordPress Theme 2.14.1"},"content":{"rendered":"<h3>Classima Classified Ads WordPress Theme Caracteristicas<\/h3>\n<p>El tema de WordPress de los anuncios clasificados de Classima se presenta como la soluci\u00f3n definitiva y m\u00e1s completa cuando se trata de construir sitios web de anuncios clasificados. Este notable tema abarca una amplia gama de caracter\u00edsticas y opciones que le otorgan la capacidad de adaptar su sitio web de acuerdo con sus especificaciones y preferencias precisas. En virtud de su interfaz de usuario intuitivamente dise\u00f1ada, puede generar y administrar sin esfuerzo sus anuncios, categor\u00edas y ubicaciones con la mayor comodidad. Adem\u00e1s, el tema ofrece funcionalidades de b\u00fasqueda avanzadas y opciones de filtrado que facilitan enormemente a los usuarios en su b\u00fasqueda para localizar sus art\u00edculos o servicios deseados. Adem\u00e1s, la capacidad de respuesta completa del tema garantiza que su sitio web parezca visualmente atractivo y sin problemas en todos los dispositivos. A trav\u00e9s de la integraci\u00f3n perfecta de una pasarela de pago, est\u00e1 facultado para monetizar su sitio web al ofrecer caracter\u00edsticas premium de los usuarios a cambio de una tarifa. Adem\u00e1s, el tema incluye capacidades incorporadas de optimizaci\u00f3n de motores de b\u00fasqueda e integraci\u00f3n de redes sociales, las cuales sirven para acelerar el proceso de promoci\u00f3n de su sitio web y impulsar el tr\u00e1fico sustancial. A fin de cuentas, el tema de WordPress de los anuncios clasificados de Classima se considera como una soluci\u00f3n altamente confiable y eficaz para la creaci\u00f3n y mantenimiento de los sitios web de anuncios clasificados florecientes.<\/p>\n<ul>\n<li>Dise\u00f1o profesional y moderno<\/li>\n<li>Dise\u00f1o personalizable y esquemas de color<\/li>\n<li>Panel de administraci\u00f3n f\u00e1cil de usar para administrar anuncios y configuraciones del sitio<\/li>\n<li>M\u00faltiples tipos de anuncios compatibles (texto, imagen, video, etc.)<\/li>\n<li>Opciones avanzadas de b\u00fasqueda y filtrado<\/li>\n<li>Sistema de pago incorporado para anuncios pagados<\/li>\n<li>Dise\u00f1o receptivo para usuarios m\u00f3viles y de tabletas<\/li>\n<li>SEO amigable para mejorar la clasificaci\u00f3n de los motores de b\u00fasqueda<\/li>\n<li>Integraci\u00f3n con las redes sociales y las herramientas de marketing por correo electr\u00f3nico<\/li>\n<li>Actualizaciones regulares y atenci\u00f3n al cliente de los desarrolladores de temas<\/li>\n<\/ul>\n","protected":false},"excerpt":{"rendered":"<p>Sum\u00e9rgete en el mundo din\u00e1mico de la publicidad en l\u00ednea con nuestro tema de WordPress de anuncios clasificados de classima. Esta soluci\u00f3n de nivel superior est\u00e1 dise\u00f1ada para optimizar su proceso de publicaci\u00f3n de anuncios con caracter\u00edsticas s\u00f3lidas como b\u00fasqueda avanzada, filtrado de anuncios inteligente e interfaz de usuario intuitiva. Nuestro tema ofrece una combinaci\u00f3n \u00fanica de versatilidad y eficiencia, que proporciona una plataforma inigualable para varios nichos, desde bienes ra\u00edces hasta publicaciones de trabajo. Experimente el poder de la personalizaci\u00f3n de WordPress con classima, equipado con opciones de color ilimitadas, dise\u00f1os receptivos y compatibilidad con Gutenberg Editor y Elementor Page Builder. Este tema amigable con el SEO garantiza una alta visibilidad para sus anuncios en los motores de b\u00fasqueda, que en \u00faltima instancia conduce m\u00e1s tr\u00e1fico a su sitio web. El tema de los anuncios clasificados de Classima WordPress realmente ofrece una soluci\u00f3n todo en uno para sus necesidades publicitarias en l\u00ednea, prometiendo una experiencia de usuario perfecta y un impulso significativo en sus conversiones de anuncios.<\/p>\n","protected":false},"featured_media":165629,"comment_status":"open","ping_status":"open","template":"","meta":[],"product_brand":[2337],"product_cat":[1267,1237,1238],"product_tag":[1391],"class_list":{"0":"post-111225","1":"product","2":"type-product","3":"status-publish","4":"has-post-thumbnail","6":"product_brand-themeforest","7":"product_cat-creativo","8":"product_cat-temas","9":"product_cat-wordpress-temas","10":"product_tag-themeforest","11":"member-discount","12":"discount-restricted","14":"first","15":"instock","16":"sale","17":"downloadable","18":"virtual","19":"sold-individually","20":"purchasable","21":"product-type-simple"},"_links":{"self":[{"href":"https:\/\/gpl-love.com\/es\/wp-json\/wp\/v2\/product\/111225","targetHints":{"allow":["GET"]}}],"collection":[{"href":"https:\/\/gpl-love.com\/es\/wp-json\/wp\/v2\/product"}],"about":[{"href":"https:\/\/gpl-love.com\/es\/wp-json\/wp\/v2\/types\/product"}],"replies":[{"embeddable":true,"href":"https:\/\/gpl-love.com\/es\/wp-json\/wp\/v2\/comments?post=111225"}],"wp:featuredmedia":[{"embeddable":true,"href":"https:\/\/gpl-love.com\/es\/wp-json\/wp\/v2\/media\/165629"}],"wp:attachment":[{"href":"https:\/\/gpl-love.com\/es\/wp-json\/wp\/v2\/media?parent=111225"}],"wp:term":[{"taxonomy":"product_brand","embeddable":true,"href":"https:\/\/gpl-love.com\/es\/wp-json\/wp\/v2\/product_brand?post=111225"},{"taxonomy":"product_cat","embeddable":true,"href":"https:\/\/gpl-love.com\/es\/wp-json\/wp\/v2\/product_cat?post=111225"},{"taxonomy":"product_tag","embeddable":true,"href":"https:\/\/gpl-love.com\/es\/wp-json\/wp\/v2\/product_tag?post=111225"}],"curies":[{"name":"wp","href":"https:\/\/api.w.org\/{rel}","templated":true}]}}