{"id":111220,"date":"2021-08-06T00:00:00","date_gmt":"2021-08-06T05:00:00","guid":{"rendered":"http:\/\/gpl-love.com\/es\/producto\/youzify-buddypress-social-share\/"},"modified":"2026-03-13T17:35:24","modified_gmt":"2026-03-13T22:35:24","slug":"youzify-buddypress-social-share","status":"publish","type":"product","link":"https:\/\/gpl-love.com\/es\/producto\/youzify-buddypress-social-share\/","title":{"rendered":"Youzify BuddyPress Social Share 2.0.0"},"content":{"rendered":"<h3>Youzify BuddyPress Social Share Caracteristicas<\/h3>\n<p>El complemento YouZify BuddyPress Social Share, con una extensa gama de caracter\u00edsticas y una interfaz de usuario intuitiva, se demuestra como una herramienta notable que permite a los usuarios distribuir sin esfuerzo y efectivamente una amplia variedad de contenido en m\u00faltiples plataformas de redes sociales. Este complemento no solo brinda soporte para numerosas plataformas de redes sociales, sino que tambi\u00e9n otorga a los usuarios la flexibilidad de personalizar sus botones compartidos, asegurando as\u00ed una integraci\u00f3n perfecta con su identidad de marca. Adem\u00e1s, este complemento facilita el intercambio de publicaciones y p\u00e1ginas individuales, lo que permite a los usuarios difundir su valioso contenido a una audiencia m\u00e1s amplia. Al aprovechar el complemento de Youzify BuddyPress Social Share, los usuarios pueden mejorar significativamente la visibilidad de su contenido y ampliar su alcance en las plataformas de redes sociales. En esencia, esta poderosa herramienta permite a los usuarios promover su contenido de manera perfecta y estrat\u00e9gica en varias plataformas de redes sociales.<\/p>\n<ul>\n<li>Opciones f\u00e1ciles de intercambio social para usuarios de BuddyPress<\/li>\n<li>Se integra a la perfecci\u00f3n con BuddyPress Social Network<\/li>\n<li>Capacidad para compartir contenido en plataformas de redes sociales populares<\/li>\n<li>Interfaz f\u00e1cil de usar para compartir r\u00e1pido y eficiente<\/li>\n<li>Aumentar el compromiso social y el alcance de la audiencia<\/li>\n<li>Mejorar la experiencia del usuario en la red social de BuddyPress<\/li>\n<li>Habilitar compartir varios tipos de contenido, como publicaciones, im\u00e1genes y videos.<\/li>\n<li>Opciones de intercambio personalizables para adaptarse a las preferencias de los usuarios<\/li>\n<li>Soporte de varios idiomas para usuarios internacionales<\/li>\n<li>Actualizaciones regulares y soporte del equipo de Yoezify.<\/li>\n<\/ul>\n","protected":false},"excerpt":{"rendered":"<p>Yoezify BuddyPress Social Share, un complemento incre\u00edblemente innovador dise\u00f1ado exclusivamente para WordPress, proporciona a los propietarios de sitios web un m\u00e9todo perfecto y eficiente para incorporar botones de compartir social en sus p\u00e1ginas de la comunidad de BuddyPress. Al utilizar esta notable herramienta, los usuarios est\u00e1n facultados para distribuir sin esfuerzo el contenido cautivador a trav\u00e9s de varias plataformas de redes sociales como Facebook, Twitter, LinkedIn y muchos otros, ampliando significativamente su influencia e interacci\u00f3n con su p\u00fablico objetivo. Con una interfaz excepcionalmente intuitiva y que se integra perfectamente en la plataforma BuddyPress, Yoezify BuddyPress Social Share, sin duda, surge como un activo indispensable para las personas que buscan ansiosamente aumentar su presencia en l\u00ednea dentro del \u00e1mbito de las redes sociales y fomentar un crecimiento exponencial dentro de su comunidad virtual.<\/p>\n","protected":false},"featured_media":168702,"comment_status":"open","ping_status":"open","template":"","meta":[],"product_brand":[2654],"product_cat":[1325,1206,1211],"product_tag":[1732],"class_list":{"0":"post-111220","1":"product","2":"type-product","3":"status-publish","4":"has-post-thumbnail","6":"product_brand-kainelabs","7":"product_cat-afiliacion","8":"product_cat-plugins","9":"product_cat-wordpress-plugins","10":"product_tag-kainelabs","11":"member-discount","12":"discount-restricted","14":"first","15":"instock","16":"sale","17":"downloadable","18":"virtual","19":"sold-individually","20":"purchasable","21":"product-type-simple"},"_links":{"self":[{"href":"https:\/\/gpl-love.com\/es\/wp-json\/wp\/v2\/product\/111220","targetHints":{"allow":["GET"]}}],"collection":[{"href":"https:\/\/gpl-love.com\/es\/wp-json\/wp\/v2\/product"}],"about":[{"href":"https:\/\/gpl-love.com\/es\/wp-json\/wp\/v2\/types\/product"}],"replies":[{"embeddable":true,"href":"https:\/\/gpl-love.com\/es\/wp-json\/wp\/v2\/comments?post=111220"}],"wp:featuredmedia":[{"embeddable":true,"href":"https:\/\/gpl-love.com\/es\/wp-json\/wp\/v2\/media\/168702"}],"wp:attachment":[{"href":"https:\/\/gpl-love.com\/es\/wp-json\/wp\/v2\/media?parent=111220"}],"wp:term":[{"taxonomy":"product_brand","embeddable":true,"href":"https:\/\/gpl-love.com\/es\/wp-json\/wp\/v2\/product_brand?post=111220"},{"taxonomy":"product_cat","embeddable":true,"href":"https:\/\/gpl-love.com\/es\/wp-json\/wp\/v2\/product_cat?post=111220"},{"taxonomy":"product_tag","embeddable":true,"href":"https:\/\/gpl-love.com\/es\/wp-json\/wp\/v2\/product_tag?post=111220"}],"curies":[{"name":"wp","href":"https:\/\/api.w.org\/{rel}","templated":true}]}}