{"id":111218,"date":"2021-08-06T00:00:00","date_gmt":"2021-08-06T05:00:00","guid":{"rendered":"http:\/\/gpl-love.com\/es\/producto\/youzify-buddypress-profile-completeness\/"},"modified":"2026-03-13T17:35:23","modified_gmt":"2026-03-13T22:35:23","slug":"youzify-buddypress-profile-completeness","status":"publish","type":"product","link":"https:\/\/gpl-love.com\/es\/producto\/youzify-buddypress-profile-completeness\/","title":{"rendered":"Youzify BuddyPress Profile Completeness 2.0.0"},"content":{"rendered":"<h3>Youzify BuddyPress Profile Completeness Caracteristicas<\/h3>\n<p>La integridad del perfil de Youzify BuddyPress, un complemento inmensamente eficiente, sirve como una soluci\u00f3n notable para los usuarios que buscan finalizar sin esfuerzo sus perfiles de BuddyPress. Con una interfaz integral y f\u00e1cil de usar, este complemento escolta de manera experta a los usuarios a trav\u00e9s del proceso de finalizaci\u00f3n del perfil. Por medio de una barra de progreso, representa visualmente el porcentaje del perfil que se ha completado debidamente mientras sugiere juiciosamente campos pertinentes que requieren atenci\u00f3n. Dise\u00f1ado principalmente para los propietarios de sitios web que anhelan mejorar la participaci\u00f3n del usuario y fomentar interacciones significativas, el complemento de integridad del perfil de Yoozify BuddyPress refuerza la probabilidad de que los usuarios se involucren activamente entre s\u00ed. Con este complemento a su disposici\u00f3n, los usuarios est\u00e1n facultados para elaborar un perfil que lo abarque y visualmente refleje su personalidad inimitable e intereses fervientes.<\/p>\n<ul>\n<li>Aumenta el compromiso en sitios web de la comunidad de BuddyPress Powered<\/li>\n<li>Alienta a los usuarios a completar sus perfiles completamente<\/li>\n<li>Proporciona una barra de progreso de finalizaci\u00f3n f\u00e1cil de usar<\/li>\n<li>Ofrece incentivos para completar los campos de perfil<\/li>\n<li>Ofrece mensajes personalizables para alentar a los usuarios a completar los perfiles<\/li>\n<li>F\u00e1cil de instalar y configurar<\/li>\n<li>Funciona sin problemas con temas y complementos de BuddyPress<\/li>\n<li>Mejora la calidad de los datos de los usuarios para administradores y moderadores comunitarios<\/li>\n<li>Ayuda a los usuarios a encontrar r\u00e1pidamente miembros de la comunidad con perfiles completamente completos<\/li>\n<li>Disponible en varios idiomas<\/li>\n<li>Compatible con las instalaciones de WordPress Multisite.<\/li>\n<li>Compatible con las \u00faltimas versiones de WordPress y BuddyPress.<\/li>\n<li>Soporte premium disponible para los usuarios.<\/li>\n<\/ul>\n","protected":false},"excerpt":{"rendered":"<p>El complemento de integridad del perfil de Youzify BuddyPress, dise\u00f1ado espec\u00edficamente para sitios web de BuddyPress, sirve como una herramienta invaluable para mantener la integridad y precisi\u00f3n de los perfiles de usuario. Su prop\u00f3sito principal es ayudar a los administradores del sitio a administrar y monitorear eficientemente varios detalles del perfil, como im\u00e1genes de perfil, informaci\u00f3n biograf\u00eda, ubicaci\u00f3n y cuentas de redes sociales, entre otras. Al utilizar este complemento, los administradores pueden alentar a la perfecci\u00f3n a los usuarios a actualizar regularmente sus perfiles, fomentando as\u00ed un elevado nivel de compromiso y conocimiento dentro de la comunidad. Ya sea que est\u00e9 a cargo de una plataforma de redes sociales, una comunidad en l\u00ednea o un sitio web de nicho de mercado, el complemento de integridad del perfil de Youzify BuddyPress demuestra ser la mejor soluci\u00f3n para mejorar la experiencia del usuario y cultivar una comunidad en l\u00ednea m\u00e1s din\u00e1mica.<\/p>\n","protected":false},"featured_media":168701,"comment_status":"open","ping_status":"open","template":"","meta":[],"product_brand":[2654],"product_cat":[1325,1206,1211],"product_tag":[1732],"class_list":{"0":"post-111218","1":"product","2":"type-product","3":"status-publish","4":"has-post-thumbnail","6":"product_brand-kainelabs","7":"product_cat-afiliacion","8":"product_cat-plugins","9":"product_cat-wordpress-plugins","10":"product_tag-kainelabs","11":"member-discount","12":"discount-restricted","14":"first","15":"instock","16":"sale","17":"downloadable","18":"virtual","19":"sold-individually","20":"purchasable","21":"product-type-simple"},"_links":{"self":[{"href":"https:\/\/gpl-love.com\/es\/wp-json\/wp\/v2\/product\/111218","targetHints":{"allow":["GET"]}}],"collection":[{"href":"https:\/\/gpl-love.com\/es\/wp-json\/wp\/v2\/product"}],"about":[{"href":"https:\/\/gpl-love.com\/es\/wp-json\/wp\/v2\/types\/product"}],"replies":[{"embeddable":true,"href":"https:\/\/gpl-love.com\/es\/wp-json\/wp\/v2\/comments?post=111218"}],"wp:featuredmedia":[{"embeddable":true,"href":"https:\/\/gpl-love.com\/es\/wp-json\/wp\/v2\/media\/168701"}],"wp:attachment":[{"href":"https:\/\/gpl-love.com\/es\/wp-json\/wp\/v2\/media?parent=111218"}],"wp:term":[{"taxonomy":"product_brand","embeddable":true,"href":"https:\/\/gpl-love.com\/es\/wp-json\/wp\/v2\/product_brand?post=111218"},{"taxonomy":"product_cat","embeddable":true,"href":"https:\/\/gpl-love.com\/es\/wp-json\/wp\/v2\/product_cat?post=111218"},{"taxonomy":"product_tag","embeddable":true,"href":"https:\/\/gpl-love.com\/es\/wp-json\/wp\/v2\/product_tag?post=111218"}],"curies":[{"name":"wp","href":"https:\/\/api.w.org\/{rel}","templated":true}]}}