{"id":111216,"date":"2021-08-06T00:00:00","date_gmt":"2021-08-06T05:00:00","guid":{"rendered":"http:\/\/gpl-love.com\/es\/producto\/youzify-buddypress-moderation\/"},"modified":"2026-03-13T17:35:22","modified_gmt":"2026-03-13T22:35:22","slug":"youzify-buddypress-moderation","status":"publish","type":"product","link":"https:\/\/gpl-love.com\/es\/producto\/youzify-buddypress-moderation\/","title":{"rendered":"Youzify BuddyPress Moderation 2.0.0"},"content":{"rendered":"<h3>Youzify BuddyPress Moderation Caracteristicas<\/h3>\n<p>La moderaci\u00f3n de Youzify BuddyPress, una herramienta incre\u00edblemente potente, sirve como una ayuda invaluable para administrar efectivamente su comunidad de BuddyPress. A trav\u00e9s de la utilizaci\u00f3n de este complemento, est\u00e1 dotado de la capacidad de moderar sin esfuerzo y supervisar el contenido generado por el usuario dentro de su sitio de BuddyPress, que abarca comentarios, publicaciones y perfiles. El complemento en s\u00ed abarca una gran cantidad de caracter\u00edsticas notables, que van desde la capacidad de aprobar o rechazar contenido, administrar h\u00e1bilmente los perfiles de usuario e incluso establecer notificaciones personalizables. Adem\u00e1s, la instalaci\u00f3n y la utilizaci\u00f3n del complemento de moderaci\u00f3n de Youzify BuddyPress demuestran ser un esfuerzo completamente sin complicaciones, lo que lo convierte en una opci\u00f3n ideal tanto para usuarios ne\u00f3fitos como experimentados. Ergo, si albergas el deseo de tomar el control sobre tu comunidad de BuddyPress, este complemento garantiza inequ\u00edvocamente tu exploraci\u00f3n.<\/p>\n<ul>\n<li>Agilice las tareas de moderaci\u00f3n en su sitio de BuddyPress con la moderaci\u00f3n de BuddyPress Youzify.<\/li>\n<li>Mantenga su comunidad segura y libre de spam y contenido inapropiado.<\/li>\n<li>Obtenga notificaci\u00f3n de nuevo contenido que necesita moderaci\u00f3n.<\/li>\n<li>Eliminar, editar o aprobar f\u00e1cilmente contenido generado por miembro.<\/li>\n<li>Asigne tareas de moderaci\u00f3n a usuarios o moderadores espec\u00edficos.<\/li>\n<li>Personalice las reglas y configuraciones de moderaci\u00f3n para que se ajusten a las necesidades de su sitio.<\/li>\n<li>Ahorre tiempo y esfuerzo automatizando las tareas de moderaci\u00f3n.<\/li>\n<li>Use opciones de filtrado avanzado para encontrar y moderar r\u00e1pidamente contenido espec\u00edfico.<\/li>\n<li>Mantenga un registro de moderaci\u00f3n exhaustivo para rastrear las acciones y garantizar la responsabilidad.<\/li>\n<li>Mejore la experiencia de los miembros y fomente el crecimiento de la comunidad manteniendo un ambiente limpio y acogedor.<\/li>\n<\/ul>\n","protected":false},"excerpt":{"rendered":"<p>El complemento de moderaci\u00f3n de YouZify BuddyPress, altamente considerado como una herramienta crucial, sirve como un activo indispensable para administrar y moderar de manera efectiva a su estimada comunidad de BuddyPress. Con una amplia gama de opciones de moderaci\u00f3n, este complemento ofrece una conveniencia incomparable para monitorear y ejercer control sobre la actividad del usuario en su sitio web. Gracias a las capacidades excepcionales que brindan la moderaci\u00f3n de Youzify BuddyPress, identificar r\u00e1pidamente y eliminar contenido inadecuado, obstruir la intrusi\u00f3n de cuentas de spam y mantener un entorno propicio para el bienestar de sus miembros nunca ha sido m\u00e1s f\u00e1cil. No hace falta decir que cualquier propietario prudente del sitio de BuddyPress que alberga un deseo genuino de salvaguardar la santidad y seguridad de su comunidad en l\u00ednea ser\u00eda prudente para priorizar la adquisici\u00f3n e implementaci\u00f3n de este complemento indispensable.<\/p>\n","protected":false},"featured_media":168699,"comment_status":"open","ping_status":"open","template":"","meta":[],"product_brand":[2654],"product_cat":[1325,1206,1211],"product_tag":[1732],"class_list":{"0":"post-111216","1":"product","2":"type-product","3":"status-publish","4":"has-post-thumbnail","6":"product_brand-kainelabs","7":"product_cat-afiliacion","8":"product_cat-plugins","9":"product_cat-wordpress-plugins","10":"product_tag-kainelabs","11":"member-discount","12":"discount-restricted","14":"first","15":"instock","16":"sale","17":"downloadable","18":"virtual","19":"sold-individually","20":"purchasable","21":"product-type-simple"},"_links":{"self":[{"href":"https:\/\/gpl-love.com\/es\/wp-json\/wp\/v2\/product\/111216","targetHints":{"allow":["GET"]}}],"collection":[{"href":"https:\/\/gpl-love.com\/es\/wp-json\/wp\/v2\/product"}],"about":[{"href":"https:\/\/gpl-love.com\/es\/wp-json\/wp\/v2\/types\/product"}],"replies":[{"embeddable":true,"href":"https:\/\/gpl-love.com\/es\/wp-json\/wp\/v2\/comments?post=111216"}],"wp:featuredmedia":[{"embeddable":true,"href":"https:\/\/gpl-love.com\/es\/wp-json\/wp\/v2\/media\/168699"}],"wp:attachment":[{"href":"https:\/\/gpl-love.com\/es\/wp-json\/wp\/v2\/media?parent=111216"}],"wp:term":[{"taxonomy":"product_brand","embeddable":true,"href":"https:\/\/gpl-love.com\/es\/wp-json\/wp\/v2\/product_brand?post=111216"},{"taxonomy":"product_cat","embeddable":true,"href":"https:\/\/gpl-love.com\/es\/wp-json\/wp\/v2\/product_cat?post=111216"},{"taxonomy":"product_tag","embeddable":true,"href":"https:\/\/gpl-love.com\/es\/wp-json\/wp\/v2\/product_tag?post=111216"}],"curies":[{"name":"wp","href":"https:\/\/api.w.org\/{rel}","templated":true}]}}