{"id":111208,"date":"2021-08-06T00:00:00","date_gmt":"2021-08-06T05:00:00","guid":{"rendered":"http:\/\/gpl-love.com\/es\/producto\/youzify-buddypress-block-members\/"},"modified":"2026-03-13T17:35:20","modified_gmt":"2026-03-13T22:35:20","slug":"youzify-buddypress-block-members","status":"publish","type":"product","link":"https:\/\/gpl-love.com\/es\/producto\/youzify-buddypress-block-members\/","title":{"rendered":"Youzify BuddyPress Block Members 2.0.0"},"content":{"rendered":"<h3>Youzify BuddyPress Block Members Caracteristicas<\/h3>\n<p>Los miembros de Youzify BuddyPress Block, un complemento de WordPress extremadamente influyente, otorga a los usuarios la capacidad de obstruir a otros miembros dentro de su red social BuddyPress. Con una interfaz sin complicaciones y centrada en el usuario, este complemento faculta sin esfuerzo a los usuarios evitar cualquier interacci\u00f3n indeseable. A trav\u00e9s de la utilizaci\u00f3n de esta herramienta invaluable, los usuarios administran sin problemas sus compromisos dentro de su red social, salvaguard\u00e1ndose efectivamente contra mensajes no deseados o encuentros injustificados con otros miembros. Sin lugar a dudas, la adquisici\u00f3n del complemento de miembros de Youzify BuddyPress Block es una necesidad indispensable para aquellos que buscan dominio absoluto sobre su red social BuddyPress.<\/p>\n<ul>\n<li>Bloquear a los miembros para acceder a ciertas caracter\u00edsticas de BuddyPress<\/li>\n<li>Restringir a los miembros espec\u00edficos de ver contenido en su sitio web<\/li>\n<li>Administrar f\u00e1cilmente los permisos y restricciones de los miembros<\/li>\n<li>Bloquear usuarios individuales o grupos completos<\/li>\n<li>Aumentar la seguridad y la privacidad en su sitio de BuddyPress<\/li>\n<li>Configuraci\u00f3n personalizable para satisfacer sus necesidades<\/li>\n<li>Interfaz f\u00e1cil de usar para una f\u00e1cil navegaci\u00f3n<\/li>\n<li>Compatible con los complementos de Yozify y BuddyPress<\/li>\n<li>Actualizaciones y apoyo de desarrolladores experimentados<\/li>\n<li>Puede ayudar a mejorar la experiencia del usuario y la gesti\u00f3n comunitaria en su sitio<\/li>\n<\/ul>\n","protected":false},"excerpt":{"rendered":"<p>Los miembros de Yoezify BuddyPress Block, una herramienta incre\u00edblemente poderosa, le otorga la capacidad de bloquear efectivamente a miembros indeseables dentro de su comunidad de BuddyPress. Este notable complemento cuenta con una interfaz simplista y f\u00e1cil de usar, facilitando as\u00ed la protecci\u00f3n perfecta de su comunidad contra los peligros del spam y el compromiso indeseable. Al utilizar las capacidades incomparables de los miembros de Yoezify BuddyPress Block, posee la capacidad de prohibir de inmediato y sin esfuerzo a cualquier miembro a quien perciba como inapropiado o potencialmente da\u00f1ino, asegurando as\u00ed la preservaci\u00f3n de un entorno comunitario seguro y agradable para todos los participantes. Ya sea que supervisa una amplia y extensa comunidad o un grupo m\u00e1s \u00edntimo y muy unido, este complemento se destaca como un activo indispensable para salvaguardar a su comunidad de una interferencia desagradable. Entonces, \u00bfpor qu\u00e9 retrasar m\u00e1s? No pierda el tiempo y adopte las tremendas ventajas que ofrecen los miembros de Yoozify BuddyPress Block al descargarlo de inmediato hoy, \u00a1lo que le permite impedir instant\u00e1neamente la infiltraci\u00f3n de miembros no deseados a trav\u00e9s de la mera ejecuci\u00f3n de unos pocos clics sin complicaciones!<\/p>\n","protected":false},"featured_media":168697,"comment_status":"open","ping_status":"open","template":"","meta":[],"product_brand":[2654],"product_cat":[1325,1206,1211],"product_tag":[1732],"class_list":{"0":"post-111208","1":"product","2":"type-product","3":"status-publish","4":"has-post-thumbnail","6":"product_brand-kainelabs","7":"product_cat-afiliacion","8":"product_cat-plugins","9":"product_cat-wordpress-plugins","10":"product_tag-kainelabs","11":"member-discount","12":"discount-restricted","14":"first","15":"instock","16":"sale","17":"downloadable","18":"virtual","19":"sold-individually","20":"purchasable","21":"product-type-simple"},"_links":{"self":[{"href":"https:\/\/gpl-love.com\/es\/wp-json\/wp\/v2\/product\/111208","targetHints":{"allow":["GET"]}}],"collection":[{"href":"https:\/\/gpl-love.com\/es\/wp-json\/wp\/v2\/product"}],"about":[{"href":"https:\/\/gpl-love.com\/es\/wp-json\/wp\/v2\/types\/product"}],"replies":[{"embeddable":true,"href":"https:\/\/gpl-love.com\/es\/wp-json\/wp\/v2\/comments?post=111208"}],"wp:featuredmedia":[{"embeddable":true,"href":"https:\/\/gpl-love.com\/es\/wp-json\/wp\/v2\/media\/168697"}],"wp:attachment":[{"href":"https:\/\/gpl-love.com\/es\/wp-json\/wp\/v2\/media?parent=111208"}],"wp:term":[{"taxonomy":"product_brand","embeddable":true,"href":"https:\/\/gpl-love.com\/es\/wp-json\/wp\/v2\/product_brand?post=111208"},{"taxonomy":"product_cat","embeddable":true,"href":"https:\/\/gpl-love.com\/es\/wp-json\/wp\/v2\/product_cat?post=111208"},{"taxonomy":"product_tag","embeddable":true,"href":"https:\/\/gpl-love.com\/es\/wp-json\/wp\/v2\/product_tag?post=111208"}],"curies":[{"name":"wp","href":"https:\/\/api.w.org\/{rel}","templated":true}]}}