{"id":111204,"date":"2021-08-06T00:00:00","date_gmt":"2021-08-06T05:00:00","guid":{"rendered":"http:\/\/gpl-love.com\/es\/producto\/youzify-buddypress-mycred-integration\/"},"modified":"2026-03-13T17:35:22","modified_gmt":"2026-03-13T22:35:22","slug":"youzify-buddypress-mycred-integration","status":"publish","type":"product","link":"https:\/\/gpl-love.com\/es\/producto\/youzify-buddypress-mycred-integration\/","title":{"rendered":"Youzify BuddyPress MyCRED Integration 2.0.0"},"content":{"rendered":"<h3>Youzify BuddyPress MyCRED Integration Caracteristicas<\/h3>\n<p>La integraci\u00f3n MyCred de Youzify BuddyPress se ha desarrollado ingeniosamente como una herramienta muy robusta y eficiente, dise\u00f1ada meticulosamente para amplificar y aumentar sustancialmente la experiencia general del usuario dentro de la comunidad de BuddyPress. Este complemento excepcional faculta a los usuarios con la extraordinaria capacidad de acumular y acumular recompensas e incentivos al aprovechar el notable sistema de puntos MyCred, que posteriormente se puede redimir espl\u00e9ndidamente para desbloquear una amplia gama de diversas ventajas y beneficios ventajosos. Una integraci\u00f3n perfecta con BuddyPress amalgama sin problemas y fusiona sin problemas las funcionalidades de ambas plataformas, lo que permite a los usuarios acceder sin esfuerzo y convenientemente sus puntos individuales, clasificaciones y logros dentro de la comunidad en general. Sin lugar a dudas, este complemento fenomenal sin duda es una adici\u00f3n excepcionalmente encomiable e invaluable a cualquier sitio web de BuddyPress, proporcionando diligentemente un modo incre\u00edblemente agradable y cautivador para galvanizar de manera efectiva a los usuarios y aumentar significativamente su participaci\u00f3n e participaci\u00f3n dentro de la comunidad pr\u00f3spera.<\/p>\n<ul>\n<li>Integra a Yoezify y BuddyPress a la perfecci\u00f3n, permitiendo una plataforma de comunidad social completamente funcional<\/li>\n<li>Utiliza la plataforma MyCred, proporcionando un sistema de puntos y recompensas para incentivar la participaci\u00f3n y actividad del usuario<\/li>\n<li>La configuraci\u00f3n personalizable permite el control de administrador sobre los puntos otorgados por diversas acciones, como publicar contenido o participar con otros<\/li>\n<li>La integraci\u00f3n tambi\u00e9n permite que los perfiles de usuario muestren los saldos de puntos MyCred y otra informaci\u00f3n relevante<\/li>\n<li>Compatible con una variedad de otros complementos y extensiones, lo que permite una personalizaci\u00f3n y funcionalidad a\u00fan mayor dentro de la plataforma<\/li>\n<li>La interfaz f\u00e1cil de usar y el proceso de instalaci\u00f3n simple facilitan que cualquier persona configure y comience a usar la integraci\u00f3n<\/li>\n<li>Mejora la experiencia general del usuario incentivando el compromiso y proporcionando una forma divertida e interactiva para que los usuarios interact\u00faen y se conecten entre s\u00ed.<\/li>\n<\/ul>\n","protected":false},"excerpt":{"rendered":"<p>La integraci\u00f3n MyCred de Yoozify BuddyPress es un complemento excepcionalmente robusto que ha sido ingeniosamente dise\u00f1ado para aumentar y enriquecer su experiencia general de comunidad en l\u00ednea. Fusiona sin problemas las funcionalidades de dos complementos de WordPress altamente aclamados, a saber, BuddyPress y MyCred, lo que le brinda una red social integral e integral repleta de un notable sistema de recompensas. Este complemento sin precedentes le permite establecer y cultivar una comunidad vibrante e interactiva en la que los miembros pueden acumular puntos sin esfuerzo a trav\u00e9s de sus diversas actividades, fomentando as\u00ed una cultura de conducta positiva y, en \u00faltima instancia, cultivando lealtad inquebrantable entre sus constituyentes. Adem\u00e1s, cuenta con una variedad de entornos avanzados que le otorgan una amplia libertad para adaptar el sistema de recompensas de acuerdo con sus exigencias individuales y distintivas. Ya sea que est\u00e9 al frente de una pr\u00f3spera empresa comercial o una organizaci\u00f3n caritativa sin fines de lucro, la integraci\u00f3n perfecta ofrecida por este complemento sin duda demostrar\u00e1 ser fundamental en la creaci\u00f3n y el cultivo de una comunidad activamente comprometida.<\/p>\n","protected":false},"featured_media":168700,"comment_status":"open","ping_status":"open","template":"","meta":[],"product_brand":[2654],"product_cat":[1325,1206,1211],"product_tag":[1732],"class_list":{"0":"post-111204","1":"product","2":"type-product","3":"status-publish","4":"has-post-thumbnail","6":"product_brand-kainelabs","7":"product_cat-afiliacion","8":"product_cat-plugins","9":"product_cat-wordpress-plugins","10":"product_tag-kainelabs","11":"member-discount","12":"discount-restricted","14":"first","15":"instock","16":"sale","17":"downloadable","18":"virtual","19":"sold-individually","20":"purchasable","21":"product-type-simple"},"_links":{"self":[{"href":"https:\/\/gpl-love.com\/es\/wp-json\/wp\/v2\/product\/111204","targetHints":{"allow":["GET"]}}],"collection":[{"href":"https:\/\/gpl-love.com\/es\/wp-json\/wp\/v2\/product"}],"about":[{"href":"https:\/\/gpl-love.com\/es\/wp-json\/wp\/v2\/types\/product"}],"replies":[{"embeddable":true,"href":"https:\/\/gpl-love.com\/es\/wp-json\/wp\/v2\/comments?post=111204"}],"wp:featuredmedia":[{"embeddable":true,"href":"https:\/\/gpl-love.com\/es\/wp-json\/wp\/v2\/media\/168700"}],"wp:attachment":[{"href":"https:\/\/gpl-love.com\/es\/wp-json\/wp\/v2\/media?parent=111204"}],"wp:term":[{"taxonomy":"product_brand","embeddable":true,"href":"https:\/\/gpl-love.com\/es\/wp-json\/wp\/v2\/product_brand?post=111204"},{"taxonomy":"product_cat","embeddable":true,"href":"https:\/\/gpl-love.com\/es\/wp-json\/wp\/v2\/product_cat?post=111204"},{"taxonomy":"product_tag","embeddable":true,"href":"https:\/\/gpl-love.com\/es\/wp-json\/wp\/v2\/product_tag?post=111204"}],"curies":[{"name":"wp","href":"https:\/\/api.w.org\/{rel}","templated":true}]}}