{"id":111202,"date":"2025-11-26T00:00:00","date_gmt":"2025-11-26T05:00:00","guid":{"rendered":"http:\/\/gpl-love.com\/es\/producto\/learndash-notes\/"},"modified":"2026-03-09T07:46:15","modified_gmt":"2026-03-09T12:46:15","slug":"learndash-notes","status":"publish","type":"product","link":"https:\/\/gpl-love.com\/es\/producto\/learndash-notes\/","title":{"rendered":"LearnDash LMS Notes 2.0.1"},"content":{"rendered":"<h3>LearnDash LMS Notes Caracteristicas<\/h3>\n<p>LearnDash Notes, un sistema de gesti\u00f3n de aprendizaje altamente f\u00e1cil de usar y notablemente eficiente, sirve como una plataforma notable para que los estudiantes anote meticulosamente sus pensamientos y preserven sin problemas su avance acad\u00e9mico a lo largo de su extensa expedici\u00f3n educativa en l\u00ednea. Con la ayuda de las notas de LearnDash, los estudiantes pueden registrar sin esfuerzo sus observaciones y reflexiones sobre varios materiales del curso, clasificarlos acertadamente en secciones espec\u00edficas y acceder sin esfuerzo a su m\u00e1xima conveniencia, independientemente de la hora o la ubicaci\u00f3n. Adem\u00e1s, esta herramienta invaluable permite a los estudiantes participar activamente en esfuerzos de colaboraci\u00f3n con sus compa\u00f1eros e instructores, facilitando as\u00ed un entorno donde las ideas y la retroalimentaci\u00f3n se pueden intercambiar instant\u00e1neamente, en tiempo real. Este sistema meticulosamente dise\u00f1ado tiene como objetivo fundamentalmente aumentar la experiencia general de aprendizaje, lo que permite a los estudiantes concentrarse de todo coraz\u00f3n en sus estudios, libre de la angustiosa preocupaci\u00f3n de perder su progreso ganado con tanto esfuerzo. En particular, la incorporaci\u00f3n de las notas de LearnDash en cualquier plataforma educativa en l\u00ednea demuestra ser una adici\u00f3n excepcional, ya que no solo permite a los estudiantes monitorear y evaluar meticulosamente su crecimiento personal, sino que tambi\u00e9n proporciona una v\u00eda invaluable para compartir ideas profundas y desarrollar habilidades cruciales. de manera muy efectiva.<\/p>\n<ul>\n<li>Tome notas sin esfuerzo mientras usa LearnDash<\/li>\n<li>Realice un seguimiento de la informaci\u00f3n importante en una ubicaci\u00f3n central<\/li>\n<li>Mejore sus sesiones de estudio y revisi\u00f3n con notas personalizadas<\/li>\n<li>Notas de referencia f\u00e1cilmente durante los cursos y los ex\u00e1menes<\/li>\n<li>No hay necesidad de cambiar de un lado a otro entre AprendsDash y las aplicaciones de toma de notas externas<\/li>\n<li>Interfaz simple e intuitiva para tomar notas r\u00e1pidas sobre la marcha<\/li>\n<li>Compatible con dispositivos de escritorio y m\u00f3viles para un f\u00e1cil acceso desde cualquier lugar<\/li>\n<li>Organizar notas por curso, m\u00f3dulo y tema para estudiar simplificado<\/li>\n<li>Aligue su proceso de estudio y mejore su rendimiento general a trav\u00e9s de la toma de notas personalizada con notas LearnDash.<\/li>\n<\/ul>\n","protected":false},"excerpt":{"rendered":"<p>LearnDash Notes es un complemento muy robusto y rico en funciones, repleto de una gran cantidad de funcionalidades, capacitar a los usuarios para tomar notas sin esfuerzo y almacenar informaci\u00f3n indispensable meticulosamente durante el estudio de diversos cursos en la plataforma. Esta notable herramienta evita efectivamente la exigencia del alternativo incesante entre innumerables aplicaciones al tiempo que examina el material del curso, lo que genera un sentido mejorado de organizaci\u00f3n y eficiencia en la ardua b\u00fasqueda del conocimiento. Con la capacidad de crear, editar y eliminar notas sin problemas con la m\u00e1xima facilidad, los usuarios reciben una oportunidad incomparable para documentar exhaustivamente y rastrear meticulosamente su progreso. Adem\u00e1s, el complemento se jacta de una interfaz de usuario excepcionalmente intuitiva, asegurando una integraci\u00f3n sin fricci\u00f3n y perfecta con LearnDash, lo que permite a los usuarios aprovechar eficazmente el poder de la funcionalidad de b\u00fasqueda avanzada para localizar r\u00e1pidamente y expeditablemente sus notas meticulosamente elaboradas. \u00a1No pierda el tiempo, querido alumno, y aproveche el potencial transformador de las notas de LearnDash para racionalizar eficazmente su proceso de aprendizaje hoy!<\/p>\n","protected":false},"featured_media":166586,"comment_status":"open","ping_status":"open","template":"","meta":[],"product_brand":[2483],"product_cat":[1214,1206,1211],"product_tag":[1320],"class_list":{"0":"post-111202","1":"product","2":"type-product","3":"status-publish","4":"has-post-thumbnail","6":"product_brand-learndash","7":"product_cat-personalizacion","8":"product_cat-plugins","9":"product_cat-wordpress-plugins","10":"product_tag-learndash","11":"member-discount","12":"discount-restricted","14":"first","15":"instock","16":"sale","17":"downloadable","18":"virtual","19":"sold-individually","20":"purchasable","21":"product-type-simple"},"_links":{"self":[{"href":"https:\/\/gpl-love.com\/es\/wp-json\/wp\/v2\/product\/111202","targetHints":{"allow":["GET"]}}],"collection":[{"href":"https:\/\/gpl-love.com\/es\/wp-json\/wp\/v2\/product"}],"about":[{"href":"https:\/\/gpl-love.com\/es\/wp-json\/wp\/v2\/types\/product"}],"replies":[{"embeddable":true,"href":"https:\/\/gpl-love.com\/es\/wp-json\/wp\/v2\/comments?post=111202"}],"wp:featuredmedia":[{"embeddable":true,"href":"https:\/\/gpl-love.com\/es\/wp-json\/wp\/v2\/media\/166586"}],"wp:attachment":[{"href":"https:\/\/gpl-love.com\/es\/wp-json\/wp\/v2\/media?parent=111202"}],"wp:term":[{"taxonomy":"product_brand","embeddable":true,"href":"https:\/\/gpl-love.com\/es\/wp-json\/wp\/v2\/product_brand?post=111202"},{"taxonomy":"product_cat","embeddable":true,"href":"https:\/\/gpl-love.com\/es\/wp-json\/wp\/v2\/product_cat?post=111202"},{"taxonomy":"product_tag","embeddable":true,"href":"https:\/\/gpl-love.com\/es\/wp-json\/wp\/v2\/product_tag?post=111202"}],"curies":[{"name":"wp","href":"https:\/\/api.w.org\/{rel}","templated":true}]}}