{"id":111198,"date":"2022-08-30T00:00:00","date_gmt":"2022-08-30T05:00:00","guid":{"rendered":"http:\/\/gpl-love.com\/es\/producto\/learndash-lms-slack-integration\/"},"modified":"2026-03-09T07:46:08","modified_gmt":"2026-03-09T12:46:08","slug":"learndash-lms-slack-integration","status":"publish","type":"product","link":"https:\/\/gpl-love.com\/es\/producto\/learndash-lms-slack-integration\/","title":{"rendered":"LearnDash LMS Slack Integration 1.4.0"},"content":{"rendered":"<h3>LearnDash LMS Slack Integration Caracteristicas<\/h3>\n<p>La integraci\u00f3n de Slack LMS de LearnDash proporciona una soluci\u00f3n robusta y efectiva, asegurando un flujo de informaci\u00f3n sin interrupciones e ininterrumpidas entre su plataforma de aprendizaje en l\u00ednea y la aplicaci\u00f3n de mensajer\u00eda de renombre, Slack. Al integrar estas dos plataformas, puede recibir notificaciones en tiempo real sin esfuerzo con respecto al progreso de sus cursos, los resultados de los cuestionarios y las actividades de los usuarios, todas directamente dentro de sus canales flojos designados. Esta integraci\u00f3n permite a los instructores, estudiantes y administradores participar en una comunicaci\u00f3n m\u00e1s r\u00e1pida y eficiente, acelerando efectivamente el proceso de educaci\u00f3n en l\u00ednea. Adem\u00e1s, el proceso de configuraci\u00f3n es sencillo y se puede adaptar f\u00e1cilmente para cumplir con los requisitos espec\u00edficos de su organizaci\u00f3n. Al incorporar la integraci\u00f3n de Slack Lears LMS, est\u00e1 listo para elevar su experiencia de aprendizaje en l\u00ednea, amplificar la colaboraci\u00f3n y fomentar la comunicaci\u00f3n mejorada.<\/p>\n<ul>\n<li>Integre a la perfecci\u00f3n LearnDash LMS con Slack<\/li>\n<li>Reciba notificaciones en tiempo real sobre la actividad del curso en sus canales Slack<\/li>\n<li>Rastrear f\u00e1cilmente el progreso y la finalizaci\u00f3n del estudiante a trav\u00e9s de Slack<\/li>\n<li>Ahorre tiempo y aumente la productividad con actualizaciones y recordatorios autom\u00e1ticos<\/li>\n<li>Personalizar notificaciones para satisfacer sus necesidades y preferencias espec\u00edficas<\/li>\n<li>Mejorar la comunicaci\u00f3n y la colaboraci\u00f3n entre los creadores y estudiantes de los cursos<\/li>\n<li>Compatible con LearnDash y LearnDash Pro, as\u00ed como las aplicaciones web y m\u00f3viles de Slack<\/li>\n<li>Instalaci\u00f3n simple y de un solo clic en proceso de configuraci\u00f3n<\/li>\n<li>Ideal para educadores, capacitadores y empresas que utilizan Learsh LMS para administrar sus cursos en l\u00ednea<\/li>\n<\/ul>\n","protected":false},"excerpt":{"rendered":"<p>La integraci\u00f3n de Slack LMS de LearnDash es una herramienta incre\u00edblemente robusta y avanzada que facilita una conexi\u00f3n perfecta entre su plataforma LearnDash LMS y Slack. Esta integraci\u00f3n sirve como un medio para adquirir sin esfuerzo notificaciones en tiempo real con respecto a las actividades del curso, automatizar el proceso de inscripci\u00f3n para cursos y permanecer completamente informado sobre el progreso del curso LearnDash directamente dentro de Slack. Adem\u00e1s, sirve como un m\u00e9todo excepcional para optimizar efectivamente la comunicaci\u00f3n y reducir significativamente la cantidad de tiempo y esfuerzo gastado al administrar sus cursos de LearnDash. Adem\u00e1s, vale la pena se\u00f1alar que esta integraci\u00f3n es incre\u00edblemente f\u00e1cil de usar, ya que requiere un esfuerzo m\u00ednimo para instalar y utilizar. En consecuencia, representa la soluci\u00f3n ideal para empresas y organizaciones de cualquier naturaleza que utilice LearnDash y Slack como componentes integrales de sus operaciones.<\/p>\n","protected":false},"featured_media":166582,"comment_status":"open","ping_status":"open","template":"","meta":[],"product_brand":[2483],"product_cat":[1212,1206,1211],"product_tag":[1320],"class_list":{"0":"post-111198","1":"product","2":"type-product","3":"status-publish","4":"has-post-thumbnail","6":"product_brand-learndash","7":"product_cat-administracion-wordpress-plugins","8":"product_cat-plugins","9":"product_cat-wordpress-plugins","10":"product_tag-learndash","11":"member-discount","12":"discount-restricted","14":"first","15":"instock","16":"sale","17":"downloadable","18":"virtual","19":"sold-individually","20":"purchasable","21":"product-type-simple"},"_links":{"self":[{"href":"https:\/\/gpl-love.com\/es\/wp-json\/wp\/v2\/product\/111198","targetHints":{"allow":["GET"]}}],"collection":[{"href":"https:\/\/gpl-love.com\/es\/wp-json\/wp\/v2\/product"}],"about":[{"href":"https:\/\/gpl-love.com\/es\/wp-json\/wp\/v2\/types\/product"}],"replies":[{"embeddable":true,"href":"https:\/\/gpl-love.com\/es\/wp-json\/wp\/v2\/comments?post=111198"}],"wp:featuredmedia":[{"embeddable":true,"href":"https:\/\/gpl-love.com\/es\/wp-json\/wp\/v2\/media\/166582"}],"wp:attachment":[{"href":"https:\/\/gpl-love.com\/es\/wp-json\/wp\/v2\/media?parent=111198"}],"wp:term":[{"taxonomy":"product_brand","embeddable":true,"href":"https:\/\/gpl-love.com\/es\/wp-json\/wp\/v2\/product_brand?post=111198"},{"taxonomy":"product_cat","embeddable":true,"href":"https:\/\/gpl-love.com\/es\/wp-json\/wp\/v2\/product_cat?post=111198"},{"taxonomy":"product_tag","embeddable":true,"href":"https:\/\/gpl-love.com\/es\/wp-json\/wp\/v2\/product_tag?post=111198"}],"curies":[{"name":"wp","href":"https:\/\/api.w.org\/{rel}","templated":true}]}}