{"id":111196,"date":"2026-01-10T00:00:00","date_gmt":"2026-01-10T05:00:00","guid":{"rendered":"http:\/\/gpl-love.com\/es\/producto\/learndash-lms-propanel-addon\/"},"modified":"2026-03-09T07:46:06","modified_gmt":"2026-03-09T12:46:06","slug":"learndash-lms-propanel-addon","status":"publish","type":"product","link":"https:\/\/gpl-love.com\/es\/producto\/learndash-lms-propanel-addon\/","title":{"rendered":"LearnDash LMS Pro Panel Addon 3.0.4"},"content":{"rendered":"<h3>LearnDash LMS Pro Panel Addon Caracteristicas<\/h3>\n<p>El complemento de propanel Leardh LMS, que es una herramienta notablemente robusta, ha sido dise\u00f1ada espec\u00edficamente para aumentar de manera efectiva la funcionalidad del sistema de gesti\u00f3n de aprendizaje LearnDash. Este complemento incre\u00edblemente valioso sirve para empoderar a los administradores al dotarlos con un tablero que lo abarca todo, proporcion\u00e1ndoles as\u00ed la autoridad y el control sobre su programa de aprendizaje electr\u00f3nico. En virtud del complemento de propanel, los administradores se vuelven capaces de administrar sin problemas las cuentas de los usuarios, rastrear diligentemente el progreso del curso, examinar meticulosamente los informes en profundidad e incluso reconocer logros meritorios a trav\u00e9s de la conferencia de certificados e insignias. Adem\u00e1s, la exquisitabilidad exquisita del complemento permite a los administradores dise\u00f1ar sus propios informes a medida y contemplar datos a trav\u00e9s de una variedad de lentes alternativas. Sin lugar a dudas, esta herramienta indispensable es un imperativo absoluto para cualquier instituci\u00f3n educativa o negocio que anhele fomentar la optimizaci\u00f3n de su programa de aprendizaje electr\u00f3nico y mejorar el rendimiento general.<\/p>\n<ul>\n<li>Proporciona informes y an\u00e1lisis integrales para LearsDash LMS<\/li>\n<li>Permite a los administradores del sitio y el curso ver los datos detallados del progreso y la finalizaci\u00f3n del curso<\/li>\n<li>Permite las opciones personalizadas de informes y exportaci\u00f3n de datos<\/li>\n<li>Ofrece informaci\u00f3n sobre la participaci\u00f3n de los estudiantes y la efectividad del curso<\/li>\n<li>Simplifica la gesti\u00f3n de grandes cursos y grupos de estudiantes<\/li>\n<li>Interfaz f\u00e1cil de usar para un acceso r\u00e1pido a informaci\u00f3n importante<\/li>\n<li>Panel de control personalizable para visualizaci\u00f3n de datos personalizadas<\/li>\n<li>Integraci\u00f3n con herramientas populares de marketing y comercio electr\u00f3nico para una mejor participaci\u00f3n de ROI y usuarios<\/li>\n<li>Caracter\u00edsticas de seguridad l\u00edderes en la industria para protecci\u00f3n de datos y privacidad.<\/li>\n<\/ul>\n","protected":false},"excerpt":{"rendered":"<p>El complemento de propanel Learsh LMS, una herramienta muy robusta, capacita a los administradores al equiparlos con un tablero centralizado destinado a facilitar la gesti\u00f3n y el monitoreo de su programa de aprendizaje electr\u00f3nico. No solo proporciona informes completos de los usuarios, sino que tambi\u00e9n les permite rastrear el progreso de los estudiantes y participar en una comunicaci\u00f3n directa con los alumnos a trav\u00e9s de la interfaz propanel f\u00e1cil de usar. Al incorporar este complemento indispensable en su sistema de gesti\u00f3n de aprendizaje LearnDash, puede amplificar sin esfuerzo tanto la eficacia como la eficiencia de sus esfuerzos educativos.<\/p>\n","protected":false},"featured_media":166581,"comment_status":"open","ping_status":"open","template":"","meta":[],"product_brand":[2483],"product_cat":[1214,1206,1211],"product_tag":[1320],"class_list":{"0":"post-111196","1":"product","2":"type-product","3":"status-publish","4":"has-post-thumbnail","6":"product_brand-learndash","7":"product_cat-personalizacion","8":"product_cat-plugins","9":"product_cat-wordpress-plugins","10":"product_tag-learndash","11":"member-discount","12":"discount-restricted","14":"first","15":"instock","16":"sale","17":"downloadable","18":"virtual","19":"sold-individually","20":"purchasable","21":"product-type-simple"},"_links":{"self":[{"href":"https:\/\/gpl-love.com\/es\/wp-json\/wp\/v2\/product\/111196","targetHints":{"allow":["GET"]}}],"collection":[{"href":"https:\/\/gpl-love.com\/es\/wp-json\/wp\/v2\/product"}],"about":[{"href":"https:\/\/gpl-love.com\/es\/wp-json\/wp\/v2\/types\/product"}],"replies":[{"embeddable":true,"href":"https:\/\/gpl-love.com\/es\/wp-json\/wp\/v2\/comments?post=111196"}],"wp:featuredmedia":[{"embeddable":true,"href":"https:\/\/gpl-love.com\/es\/wp-json\/wp\/v2\/media\/166581"}],"wp:attachment":[{"href":"https:\/\/gpl-love.com\/es\/wp-json\/wp\/v2\/media?parent=111196"}],"wp:term":[{"taxonomy":"product_brand","embeddable":true,"href":"https:\/\/gpl-love.com\/es\/wp-json\/wp\/v2\/product_brand?post=111196"},{"taxonomy":"product_cat","embeddable":true,"href":"https:\/\/gpl-love.com\/es\/wp-json\/wp\/v2\/product_cat?post=111196"},{"taxonomy":"product_tag","embeddable":true,"href":"https:\/\/gpl-love.com\/es\/wp-json\/wp\/v2\/product_tag?post=111196"}],"curies":[{"name":"wp","href":"https:\/\/api.w.org\/{rel}","templated":true}]}}