{"id":111194,"date":"2022-10-12T00:00:00","date_gmt":"2022-10-12T05:00:00","guid":{"rendered":"http:\/\/gpl-love.com\/es\/producto\/learndash-lms-mailchimp-integration\/"},"modified":"2026-03-09T07:46:05","modified_gmt":"2026-03-09T12:46:05","slug":"learndash-lms-mailchimp-integration","status":"publish","type":"product","link":"https:\/\/gpl-love.com\/es\/producto\/learndash-lms-mailchimp-integration\/","title":{"rendered":"LearnDash LMS MailChimp Integration 1.5.0"},"content":{"rendered":"<h3>LearnDash LMS MailChimp Integration Caracteristicas<\/h3>\n<p>La integraci\u00f3n LearchDash LMS MailChimp es una herramienta incre\u00edblemente robusta y potente que brinda a los usuarios la notable capacidad de integrar sin esfuerzo y sin problemas sus cursos de LearnDash con la aclamada plataforma de marketing de correo electr\u00f3nico de MailChimp. Esta notable integraci\u00f3n sirve para ahorrar mucho tiempo y energ\u00eda al automatizar efectivamente el proceso tedioso y lento de enviar campa\u00f1as de correo electr\u00f3nico a los estudiantes que se han inscrito con entusiasmo en un curso espec\u00edfico. Con la integraci\u00f3n LearDash LMS MailChimp a su disposici\u00f3n, los usuarios no solo est\u00e1n equipados con capacidades de marketing por correo electr\u00f3nico de \u00faltima generaci\u00f3n y avanzados, sino que tambi\u00e9n adquieren ideas invaluables e incomparables sobre el mundo intrincado y matizado del comportamiento y el rendimiento de los estudiantes. Esta herramienta invaluable y de vanguardia est\u00e1 exquisitamente adaptada para satisfacer las necesidades y requisitos \u00fanicos de los educadores, entrenadores, as\u00ed como varias organizaciones que est\u00e1n profundamente comprometidas con la entrega perfecta y simplificada de sus cursos en l\u00ednea de primer nivel, mejorando significativamente y mejoran significativamente Aumentar la participaci\u00f3n de los estudiantes en alturas sin precedentes.<\/p>\n<ul>\n<li>Integre a la perfecci\u00f3n LearnDash LMS con MailChimp<\/li>\n<li>Agregue autom\u00e1ticamente a los estudiantes a las listas designadas de MailChimp cuando se registren para cursos<\/li>\n<li>Administrar f\u00e1cilmente listas de correo y campa\u00f1as desde una ubicaci\u00f3n central<\/li>\n<li>Enviar recordatorios y actualizaciones automatizadas a los estudiantes por correo electr\u00f3nico<\/li>\n<li>Aumentar el compromiso y la retenci\u00f3n manteniendo a los estudiantes actualizados sobre el progreso del curso y los pr\u00f3ximos eventos<\/li>\n<li>Personalizar correos electr\u00f3nicos con etiquetas de fusi\u00f3n din\u00e1mica para un toque personalizado<\/li>\n<li>Simplifique el proceso de gesti\u00f3n de los esfuerzos de comunicaci\u00f3n y marketing de los estudiantes.<\/li>\n<li>Acceda a informes detallados y an\u00e1lisis para rastrear el rendimiento del correo electr\u00f3nico y la participaci\u00f3n de la audiencia.<\/li>\n<\/ul>\n","protected":false},"excerpt":{"rendered":"<p>Utilizando nuestra integraci\u00f3n de LMSChimp LearnDash LMS de vanguardia, las personas pueden administrar de manera efectiva y eficiente sus campa\u00f1as de marketing por correo electr\u00f3nico. Al sincronizar a la perfecci\u00f3n los valiosos datos de usuarios de aprendizaje LMS con su estimada cuenta de MailChimp, los usuarios pueden dise\u00f1ar campa\u00f1as de correo electr\u00f3nico y boletines de correo electr\u00f3nico a medida, atendiendo meticulosamente los intereses distintos de sus alumnos. Adem\u00e1s, esta integraci\u00f3n tambi\u00e9n faculta a las personas para monitorear y evaluar de cerca los avances e interacciones de los alumnos con el contenido proporcionado. Independientemente de si uno opera como propietario de una peque\u00f1a empresa o como un estimado educador en l\u00ednea, esta integraci\u00f3n sirve indudablemente como una herramienta indispensable, lo que permite a las personas mantener una ventaja competitiva y impulsar sus negocios a alturas sin precedentes.<\/p>\n","protected":false},"featured_media":166580,"comment_status":"open","ping_status":"open","template":"","meta":[],"product_brand":[2483],"product_cat":[1232,1206,1211],"product_tag":[1320],"class_list":{"0":"post-111194","1":"product","2":"type-product","3":"status-publish","4":"has-post-thumbnail","6":"product_brand-learndash","7":"product_cat-marketing-wordpress-plugins","8":"product_cat-plugins","9":"product_cat-wordpress-plugins","10":"product_tag-learndash","11":"member-discount","12":"discount-restricted","14":"first","15":"instock","16":"sale","17":"downloadable","18":"virtual","19":"sold-individually","20":"purchasable","21":"product-type-simple"},"_links":{"self":[{"href":"https:\/\/gpl-love.com\/es\/wp-json\/wp\/v2\/product\/111194","targetHints":{"allow":["GET"]}}],"collection":[{"href":"https:\/\/gpl-love.com\/es\/wp-json\/wp\/v2\/product"}],"about":[{"href":"https:\/\/gpl-love.com\/es\/wp-json\/wp\/v2\/types\/product"}],"replies":[{"embeddable":true,"href":"https:\/\/gpl-love.com\/es\/wp-json\/wp\/v2\/comments?post=111194"}],"wp:featuredmedia":[{"embeddable":true,"href":"https:\/\/gpl-love.com\/es\/wp-json\/wp\/v2\/media\/166580"}],"wp:attachment":[{"href":"https:\/\/gpl-love.com\/es\/wp-json\/wp\/v2\/media?parent=111194"}],"wp:term":[{"taxonomy":"product_brand","embeddable":true,"href":"https:\/\/gpl-love.com\/es\/wp-json\/wp\/v2\/product_brand?post=111194"},{"taxonomy":"product_cat","embeddable":true,"href":"https:\/\/gpl-love.com\/es\/wp-json\/wp\/v2\/product_cat?post=111194"},{"taxonomy":"product_tag","embeddable":true,"href":"https:\/\/gpl-love.com\/es\/wp-json\/wp\/v2\/product_tag?post=111194"}],"curies":[{"name":"wp","href":"https:\/\/api.w.org\/{rel}","templated":true}]}}