{"id":111192,"date":"2026-01-10T00:00:00","date_gmt":"2026-01-10T05:00:00","guid":{"rendered":"http:\/\/gpl-love.com\/es\/producto\/learndash-lms-gradebook\/"},"modified":"2026-03-09T07:46:03","modified_gmt":"2026-03-09T12:46:03","slug":"learndash-lms-gradebook","status":"publish","type":"product","link":"https:\/\/gpl-love.com\/es\/producto\/learndash-lms-gradebook\/","title":{"rendered":"LearnDash LMS Gradebook 4.3.3"},"content":{"rendered":"<h3>LearnDash LMS Gradebook Caracteristicas<\/h3>\n<p>LearnDash LMS Gradebook, una herramienta indispensable para administradores y educadores que buscan administrar y monitorear de manera efectiva el progreso de los estudiantes, ofrece una multitud de caracter\u00edsticas. Este complemento permite la creaci\u00f3n de escalas de calificaci\u00f3n personalizadas, la asignaci\u00f3n de calificaciones a los concursos y la visualizaci\u00f3n en tiempo real de los informes de progreso de los estudiantes. Al proporcionar informaci\u00f3n integral sobre el rendimiento y el compromiso, los educadores pueden identificar \u00e1reas para mejorar, reconocer a los estudiantes de alto rendimiento y entregar comentarios personalizados a cada individuo. Adem\u00e1s, la interfaz f\u00e1cil de usar garantiza la facilidad de uso, incluso para aquellos que carecen de competencia t\u00e9cnica, mientras que su integraci\u00f3n perfecta con LearnDash lo convierte en una adici\u00f3n perfecta a cualquier plataforma de aprendizaje en l\u00ednea. Ya sea que est\u00e9 supervisando un curso en l\u00ednea, facilitando la capacitaci\u00f3n corporativa o que ofrezca educaci\u00f3n continua, el libro de calificaciones LearnDash LMS es una necesidad absoluta para obtener resultados de aprendizaje \u00f3ptimos.<\/p>\n<ul>\n<li>Administrar y rastrear eficientemente las calificaciones de los estudiantes<\/li>\n<li>Personalizar escalas de calificaci\u00f3n y calificaciones de peso en consecuencia<\/li>\n<li>Genere informes detallados sobre el progreso y el rendimiento del estudiante<\/li>\n<li>Integre a la perfecci\u00f3n con LearnDash LMS<\/li>\n<li>Proporcionar interfaz f\u00e1cil de usar para instructores y administradores<\/li>\n<li>Permitir un an\u00e1lisis detallado del rendimiento del estudiante en cursos individuales o en todo el LMS<\/li>\n<\/ul>\n","protected":false},"excerpt":{"rendered":"<p>El LearnDash Learning Management System (LMS) Gradebook es una herramienta incre\u00edblemente robusta y altamente efectiva que le otorga la capacidad de supervisar y monitorear sin esfuerzo el avance y los logros de sus alumnos dentro de sus respectivos cursos en l\u00ednea. Al utilizar esta herramienta excepcional, se le brinda la oportunidad de profundizar en informes exhaustivos e integrales que detallan el rendimiento de cada estudiante individual, monitorean sin esfuerzo las tasas de finalizaci\u00f3n y asignan sin esfuerzo las calificaciones y brindan comentarios invaluables. El dise\u00f1o intuitivamente elaborado y la amplia gama de opciones personalizables contribuyen a\u00fan m\u00e1s a la extraordinaria facilidad de uso tanto para los instructores como para los estudiantes. Al integrar el libro de calificaciones LearnDash LMS en sus esfuerzos educativos, puede racionalizar y acelerar el proceso de calificaci\u00f3n, ahorrando en \u00faltima instancia un tiempo precioso y proporcionando a sus estudiantes informaci\u00f3n indispensable para facilitar su \u00e9xito general.<\/p>\n","protected":false},"featured_media":166579,"comment_status":"open","ping_status":"open","template":"","meta":[],"product_brand":[2483],"product_cat":[1214,1206,1211],"product_tag":[1320],"class_list":{"0":"post-111192","1":"product","2":"type-product","3":"status-publish","4":"has-post-thumbnail","6":"product_brand-learndash","7":"product_cat-personalizacion","8":"product_cat-plugins","9":"product_cat-wordpress-plugins","10":"product_tag-learndash","11":"member-discount","12":"discount-restricted","14":"first","15":"instock","16":"sale","17":"downloadable","18":"virtual","19":"sold-individually","20":"purchasable","21":"product-type-simple"},"_links":{"self":[{"href":"https:\/\/gpl-love.com\/es\/wp-json\/wp\/v2\/product\/111192","targetHints":{"allow":["GET"]}}],"collection":[{"href":"https:\/\/gpl-love.com\/es\/wp-json\/wp\/v2\/product"}],"about":[{"href":"https:\/\/gpl-love.com\/es\/wp-json\/wp\/v2\/types\/product"}],"replies":[{"embeddable":true,"href":"https:\/\/gpl-love.com\/es\/wp-json\/wp\/v2\/comments?post=111192"}],"wp:featuredmedia":[{"embeddable":true,"href":"https:\/\/gpl-love.com\/es\/wp-json\/wp\/v2\/media\/166579"}],"wp:attachment":[{"href":"https:\/\/gpl-love.com\/es\/wp-json\/wp\/v2\/media?parent=111192"}],"wp:term":[{"taxonomy":"product_brand","embeddable":true,"href":"https:\/\/gpl-love.com\/es\/wp-json\/wp\/v2\/product_brand?post=111192"},{"taxonomy":"product_cat","embeddable":true,"href":"https:\/\/gpl-love.com\/es\/wp-json\/wp\/v2\/product_cat?post=111192"},{"taxonomy":"product_tag","embeddable":true,"href":"https:\/\/gpl-love.com\/es\/wp-json\/wp\/v2\/product_tag?post=111192"}],"curies":[{"name":"wp","href":"https:\/\/api.w.org\/{rel}","templated":true}]}}