{"id":111190,"date":"2026-03-08T00:00:00","date_gmt":"2026-03-08T05:00:00","guid":{"rendered":"http:\/\/gpl-love.com\/es\/producto\/learndash-lms-convertkit-integration\/"},"modified":"2026-03-09T07:46:01","modified_gmt":"2026-03-09T12:46:01","slug":"learndash-lms-convertkit-integration","status":"publish","type":"product","link":"https:\/\/gpl-love.com\/es\/producto\/learndash-lms-convertkit-integration\/","title":{"rendered":"LearnDash Convertkit 1.4.0"},"content":{"rendered":"<h3>LearnDash Convertkit Caracteristicas<\/h3>\n<p>La integraci\u00f3n de Convertkit de Learsh LMS ofrece una gran cantidad de beneficios que contribuyen a la operaci\u00f3n perfecta de su proceso de creaci\u00f3n de cursos en l\u00ednea, ya que integra efectivamente sus cursos de LearnDash con Convertkit, automatizando sus esfuerzos de marketing por correo electr\u00f3nico. Al aprovechar esta integraci\u00f3n, puede dise\u00f1ar campa\u00f1as de correo electr\u00f3nico espec\u00edficas sin esfuerzo que se adapten a acciones espec\u00edficas de los estudiantes, como la finalizaci\u00f3n del curso o los resultados del concurso. Adem\u00e1s, tiene la capacidad de segmentar su lista de correo electr\u00f3nico en funci\u00f3n del comportamiento del estudiante, asegurando as\u00ed que cada estudiante reciba el mensaje m\u00e1s pertinente con precisi\u00f3n cuando es m\u00e1s ventajoso. En consecuencia, esta integraci\u00f3n no solo le ahorra un tiempo valioso, sino que tambi\u00e9n maximiza el potencial de marketing de su curso, lo que le permite desviar su atenci\u00f3n para elaborar contenido de primer nivel y expandir su negocio.<\/p>\n<ul>\n<li>Integra sin problemas LearnDash LMS con Convertkit<\/li>\n<li>Utiliza datos de usuario de LearnDash para crear campa\u00f1as de correo electr\u00f3nico espec\u00edficas<\/li>\n<li>Agrega autom\u00e1ticamente a los usuarios a las listas Convertkit en funci\u00f3n de la inscripci\u00f3n de cursos<\/li>\n<li>Permite mensajes personalizados y recomendaciones de cursos en correos electr\u00f3nicos<\/li>\n<li>Aumenta el compromiso y la retenci\u00f3n de los participantes del curso a trav\u00e9s de una comunicaci\u00f3n efectiva<\/li>\n<li>Ahorra tiempo automatizando el marketing por correo electr\u00f3nico relacionado con la inscripci\u00f3n y el progreso del curso<\/li>\n<li>Proporciona an\u00e1lisis detallados e informes sobre el rendimiento del correo electr\u00f3nico y las tasas de finalizaci\u00f3n del curso<\/li>\n<li>Ofrece opciones de personalizaci\u00f3n flexibles para plantillas de correo electr\u00f3nico y dise\u00f1o<\/li>\n<li>F\u00e1cil instalaci\u00f3n y proceso de configuraci\u00f3n con instrucciones paso a paso y soporte disponibles.<\/li>\n<\/ul>\n","protected":false},"excerpt":{"rendered":"<p>Al integrar perfectamente su Sistema de Gesti\u00f3n de Aprendizaje Aprends (LMS) con Convertkit, puede optimizar y automatizar efectivamente sus campa\u00f1as de marketing por correo electr\u00f3nico. Esta notable integraci\u00f3n le permite reunir sin esfuerzo las direcciones de correo electr\u00f3nico de sus estimados alumnos del curso y, posteriormente, dise\u00f1ar campa\u00f1as de correo electr\u00f3nico espec\u00edficas que se adapten a sus patrones de progreso individuales y de comportamiento. Al aprovechar el poder combinado de LearchDash LMS y Convertkit, puede mejorar significativamente los niveles de compromiso y comunicarse sin esfuerzo con sus estimados estudiantes.<\/p>\n","protected":false},"featured_media":166578,"comment_status":"open","ping_status":"open","template":"","meta":[],"product_brand":[2483],"product_cat":[1232,1206,1211],"product_tag":[1320],"class_list":{"0":"post-111190","1":"product","2":"type-product","3":"status-publish","4":"has-post-thumbnail","6":"product_brand-learndash","7":"product_cat-marketing-wordpress-plugins","8":"product_cat-plugins","9":"product_cat-wordpress-plugins","10":"product_tag-learndash","11":"member-discount","12":"discount-restricted","14":"first","15":"instock","16":"sale","17":"downloadable","18":"virtual","19":"sold-individually","20":"purchasable","21":"product-type-simple"},"_links":{"self":[{"href":"https:\/\/gpl-love.com\/es\/wp-json\/wp\/v2\/product\/111190","targetHints":{"allow":["GET"]}}],"collection":[{"href":"https:\/\/gpl-love.com\/es\/wp-json\/wp\/v2\/product"}],"about":[{"href":"https:\/\/gpl-love.com\/es\/wp-json\/wp\/v2\/types\/product"}],"replies":[{"embeddable":true,"href":"https:\/\/gpl-love.com\/es\/wp-json\/wp\/v2\/comments?post=111190"}],"wp:featuredmedia":[{"embeddable":true,"href":"https:\/\/gpl-love.com\/es\/wp-json\/wp\/v2\/media\/166578"}],"wp:attachment":[{"href":"https:\/\/gpl-love.com\/es\/wp-json\/wp\/v2\/media?parent=111190"}],"wp:term":[{"taxonomy":"product_brand","embeddable":true,"href":"https:\/\/gpl-love.com\/es\/wp-json\/wp\/v2\/product_brand?post=111190"},{"taxonomy":"product_cat","embeddable":true,"href":"https:\/\/gpl-love.com\/es\/wp-json\/wp\/v2\/product_cat?post=111190"},{"taxonomy":"product_tag","embeddable":true,"href":"https:\/\/gpl-love.com\/es\/wp-json\/wp\/v2\/product_tag?post=111190"}],"curies":[{"name":"wp","href":"https:\/\/api.w.org\/{rel}","templated":true}]}}