{"id":111188,"date":"2021-03-02T00:00:00","date_gmt":"2021-03-02T05:00:00","guid":{"rendered":"http:\/\/gpl-love.com\/es\/producto\/fullpage-for-wpbakery-page-builder\/"},"modified":"2026-03-09T07:36:35","modified_gmt":"2026-03-09T12:36:35","slug":"fullpage-for-wpbakery-page-builder","status":"publish","type":"product","link":"https:\/\/gpl-love.com\/es\/producto\/fullpage-for-wpbakery-page-builder\/","title":{"rendered":"FullPage para WPBakery Page Builder 2.1.4"},"content":{"rendered":"<h3>FullPage para WPBakery Page Builder Caracteristicas<\/h3>\n<p>FullPage for Wpbakery Page Builder es un complemento excepcionalmente innovador que presenta una oportunidad incre\u00edble para que los usuarios fabriquen dise\u00f1os de p\u00e1ginas completos sin esfuerzo para sus sitios web. Su integraci\u00f3n con WPBakery Page Builder permite a los usuarios incorporar efectivamente efectos de paralaje, desplazamiento de animaciones y elementos interactivos en sus p\u00e1ginas. Adem\u00e1s, el complemento ofrece un extenso repertorio de plantillas y dise\u00f1os predise\u00f1ados, lo que hace que el proceso de dise\u00f1o sea m\u00e1s conveniente para los usuarios. Adem\u00e1s, FullPage cuenta con un notable nivel de personalizaci\u00f3n, lo que permite a los usuarios ajustar la configuraci\u00f3n intrincada, como las transiciones de p\u00e1ginas, la velocidad de desplazamiento y los efectos de animaci\u00f3n. Vale la pena se\u00f1alar que el complemento responde sin problemas, garantizando que todos los dise\u00f1os exhiban un atractivo visual extraordinario en todos los dispositivos. Al aprovechar las poderosas capacidades de la p\u00e1gina completa, los usuarios pueden dise\u00f1ar experiencias de usuario convincentes e inolvidables en sus sitios web, lo que les permite forjar una presencia distintiva en medio de un panorama digital ferozmente competitivo.<\/p>\n<ul>\n<li>FullPage for Wpbakery Page Builder le permite crear impresionantes experiencias de p\u00e1gina completa en su sitio web de WordPress de manera r\u00e1pida y f\u00e1cil.<\/li>\n<li>Incluye una gama de plantillas de p\u00e1gina completa predise\u00f1adas, para que pueda comenzar a construir de inmediato.<\/li>\n<li>Las opciones de personalizaci\u00f3n facilitan agregar su propio contenido, gr\u00e1ficos y elementos de marca a cada dise\u00f1o de p\u00e1gina completa.<\/li>\n<li>El complemento est\u00e1 optimizado para la velocidad y el rendimiento, asegurando que sus experiencias de p\u00e1gina completa se carguen de manera r\u00e1pida y suave en todos los dispositivos.<\/li>\n<li>Puede usar FullPage para WPBakery Page Builder para crear p\u00e1ginas de destino de p\u00e1gina completa, carteras, exhibiciones de productos y m\u00e1s.<\/li>\n<li>El complemento es f\u00e1cil de usar, con una interfaz intuitiva de arrastrar y soltar y no se requiere codificaci\u00f3n.<\/li>\n<li>Es totalmente receptivo, por lo que sus dise\u00f1os de p\u00e1gina completa se ver\u00e1n muy bien en escritorio, tabletas y dispositivos m\u00f3viles.<\/li>\n<li>FullPage para WPBakery Page Builder se actualiza y admite constantemente para garantizar la compatibilidad con la \u00faltima versi\u00f3n de WordPress y WPBakery Page Builder.<\/li>\n<li>Tambi\u00e9n obtendr\u00e1 acceso a una variedad de documentaci\u00f3n \u00fatil y recursos de soporte para ayudarlo a aprovechar al m\u00e1ximo el complemento.<\/li>\n<\/ul>\n","protected":false},"excerpt":{"rendered":"<p>FullPage for Wpbakery Page Builder es un complemento excepcionalmente robusto que ofrece la conveniencia de dise\u00f1ar dise\u00f1os de p\u00e1gina completa visualmente cautivadores e interactivos sin esfuerzo dentro de la plataforma de WordPress. Esta herramienta excepcional cuenta con la capacidad de incorporar animaciones fascinantes, transiciones perfectas y efectos cautivadores para elevar la est\u00e9tica general de sus p\u00e1ginas web, permitiendo as\u00ed a su sitio web distinguirse sin esfuerzo del vasto paisaje en l\u00ednea. Adem\u00e1s, es esencial resaltar que este notable complemento se ha dise\u00f1ado meticulosamente para garantizar una compatibilidad \u00f3ptima con WPbakery Page Builder, integr\u00e1ndose sin problemas con todos los temas de WordPress de renombre que son muy buscados en el \u00e1mbito digital. Ya sea que se identifique como blogger, propietario de un negocio o un aspirante a profesional creativo, la p\u00e1gina completa, sin duda, emerge como la soluci\u00f3n por excelencia para impulsar su sitio web a alturas de \u00e9xito sin precedentes.<\/p>\n","protected":false},"featured_media":166169,"comment_status":"open","ping_status":"open","template":"","meta":[],"product_brand":[2339],"product_cat":[1214,1206,1211],"product_tag":[1256],"class_list":{"0":"post-111188","1":"product","2":"type-product","3":"status-publish","4":"has-post-thumbnail","6":"product_brand-codecanyon","7":"product_cat-personalizacion","8":"product_cat-plugins","9":"product_cat-wordpress-plugins","10":"product_tag-codecanyon","11":"member-discount","12":"discount-restricted","14":"first","15":"instock","16":"sale","17":"downloadable","18":"virtual","19":"sold-individually","20":"purchasable","21":"product-type-simple"},"_links":{"self":[{"href":"https:\/\/gpl-love.com\/es\/wp-json\/wp\/v2\/product\/111188","targetHints":{"allow":["GET"]}}],"collection":[{"href":"https:\/\/gpl-love.com\/es\/wp-json\/wp\/v2\/product"}],"about":[{"href":"https:\/\/gpl-love.com\/es\/wp-json\/wp\/v2\/types\/product"}],"replies":[{"embeddable":true,"href":"https:\/\/gpl-love.com\/es\/wp-json\/wp\/v2\/comments?post=111188"}],"wp:featuredmedia":[{"embeddable":true,"href":"https:\/\/gpl-love.com\/es\/wp-json\/wp\/v2\/media\/166169"}],"wp:attachment":[{"href":"https:\/\/gpl-love.com\/es\/wp-json\/wp\/v2\/media?parent=111188"}],"wp:term":[{"taxonomy":"product_brand","embeddable":true,"href":"https:\/\/gpl-love.com\/es\/wp-json\/wp\/v2\/product_brand?post=111188"},{"taxonomy":"product_cat","embeddable":true,"href":"https:\/\/gpl-love.com\/es\/wp-json\/wp\/v2\/product_cat?post=111188"},{"taxonomy":"product_tag","embeddable":true,"href":"https:\/\/gpl-love.com\/es\/wp-json\/wp\/v2\/product_tag?post=111188"}],"curies":[{"name":"wp","href":"https:\/\/api.w.org\/{rel}","templated":true}]}}