{"id":111186,"date":"2025-07-23T00:00:00","date_gmt":"2025-07-23T05:00:00","guid":{"rendered":"http:\/\/gpl-love.com\/es\/producto\/if-so-dynamic-content-wordpress-plugin\/"},"modified":"2026-03-09T07:43:08","modified_gmt":"2026-03-09T12:43:08","slug":"if-so-dynamic-content-wordpress-plugin","status":"publish","type":"product","link":"https:\/\/gpl-love.com\/es\/producto\/if-so-dynamic-content-wordpress-plugin\/","title":{"rendered":"If-So Dynamic Content WordPress Plugin 1.9.4"},"content":{"rendered":"<h3>If-So Dynamic Content WordPress Plugin Caracteristicas<\/h3>\n<p>El complemento IF-SO Dynamic Content WordPress es una herramienta extremadamente robusta y formidable que otorga a los propietarios de sitios web la capacidad de exhibir contenido personalizado a sus clientes, basado en su comportamiento, predilecciones e interacciones previas con el sitio web. Con la utilizaci\u00f3n de IF-SO, se puede crear una variedad de versiones distintas de una p\u00e1gina web, cada una repleta de contenido distintivo. En consecuencia, el complemento exhibir\u00e1 de forma aut\u00f3noma la versi\u00f3n m\u00e1s pertinente a cada visitante individual. Esto no solo sirve para amplificar la experiencia del cliente, sino que tambi\u00e9n aumenta los niveles de participaci\u00f3n, las conversiones y, en \u00faltima instancia, las cifras de ventas. El complemento en s\u00ed cuenta con un proceso de configuraci\u00f3n sin complicaciones, junto con una interfaz f\u00e1cil de usar y una amplia gama de opciones personalizables. Independientemente de si uno opera una empresa de comercio electr\u00f3nico, un blog o un sitio web comercial, es inequ\u00edvoco que IF-SO sea un complemento indispensable que impulsar\u00e1 el sitio web de uno a alturas incomparables.<\/p>\n<ul>\n<li>Permite que el contenido din\u00e1mico se muestre en funci\u00f3n del comportamiento o las condiciones del usuario<\/li>\n<li>Puede personalizar el contenido en funci\u00f3n de factores como la geolocalizaci\u00f3n, la fuente de referencia, el tipo de dispositivo y m\u00e1s<\/li>\n<li>Interfaz de arrastrar y soltar f\u00e1cil de usar para crear escenarios de contenido din\u00e1mico<\/li>\n<li>Compatible con todos los temas y complementos de WordPress<\/li>\n<li>Excelente para personalizar las experiencias de los usuarios y aumentar el compromiso<\/li>\n<li>Mejora las tasas de conversi\u00f3n del sitio web y reduce las tasas de rebote<\/li>\n<li>Incluye herramientas de an\u00e1lisis para rastrear el rendimiento de escenarios de contenido din\u00e1mico<\/li>\n<li>Altamente personalizable con opciones de l\u00f3gica condicional<\/li>\n<li>Ofrece soporte para pruebas A\/B para optimizar el rendimiento del contenido<\/li>\n<li>Ayuda a crear una experiencia de sitio web m\u00e1s personalizada para los visitantes.<\/li>\n<\/ul>\n","protected":false},"excerpt":{"rendered":"<p>El complemento IF-SO Dinamic Content WordPress es un instrumento extremadamente robusto y eficaz que le permite fabricar contenido personalizado y dirigido para las personas que frecuentan su sitio web, basado en sus patrones de comportamiento, predilecciones, ubicaci\u00f3n geogr\u00e1fica y otros datos pertinentes. If-So le brinda la oportunidad de exhibir diversas iteraciones de sus p\u00e1ginas web, publicaciones de blog, men\u00fas de navegaci\u00f3n, widgets laterales y una gran cantidad de otros elementos que dependen de los criterios espec\u00edficos que establece meticulosamente. El complemento proporciona una interfaz f\u00e1cil e intuitiva, adem\u00e1s de una extensa gama de condiciones y opciones de personalizaci\u00f3n. Ya sea que est\u00e9 tratando de optimizar sus tasas de conversi\u00f3n, aumentar la participaci\u00f3n del usuario o elevar la experiencia general del usuario, IF-SO es inequ\u00edvocamente la soluci\u00f3n definitiva para su sitio web de WordPress.<\/p>\n","protected":false},"featured_media":166454,"comment_status":"open","ping_status":"open","template":"","meta":[],"product_brand":[2477],"product_cat":[1214,1206,1211],"product_tag":[1728],"class_list":{"0":"post-111186","1":"product","2":"type-product","3":"status-publish","4":"has-post-thumbnail","6":"product_brand-if-so","7":"product_cat-personalizacion","8":"product_cat-plugins","9":"product_cat-wordpress-plugins","10":"product_tag-if-so","11":"member-discount","12":"discount-restricted","14":"first","15":"instock","16":"sale","17":"downloadable","18":"virtual","19":"sold-individually","20":"purchasable","21":"product-type-simple"},"_links":{"self":[{"href":"https:\/\/gpl-love.com\/es\/wp-json\/wp\/v2\/product\/111186","targetHints":{"allow":["GET"]}}],"collection":[{"href":"https:\/\/gpl-love.com\/es\/wp-json\/wp\/v2\/product"}],"about":[{"href":"https:\/\/gpl-love.com\/es\/wp-json\/wp\/v2\/types\/product"}],"replies":[{"embeddable":true,"href":"https:\/\/gpl-love.com\/es\/wp-json\/wp\/v2\/comments?post=111186"}],"wp:featuredmedia":[{"embeddable":true,"href":"https:\/\/gpl-love.com\/es\/wp-json\/wp\/v2\/media\/166454"}],"wp:attachment":[{"href":"https:\/\/gpl-love.com\/es\/wp-json\/wp\/v2\/media?parent=111186"}],"wp:term":[{"taxonomy":"product_brand","embeddable":true,"href":"https:\/\/gpl-love.com\/es\/wp-json\/wp\/v2\/product_brand?post=111186"},{"taxonomy":"product_cat","embeddable":true,"href":"https:\/\/gpl-love.com\/es\/wp-json\/wp\/v2\/product_cat?post=111186"},{"taxonomy":"product_tag","embeddable":true,"href":"https:\/\/gpl-love.com\/es\/wp-json\/wp\/v2\/product_tag?post=111186"}],"curies":[{"name":"wp","href":"https:\/\/api.w.org\/{rel}","templated":true}]}}