{"id":111182,"date":"2022-06-19T00:00:00","date_gmt":"2022-06-19T05:00:00","guid":{"rendered":"http:\/\/gpl-love.com\/es\/producto\/exertio-freelance-marketplace-wordpress-theme\/"},"modified":"2026-03-13T17:20:40","modified_gmt":"2026-03-13T22:20:40","slug":"exertio-freelance-marketplace-wordpress-theme","status":"publish","type":"product","link":"https:\/\/gpl-love.com\/es\/producto\/exertio-freelance-marketplace-wordpress-theme\/","title":{"rendered":"Exertio Freelance Marketplace WordPress Theme 1.1.8"},"content":{"rendered":"<h3>Exertio Freelance Marketplace WordPress Theme Caracteristicas<\/h3>\n<p>El tema de WordPress del mercado Freelance de Execio demuestra ser una herramienta incre\u00edblemente efectiva en la creaci\u00f3n de una plataforma de mercado independiente profesional y f\u00e1cil de usar. Este tema cuenta con una amplia gama de caracter\u00edsticas avanzadas, que incluyen capacidades de mensajer\u00eda en el sitio, herramientas de gesti\u00f3n de proyectos, funcionalidades de licitaci\u00f3n de empleo y varias pasarelas de pago. Todas estas caracter\u00edsticas han sido dise\u00f1adas meticulosamente para mejorar en gran medida la experiencia general del usuario. Adem\u00e1s, el tema de ejercicio es altamente personalizable, lo que permite que se adapte a la perfecci\u00f3n para cumplir con los requisitos \u00fanicos de diferentes negocios. Este nivel de adaptabilidad lo convierte en la soluci\u00f3n perfecta para freelancers, agencias o cualquier otra entidad que busque establecer su propio mercado independiente. En particular, el tema de WordPress del mercado Freelance de Execio es incre\u00edblemente f\u00e1cil de usar, gracias a su s\u00f3lido sistema de backend que facilita la gesti\u00f3n intuitiva del sitio. En resumen, este tema proporciona sin esfuerzo una soluci\u00f3n sobresaliente para cualquier persona que busque embarcarse sin esfuerzo en su empresa de plataforma independiente.<\/p>\n<ul>\n<li>Dise\u00f1o elegante y moderno con opciones personalizables<\/li>\n<li>Proceso f\u00e1cil de configuraci\u00f3n e instalaci\u00f3n<\/li>\n<li>Interfaz f\u00e1cil de usar tanto para empleadores como para trabajadores independientes<\/li>\n<li>Opciones de pasarela de pago m\u00faltiples para transacciones seguras<\/li>\n<li>Funcionalidad de b\u00fasqueda avanzada para encontrar y contratar a los trabajadores independientes correctos<\/li>\n<li>Sistema de gesti\u00f3n de proyectos intuitivos para una colaboraci\u00f3n perfecta<\/li>\n<li>Sistema de mensajer\u00eda incorporado para una comunicaci\u00f3n eficiente<\/li>\n<li>Opci\u00f3n para que los trabajadores independientes muestren sus carteras y trabajos anteriores<\/li>\n<li>SEO optimizado para una mejor visibilidad en los motores de b\u00fasqueda<\/li>\n<li>Actualizaciones regulares y atenci\u00f3n al cliente para un rendimiento optimizado.<\/li>\n<\/ul>\n","protected":false},"excerpt":{"rendered":"<p>\u00bfEst\u00e1 buscando una plataforma altamente eficiente y f\u00e1cil de usar para establecer un mercado independiente competente? \u00a1No busque m\u00e1s all\u00e1 del tema de WordPress de ejercicio Freelance! Esta notable soluci\u00f3n est\u00e1 meticulosamente elaborada para proporcionar una experiencia incomparable tanto para los trabajadores independientes como para los clientes. Con un dise\u00f1o elegante y contempor\u00e1neo, as\u00ed como una gran cantidad de caracter\u00edsticas potentes, ejerce que se cumplan todos sus requisitos para administrar un mercado floreciente para servicios independientes. Independientemente de si su objetivo es construir una plataforma para dise\u00f1adores, desarrolladores, escritores o cualquier otra categor\u00eda de trabajadores independientes, el ejercicio es la soluci\u00f3n integral que busca. \u00a1No se demore m\u00e1s! Comience su viaje hoy y haga una transformaci\u00f3n innovadora de la manera en que las personas se conectan y colaboran en l\u00ednea, cortes\u00eda de ejercicios.<\/p>\n","protected":false},"featured_media":166062,"comment_status":"open","ping_status":"open","template":"","meta":[],"product_brand":[2337],"product_cat":[1307,1237,1238],"product_tag":[1391],"class_list":{"0":"post-111182","1":"product","2":"type-product","3":"status-publish","4":"has-post-thumbnail","6":"product_brand-themeforest","7":"product_cat-negocio-wordpress-temas","8":"product_cat-temas","9":"product_cat-wordpress-temas","10":"product_tag-themeforest","11":"member-discount","12":"discount-restricted","14":"first","15":"instock","16":"sale","17":"downloadable","18":"virtual","19":"sold-individually","20":"purchasable","21":"product-type-simple"},"_links":{"self":[{"href":"https:\/\/gpl-love.com\/es\/wp-json\/wp\/v2\/product\/111182","targetHints":{"allow":["GET"]}}],"collection":[{"href":"https:\/\/gpl-love.com\/es\/wp-json\/wp\/v2\/product"}],"about":[{"href":"https:\/\/gpl-love.com\/es\/wp-json\/wp\/v2\/types\/product"}],"replies":[{"embeddable":true,"href":"https:\/\/gpl-love.com\/es\/wp-json\/wp\/v2\/comments?post=111182"}],"wp:featuredmedia":[{"embeddable":true,"href":"https:\/\/gpl-love.com\/es\/wp-json\/wp\/v2\/media\/166062"}],"wp:attachment":[{"href":"https:\/\/gpl-love.com\/es\/wp-json\/wp\/v2\/media?parent=111182"}],"wp:term":[{"taxonomy":"product_brand","embeddable":true,"href":"https:\/\/gpl-love.com\/es\/wp-json\/wp\/v2\/product_brand?post=111182"},{"taxonomy":"product_cat","embeddable":true,"href":"https:\/\/gpl-love.com\/es\/wp-json\/wp\/v2\/product_cat?post=111182"},{"taxonomy":"product_tag","embeddable":true,"href":"https:\/\/gpl-love.com\/es\/wp-json\/wp\/v2\/product_tag?post=111182"}],"curies":[{"name":"wp","href":"https:\/\/api.w.org\/{rel}","templated":true}]}}