{"id":111180,"date":"2022-09-19T00:00:00","date_gmt":"2022-09-19T05:00:00","guid":{"rendered":"http:\/\/gpl-love.com\/es\/producto\/facet-wp-multilingual\/"},"modified":"2026-03-28T17:15:33","modified_gmt":"2026-03-28T22:15:33","slug":"facet-wp-multilingual","status":"publish","type":"product","link":"https:\/\/gpl-love.com\/es\/producto\/facet-wp-multilingual\/","title":{"rendered":"FacetWP Multilingual 1.0.2"},"content":{"rendered":"<h3>FacetWP Multilingual Caracteristicas<\/h3>\n<p>FACETWP Multiling\u00fce, una herramienta altamente formidable, est\u00e1 dise\u00f1ada espec\u00edficamente para optimizar la funcionalidad de los sitios web multiling\u00fces. Cuenta con una interfaz perfecta integrada con complementos de traducci\u00f3n de renombre como WPML y Polylang, lo que permite a los usuarios generar y administrar las funcionalidades de b\u00fasqueda facetadas personalizadas que se traducen sin problemas en numerosos idiomas. Con las notables capacidades de FACETWP multiling\u00fce, los propietarios del sitio web pueden inventar sin esfuerzo regulaciones de b\u00fasqueda, taxonom\u00edas y filtros personalizados sin esfuerzo, elevando as\u00ed la experiencia de b\u00fasqueda de sus estimados visitantes. Adem\u00e1s, facilita la creaci\u00f3n de estructuras de URL hechas a medida para diversos idiomas, asegurando que los usuarios puedan navegar sin esfuerzo en su sitio web en su idioma preferido. En \u00faltima instancia, es inequ\u00edvoco que FACETWP multiling\u00fce sea una herramienta indispensable que el propietario de cada sitio web debe poseer para ofrecer una experiencia de b\u00fasqueda multiling\u00fce mejorada y perfecta a sus valiosos visitantes.<\/p>\n<ul>\n<li>FACETWP Multilingual es un complemento que ayuda a hacer sus filtros FACETWP en los sitios de WordPress multiling\u00fces.<\/li>\n<li>Le permite agregar traducciones para todas las opciones y valores de filtro, lo que facilita a los usuarios internacionales navegar por su sitio.<\/li>\n<li>El complemento se integra a la perfecci\u00f3n con complementos de traducci\u00f3n populares como WPML y Polylang, asegurando traducciones suaves.<\/li>\n<li>Con FACETWP multiling\u00fce, puede crear una experiencia de b\u00fasqueda f\u00e1cil de usar para usuarios con diferentes preferencias de idioma.<\/li>\n<li>Simplifica el proceso de gesti\u00f3n de sitios multiling\u00fces de WordPress, ahorrando tiempo y esfuerzo.<\/li>\n<li>El complemento es compatible con la mayor\u00eda de los complementos FACETWP, lo que lo convierte en una herramienta vers\u00e1til para su sitio web.<\/li>\n<li>Proporciona soporte t\u00e9cnico integral y actualizaciones regulares, asegurando la m\u00e1xima eficiencia.<\/li>\n<li>Con FACETWP multiling\u00fce, puede personalizar la apariencia de sus filtros con facilidad para que se mezclen con el dise\u00f1o de su sitio.<\/li>\n<\/ul>\n","protected":false},"excerpt":{"rendered":"<p>FACETWP Multilingual es un complemento excepcionalmente robusto e influyente que le otorga la capacidad de fabricar experiencias de b\u00fasqueda y filtrar en varios idiomas para su sitio web de WordPress. Al utilizar esta herramienta notable, tiene la capacidad de traducir sin esfuerzo sus facetas, etiquetas y valores en numerosos idiomas, lo que garantiza que cada visitante de su sitio pueda localizar sin problemas el contenido espec\u00edfico que buscan en su idioma deseado. Este complemento es inequ\u00edvocamente perfecto para empresas y establecimientos que atienden a una audiencia internacional diversa, ya que tiene el potencial de aumentar sustancialmente la participaci\u00f3n, las conversiones y la satisfacci\u00f3n general del usuario con su estimado sitio web.<\/p>\n","protected":false},"featured_media":166083,"comment_status":"open","ping_status":"open","template":"","meta":[],"product_brand":[2447],"product_cat":[1214,1206,1211],"product_tag":[1507],"class_list":{"0":"post-111180","1":"product","2":"type-product","3":"status-publish","4":"has-post-thumbnail","6":"product_brand-facetwp","7":"product_cat-personalizacion","8":"product_cat-plugins","9":"product_cat-wordpress-plugins","10":"product_tag-facetwp","11":"member-discount","12":"discount-restricted","14":"first","15":"instock","16":"sale","17":"downloadable","18":"virtual","19":"sold-individually","20":"purchasable","21":"product-type-simple"},"_links":{"self":[{"href":"https:\/\/gpl-love.com\/es\/wp-json\/wp\/v2\/product\/111180","targetHints":{"allow":["GET"]}}],"collection":[{"href":"https:\/\/gpl-love.com\/es\/wp-json\/wp\/v2\/product"}],"about":[{"href":"https:\/\/gpl-love.com\/es\/wp-json\/wp\/v2\/types\/product"}],"replies":[{"embeddable":true,"href":"https:\/\/gpl-love.com\/es\/wp-json\/wp\/v2\/comments?post=111180"}],"wp:featuredmedia":[{"embeddable":true,"href":"https:\/\/gpl-love.com\/es\/wp-json\/wp\/v2\/media\/166083"}],"wp:attachment":[{"href":"https:\/\/gpl-love.com\/es\/wp-json\/wp\/v2\/media?parent=111180"}],"wp:term":[{"taxonomy":"product_brand","embeddable":true,"href":"https:\/\/gpl-love.com\/es\/wp-json\/wp\/v2\/product_brand?post=111180"},{"taxonomy":"product_cat","embeddable":true,"href":"https:\/\/gpl-love.com\/es\/wp-json\/wp\/v2\/product_cat?post=111180"},{"taxonomy":"product_tag","embeddable":true,"href":"https:\/\/gpl-love.com\/es\/wp-json\/wp\/v2\/product_tag?post=111180"}],"curies":[{"name":"wp","href":"https:\/\/api.w.org\/{rel}","templated":true}]}}