{"id":111166,"date":"2023-06-01T00:00:00","date_gmt":"2023-06-01T05:00:00","guid":{"rendered":"http:\/\/gpl-love.com\/es\/producto\/real-thumbnail-generator\/"},"modified":"2026-04-10T11:22:56","modified_gmt":"2026-04-10T16:22:56","slug":"real-thumbnail-generator","status":"publish","type":"product","link":"https:\/\/gpl-love.com\/es\/producto\/real-thumbnail-generator\/","title":{"rendered":"Real Thumbnail Generator 2.6.44"},"content":{"rendered":"<h3>Real Thumbnail Generator Caracteristicas<\/h3>\n<p>Real MiniGnail Generator es una herramienta incre\u00edblemente robusta y eficiente que le otorga la capacidad de generar sin esfuerzo miniaturas de primer nivel para im\u00e1genes y videos. Independientemente de si su intenci\u00f3n es crear miniaturas para su blog, sitio web, plataformas de redes sociales o cualquier otro medio, este notable software ofrece una amplia gama de opciones de personalizaci\u00f3n que le facilitan las miniaturas visualmente impresionantes y cautivadoras. No solo admite todos los formatos de imagen y video prevalentes, sino que tambi\u00e9n le proporciona una gran cantidad de presets y plantillas que economizan efectivamente su tiempo durante el proceso de creaci\u00f3n de miniatura. Con un generador de miniatura real, usted posee la capacidad de cambiar el tama\u00f1o de expertos, recortar, incorporar texto, aplicar filtros y participar en una mir\u00edada de otras mejoras en sus miniaturas. En general, representa una inversi\u00f3n verdaderamente excepcional para las personas que aspiran a elevar el encanto visual de su contenido y atraer a un p\u00fablico m\u00e1s amplio.<\/p>\n<ul>\n<li>Generaci\u00f3n de miniaturas de alta calidad: el generador de miniatura real produce miniaturas de alta calidad que representan con precisi\u00f3n la imagen original.<\/li>\n<li>Opciones de personalizaci\u00f3n: los usuarios pueden personalizar el tama\u00f1o, el dise\u00f1o y el estilo de sus miniaturas para satisfacer sus necesidades.<\/li>\n<li>Soporte para m\u00faltiples formatos de imagen: esta herramienta puede generar miniaturas para una amplia gama de formatos de imagen, incluidos JPEG, PNG, GIF y BMP.<\/li>\n<li>Procesamiento por lotes: es posible generar miniaturas para cientos o miles de im\u00e1genes a la vez, simplificando el flujo de trabajo de los creadores de contenido.<\/li>\n<li>Velocidad de procesamiento r\u00e1pido: utilizando algoritmos avanzados, el generador de miniatura real puede generar m\u00faltiples miniaturas de manera r\u00e1pida y eficiente.<\/li>\n<li>Interfaz f\u00e1cil de usar: la interfaz de la herramienta es sencilla y f\u00e1cil de usar, incluso para aquellos sin habilidades t\u00e9cnicas avanzadas.<\/li>\n<li>Integraci\u00f3n con herramientas de terceros: esta soluci\u00f3n puede integrarse con sistemas de administraci\u00f3n de contenido de terceros, incluidos WordPress y Drupal.<\/li>\n<li>Rentable: en comparaci\u00f3n con otras herramientas de generaci\u00f3n de miniaturas m\u00e1s especializadas, el Real MiniGail Generator ofrece una soluci\u00f3n rentable para los usuarios.<\/li>\n<\/ul>\n","protected":false},"excerpt":{"rendered":"<p>Real Thumbnail Generator es una aplicaci\u00f3n f\u00e1cil y f\u00e1cil de usar que le permite producir miniaturas de primer nivel sin esfuerzo tanto para sus im\u00e1genes como para sus videos. Este notable producto le otorga la capacidad de fabricar r\u00e1pidamente miniaturas elaboradas por expertos que cautivan el inter\u00e9s de su p\u00fablico objetivo y adornan el encanto visual de su contenido. Independientemente de si se identifica como blogger, creador de contenido o propietario de negocios inteligente, Real MiniGail Generator se erige como el remedio final para fabricar miniaturas visualmente llamativas y cautivadoras que lo distinguir\u00e1n efectivamente de las masas en la vasta expansi\u00f3n del reino en l\u00ednea.<\/p>\n","protected":false},"featured_media":167326,"comment_status":"open","ping_status":"open","template":"","meta":[],"product_brand":[2339],"product_cat":[1212,1206,1211],"product_tag":[1256],"class_list":{"0":"post-111166","1":"product","2":"type-product","3":"status-publish","4":"has-post-thumbnail","6":"product_brand-codecanyon","7":"product_cat-administracion-wordpress-plugins","8":"product_cat-plugins","9":"product_cat-wordpress-plugins","10":"product_tag-codecanyon","11":"member-discount","12":"discount-restricted","14":"first","15":"instock","16":"sale","17":"downloadable","18":"virtual","19":"sold-individually","20":"purchasable","21":"product-type-simple"},"_links":{"self":[{"href":"https:\/\/gpl-love.com\/es\/wp-json\/wp\/v2\/product\/111166","targetHints":{"allow":["GET"]}}],"collection":[{"href":"https:\/\/gpl-love.com\/es\/wp-json\/wp\/v2\/product"}],"about":[{"href":"https:\/\/gpl-love.com\/es\/wp-json\/wp\/v2\/types\/product"}],"replies":[{"embeddable":true,"href":"https:\/\/gpl-love.com\/es\/wp-json\/wp\/v2\/comments?post=111166"}],"wp:featuredmedia":[{"embeddable":true,"href":"https:\/\/gpl-love.com\/es\/wp-json\/wp\/v2\/media\/167326"}],"wp:attachment":[{"href":"https:\/\/gpl-love.com\/es\/wp-json\/wp\/v2\/media?parent=111166"}],"wp:term":[{"taxonomy":"product_brand","embeddable":true,"href":"https:\/\/gpl-love.com\/es\/wp-json\/wp\/v2\/product_brand?post=111166"},{"taxonomy":"product_cat","embeddable":true,"href":"https:\/\/gpl-love.com\/es\/wp-json\/wp\/v2\/product_cat?post=111166"},{"taxonomy":"product_tag","embeddable":true,"href":"https:\/\/gpl-love.com\/es\/wp-json\/wp\/v2\/product_tag?post=111166"}],"curies":[{"name":"wp","href":"https:\/\/api.w.org\/{rel}","templated":true}]}}