{"id":111162,"date":"2021-03-01T00:00:00","date_gmt":"2021-03-01T05:00:00","guid":{"rendered":"http:\/\/gpl-love.com\/es\/producto\/xerochat-best-multichannel-marketing-application-saas-platform\/"},"modified":"2026-03-09T08:32:34","modified_gmt":"2026-03-09T13:32:34","slug":"xerochat-best-multichannel-marketing-application-saas-platform","status":"publish","type":"product","link":"https:\/\/gpl-love.com\/es\/producto\/xerochat-best-multichannel-marketing-application-saas-platform\/","title":{"rendered":"XeroChat Best Multichannel Marketing Application (SaaS Platform) 6.0.8"},"content":{"rendered":"<h3>XeroChat Best Multichannel Marketing Application (SaaS Platform) Caracteristicas<\/h3>\n<p>Xerochat, una plataforma SaaS de \u00faltima generaci\u00f3n, se enorgullece de proporcionar la mejor aplicaci\u00f3n de marketing multicanal disponible en el mercado. Con un repertorio de caracter\u00edsticas innovadoras y una interfaz f\u00e1cil de usar, Xerochat faculta a las empresas de cada magnitud para conectarse efectivamente con su p\u00fablico objetivo en varios canales, como Facebook Messenger, Instagram, WhatsApp, SMS y muchos otros. Esta notable plataforma le otorga la capacidad de automatizar sus campa\u00f1as de marketing, curar mensajes personalizados e interactuar con sus clientes en tiempo real. Al implementar Xerochat en su estrategia de marketing, puede optimizar y optimizar sus esfuerzos de marketing, conservando as\u00ed valiosos tiempo y recursos, al tiempo que fomentan las conversiones aumentadas y generando mayores ingresos para su negocio. Independientemente de si usted es propietario de una peque\u00f1a empresa o una empresa colosal, Xerochat es inequ\u00edvocamente la soluci\u00f3n definitiva para satisfacer todos sus requisitos de marketing multicanal.<\/p>\n<ul>\n<li>Xerochat es una aplicaci\u00f3n integral de marketing multicanal que ayuda a las empresas a llegar a sus clientes en m\u00faltiples plataformas.<\/li>\n<li>Este software se entrega como un servicio (SaaS), eliminando la necesidad de que las empresas descarguen o instalen cualquier software adicional.<\/li>\n<li>Con Xerochat, las empresas pueden administrar y automatizar f\u00e1cilmente sus campa\u00f1as de marketing en canales populares como Facebook, WhatsApp, Telegram, Instagram, SMS y correo electr\u00f3nico.<\/li>\n<li>La plataforma presenta herramientas de marketing avanzadas que incluyen formularios de generaci\u00f3n de leads, chatbots, mensajes autom\u00e1ticos, campa\u00f1as de goteo y m\u00e1s.<\/li>\n<li>Las empresas pueden segmentar a su audiencia en funci\u00f3n de su comportamiento, demograf\u00eda o preferencias, y dirigirlas con mensajes personalizados, promociones y ofertas.<\/li>\n<li>Xerochat ofrece an\u00e1lisis e informes en tiempo real, que permiten a las empresas rastrear el rendimiento de sus campa\u00f1as y tomar decisiones basadas en datos.<\/li>\n<li>La plataforma tambi\u00e9n admite la integraci\u00f3n con CRMS populares, proveedores de servicios de correo electr\u00f3nico y otras herramientas de terceros para un flujo de trabajo perfecto.<\/li>\n<li>La interfaz f\u00e1cil de usar de Xerochat y las caracter\u00edsticas potentes lo convierten en una excelente opci\u00f3n para empresas de todos los tama\u00f1os que buscan escalar sus esfuerzos de marketing y alcanzar sus objetivos comerciales.<\/li>\n<\/ul>\n","protected":false},"excerpt":{"rendered":"<p>Xerochat, una extraordinaria aplicaci\u00f3n de marketing multicanal, ha sido creada magistralmente para mejorar la capacidad de las empresas para ampliar su alcance y aumentar su compromiso con sus estimados clientes. Esta extraordinariamente potente plataforma de software como servicio (SaaS) muestra una amplia gama de caracter\u00edsticas notables, incluidos chatbots, marketing por correo electr\u00f3nico, automatizaci\u00f3n de SMS y mucho m\u00e1s, lo que es lo que es el instrumento ideal para los profesionales de marketing que se esfuerzan por lograr resultados superiores. Al aprovechar el poder de Xerochat, inventar sin esfuerzo campa\u00f1as personalizadas, administrar efectivamente m\u00faltiples canales de un tablero consolidado y monitorear diligentemente su rendimiento con an\u00e1lisis en tiempo real de vanguardia se convierte en una tarea sin esfuerzo. No importa la magnitud de su empresa, ya sea un establecimiento diminuto o una corporaci\u00f3n colosal, Xerochat emerge inequ\u00edvocamente como la resoluci\u00f3n final para satisfacer todos sus m\u00faltiples requisitos de marketing multicanal.<\/p>\n","protected":false},"featured_media":168565,"comment_status":"open","ping_status":"open","template":"","meta":[],"product_brand":[2339],"product_cat":[1214,1206,1211],"product_tag":[1256],"class_list":{"0":"post-111162","1":"product","2":"type-product","3":"status-publish","4":"has-post-thumbnail","6":"product_brand-codecanyon","7":"product_cat-personalizacion","8":"product_cat-plugins","9":"product_cat-wordpress-plugins","10":"product_tag-codecanyon","11":"member-discount","12":"discount-restricted","14":"first","15":"instock","16":"sale","17":"downloadable","18":"virtual","19":"sold-individually","20":"purchasable","21":"product-type-simple"},"_links":{"self":[{"href":"https:\/\/gpl-love.com\/es\/wp-json\/wp\/v2\/product\/111162","targetHints":{"allow":["GET"]}}],"collection":[{"href":"https:\/\/gpl-love.com\/es\/wp-json\/wp\/v2\/product"}],"about":[{"href":"https:\/\/gpl-love.com\/es\/wp-json\/wp\/v2\/types\/product"}],"replies":[{"embeddable":true,"href":"https:\/\/gpl-love.com\/es\/wp-json\/wp\/v2\/comments?post=111162"}],"wp:featuredmedia":[{"embeddable":true,"href":"https:\/\/gpl-love.com\/es\/wp-json\/wp\/v2\/media\/168565"}],"wp:attachment":[{"href":"https:\/\/gpl-love.com\/es\/wp-json\/wp\/v2\/media?parent=111162"}],"wp:term":[{"taxonomy":"product_brand","embeddable":true,"href":"https:\/\/gpl-love.com\/es\/wp-json\/wp\/v2\/product_brand?post=111162"},{"taxonomy":"product_cat","embeddable":true,"href":"https:\/\/gpl-love.com\/es\/wp-json\/wp\/v2\/product_cat?post=111162"},{"taxonomy":"product_tag","embeddable":true,"href":"https:\/\/gpl-love.com\/es\/wp-json\/wp\/v2\/product_tag?post=111162"}],"curies":[{"name":"wp","href":"https:\/\/api.w.org\/{rel}","templated":true}]}}