{"id":111154,"date":"2022-02-19T00:00:00","date_gmt":"2022-02-19T05:00:00","guid":{"rendered":"http:\/\/gpl-love.com\/es\/producto\/woocommerce-pdf-catalog\/"},"modified":"2026-04-10T11:33:01","modified_gmt":"2026-04-10T16:33:01","slug":"woocommerce-pdf-catalog","status":"publish","type":"product","link":"https:\/\/gpl-love.com\/es\/producto\/woocommerce-pdf-catalog\/","title":{"rendered":"WooCommerce PDF Catalog 1.16.3"},"content":{"rendered":"<h3>WooCommerce PDF Catalog Caracteristicas<\/h3>\n<p>El complemento de cat\u00e1logo PDF de WooCommerce es una herramienta incre\u00edblemente ventajosa para las personas que poseen tiendas en l\u00ednea y desean producir y distribuir cat\u00e1logos de productos refinados y pulidos en el formato de PDFS. Este complemento excepcional otorga a los usuarios la capacidad de establecer plantillas personalizadas para sus cat\u00e1logos, seleccionar meticulosamente en qu\u00e9 productos deben ser envueltos dentro y modificar sin esfuerzo los cat\u00e1logos a medida que los nuevos productos se fructien. Adem\u00e1s, a los usuarios se les ofrece la oportunidad de incorporar im\u00e1genes de productos, descripciones detalladas e informaci\u00f3n de precios, al tiempo que personalizan el dise\u00f1o y el dise\u00f1o para alinear armoniosamente con su marca. En consecuencia, este complemento es especialmente apropiado para las empresas que buscan extender su alcance a los clientes potenciales o proporcionar un m\u00e9todo m\u00e1s conveniente para que los clientes preexistentes examinen y compren productos. En su totalidad, el complemento de cat\u00e1logo PDF de WooCommerce constituye sin duda una soluci\u00f3n \u00f3ptima y eficaz para la creaci\u00f3n y distribuci\u00f3n de cat\u00e1logos de productos.<\/p>\n<ul>\n<li>Crea un cat\u00e1logo de PDF de aspecto profesional de sus productos WooCommerce<\/li>\n<li>Le permite elegir entre una variedad de plantillas y dise\u00f1os para personalizar la apariencia de su cat\u00e1logo<\/li>\n<li>Puede generar cat\u00e1logos por categor\u00eda, estado del producto o selecci\u00f3n personalizada<\/li>\n<li>Admite cat\u00e1logos de varios idiomas para empresas globales<\/li>\n<li>Actualiza autom\u00e1ticamente su cat\u00e1logo a medida que agrega o elimina productos de su tienda WooCommerce<\/li>\n<li>La interfaz simple y f\u00e1cil de usar facilita la creaci\u00f3n de su cat\u00e1logo en solo unos pocos clics<\/li>\n<li>Admite enlaces y marcadores integrables dentro de su cat\u00e1logo para una f\u00e1cil navegaci\u00f3n<\/li>\n<li>Se puede descargar o integrar en su sitio web para el acceso y la conveniencia del cliente<\/li>\n<li>Ahorra tiempo y esfuerzo en comparaci\u00f3n con la creaci\u00f3n manual de un cat\u00e1logo desde cero<\/li>\n<li>Compatible con una gama de dispositivos y plataformas para diversa accesibilidad.<\/li>\n<\/ul>\n","protected":false},"excerpt":{"rendered":"<p>El complemento de cat\u00e1logo PDF de WooCommerce le proporciona la capacidad de crear un cat\u00e1logo PDF visualmente atractivo que muestre sus productos de WooCommerce de manera exquisita. Dentro de este cat\u00e1logo, puede mostrar im\u00e1genes de productos cautivadoras, descripciones detalladas, informaci\u00f3n precisa de precios y mucho m\u00e1s, todo presentado en un formato PDF sofisticado. Con una amplia gama de plantillas y estilos personalizables a su disposici\u00f3n, tiene la flexibilidad de personalizar el cat\u00e1logo para alinearse perfectamente con su imagen de marca y ofertas de productos. Esta poderosa herramienta le permite generar y distribuir sin esfuerzo su cat\u00e1logo de productos tanto a sus estimados clientes como a socios confiables, asegurando una experiencia perfecta y profesional para todos los involucrados.<\/p>\n","protected":false},"featured_media":168197,"comment_status":"open","ping_status":"open","template":"","meta":[],"product_brand":[2339],"product_cat":[1207,1248,1206],"product_tag":[1256],"class_list":{"0":"post-111154","1":"product","2":"type-product","3":"status-publish","4":"has-post-thumbnail","6":"product_brand-codecanyon","7":"product_cat-comercio-electronico-plugins","8":"product_cat-personalizacion-comercio-electronico-plugins","9":"product_cat-plugins","10":"product_tag-codecanyon","11":"member-discount","12":"discount-restricted","14":"first","15":"instock","16":"sale","17":"downloadable","18":"virtual","19":"sold-individually","20":"purchasable","21":"product-type-simple"},"_links":{"self":[{"href":"https:\/\/gpl-love.com\/es\/wp-json\/wp\/v2\/product\/111154","targetHints":{"allow":["GET"]}}],"collection":[{"href":"https:\/\/gpl-love.com\/es\/wp-json\/wp\/v2\/product"}],"about":[{"href":"https:\/\/gpl-love.com\/es\/wp-json\/wp\/v2\/types\/product"}],"replies":[{"embeddable":true,"href":"https:\/\/gpl-love.com\/es\/wp-json\/wp\/v2\/comments?post=111154"}],"wp:featuredmedia":[{"embeddable":true,"href":"https:\/\/gpl-love.com\/es\/wp-json\/wp\/v2\/media\/168197"}],"wp:attachment":[{"href":"https:\/\/gpl-love.com\/es\/wp-json\/wp\/v2\/media?parent=111154"}],"wp:term":[{"taxonomy":"product_brand","embeddable":true,"href":"https:\/\/gpl-love.com\/es\/wp-json\/wp\/v2\/product_brand?post=111154"},{"taxonomy":"product_cat","embeddable":true,"href":"https:\/\/gpl-love.com\/es\/wp-json\/wp\/v2\/product_cat?post=111154"},{"taxonomy":"product_tag","embeddable":true,"href":"https:\/\/gpl-love.com\/es\/wp-json\/wp\/v2\/product_tag?post=111154"}],"curies":[{"name":"wp","href":"https:\/\/api.w.org\/{rel}","templated":true}]}}