{"id":111152,"date":"2022-11-22T00:00:00","date_gmt":"2022-11-22T05:00:00","guid":{"rendered":"http:\/\/gpl-love.com\/es\/producto\/energyplus-beautiful-admin-panel-for-woocommerce\/"},"modified":"2026-03-13T17:20:28","modified_gmt":"2026-03-13T22:20:28","slug":"energyplus-beautiful-admin-panel-for-woocommerce","status":"publish","type":"product","link":"https:\/\/gpl-love.com\/es\/producto\/energyplus-beautiful-admin-panel-for-woocommerce\/","title":{"rendered":"EnergyPlus Beautiful Admin Panel para WooCommerce 1.3.4"},"content":{"rendered":"<h3>EnergyPlus Beautiful Admin Panel para WooCommerce Caracteristicas<\/h3>\n<p>El panel de administraci\u00f3n de EnergyPlus Beautiful para WooCommerce es una herramienta incre\u00edblemente potente que ofrece una asistencia inmensa para administrar eficientemente su tienda en l\u00ednea. Este complemento excepcional no solo le otorga una interfaz f\u00e1cil de usar, sino que tambi\u00e9n le permite manejar sin esfuerzo sus productos, pedidos, clientes y otros detalles cruciales. Adem\u00e1s, el panel de administraci\u00f3n de EnergyPlus Beautiful para WooCommerce ofrece una amplia gama de caracter\u00edsticas, que le brinda la m\u00e1xima conveniencia para personalizar su tienda. Al utilizar su tablero intuitivo, puede analizar sin esfuerzo sus datos de ventas y monitorear meticulosamente el rendimiento de su tienda. Adem\u00e1s, este complemento le presenta opciones avanzadas de b\u00fasqueda y filtrado, simplificando el proceso de localizaci\u00f3n de productos, pedidos o clientes espec\u00edficos. En general, el panel de administraci\u00f3n de EnergyPlus Beautiful para WooCommerce es una herramienta indispensable para cualquier propietario de negocios que aspira a optimizar su gesti\u00f3n de tiendas en l\u00ednea y elevar su rendimiento de ventas.<\/p>\n<ul>\n<li>Panel de administraci\u00f3n f\u00e1cil de usar con dise\u00f1o moderno<\/li>\n<li>Administrar y personalizar f\u00e1cilmente su tienda WooCommerce<\/li>\n<li>Navegaci\u00f3n simple e interfaz intuitiva<\/li>\n<li>Acceso a todas las configuraciones y caracter\u00edsticas de WooCommerce<\/li>\n<li>Vista r\u00e1pida de las estad\u00edsticas y \u00f3rdenes de la tienda<\/li>\n<li>Capacidad para agregar y administrar productos con facilidad<\/li>\n<li>Proceso de pago optimizado para clientes<\/li>\n<li>Compatible con todos los temas de WordPress<\/li>\n<li>Actualizaciones y mejoras regulares para garantizar un rendimiento \u00f3ptimo<\/li>\n<li>Uso eficiente de energ\u00eda para operaci\u00f3n ecol\u00f3gica<\/li>\n<\/ul>\n","protected":false},"excerpt":{"rendered":"<p>El panel de administraci\u00f3n de EnergyPlus Beautiful para WooCommerce es un complemento extremadamente potente que le proporciona la capacidad de administrar sin esfuerzo su tienda de comercio electr\u00f3nico a trav\u00e9s de un tablero de tablero de dise\u00f1o exquisito. A trav\u00e9s de su interfaz notablemente f\u00e1cil de usar, est\u00e1 facultado para monitorear y administrar efectivamente sus ventas, pedidos, inventario y clientes en tiempo real. Este complemento presenta una mir\u00edada de opciones de personalizaci\u00f3n, otorg\u00e1ndole la capacidad de adaptar meticulosamente el tablero para alinearse con la est\u00e9tica de su marca. Independientemente de si posee competencia novata o avanzada, el panel de administraci\u00f3n de EnergyPlus sin lugar a dudas racionalizar\u00e1 sus responsabilidades diarias y facilitar\u00e1 la operaci\u00f3n perfecta de su tienda WooCommerce.<\/p>\n","protected":false},"featured_media":165982,"comment_status":"open","ping_status":"open","template":"","meta":[],"product_brand":[2339],"product_cat":[1263,1469,1237],"product_tag":[1256],"class_list":{"0":"post-111152","1":"product","2":"type-product","3":"status-publish","4":"has-post-thumbnail","6":"product_brand-codecanyon","7":"product_cat-comercio-electronico-temas","8":"product_cat-creativo-comercio-electronico-temas","9":"product_cat-temas","10":"product_tag-codecanyon","11":"member-discount","12":"discount-restricted","14":"first","15":"instock","16":"sale","17":"downloadable","18":"virtual","19":"sold-individually","20":"purchasable","21":"product-type-simple"},"_links":{"self":[{"href":"https:\/\/gpl-love.com\/es\/wp-json\/wp\/v2\/product\/111152","targetHints":{"allow":["GET"]}}],"collection":[{"href":"https:\/\/gpl-love.com\/es\/wp-json\/wp\/v2\/product"}],"about":[{"href":"https:\/\/gpl-love.com\/es\/wp-json\/wp\/v2\/types\/product"}],"replies":[{"embeddable":true,"href":"https:\/\/gpl-love.com\/es\/wp-json\/wp\/v2\/comments?post=111152"}],"wp:featuredmedia":[{"embeddable":true,"href":"https:\/\/gpl-love.com\/es\/wp-json\/wp\/v2\/media\/165982"}],"wp:attachment":[{"href":"https:\/\/gpl-love.com\/es\/wp-json\/wp\/v2\/media?parent=111152"}],"wp:term":[{"taxonomy":"product_brand","embeddable":true,"href":"https:\/\/gpl-love.com\/es\/wp-json\/wp\/v2\/product_brand?post=111152"},{"taxonomy":"product_cat","embeddable":true,"href":"https:\/\/gpl-love.com\/es\/wp-json\/wp\/v2\/product_cat?post=111152"},{"taxonomy":"product_tag","embeddable":true,"href":"https:\/\/gpl-love.com\/es\/wp-json\/wp\/v2\/product_tag?post=111152"}],"curies":[{"name":"wp","href":"https:\/\/api.w.org\/{rel}","templated":true}]}}