{"id":111150,"date":"2025-09-11T00:00:00","date_gmt":"2025-09-11T05:00:00","guid":{"rendered":"http:\/\/gpl-love.com\/es\/producto\/posts-table-pro-wordpress-table-plugin\/"},"modified":"2026-04-10T11:21:51","modified_gmt":"2026-04-10T16:21:51","slug":"posts-table-pro-wordpress-table-plugin","status":"publish","type":"product","link":"https:\/\/gpl-love.com\/es\/producto\/posts-table-pro-wordpress-table-plugin\/","title":{"rendered":"Posts Table Pro WordPress Table Plugin 3.3.6"},"content":{"rendered":"<h3>Posts Table Pro WordPress Table Plugin Caracteristicas<\/h3>\n<p>Publicar Table Pro, un complemento de mesa de WordPress altamente vers\u00e1til y robusto, proporciona a los usuarios la capacidad de mostrar sus publicaciones en un formato de tabla que no solo es personalizable sino tambi\u00e9n f\u00e1cil de usar. Con una amplia gama de funcionalidades que incluyen filtrado, clasificaci\u00f3n, paginaci\u00f3n y b\u00fasqueda, este complemento le otorga la capacidad perfecta para organizar y presentar su contenido de manera eficiente de una manera que se alinee perfectamente con sus requisitos espec\u00edficos. Administrados para satisfacer las necesidades de los bloggers, sitios web de noticias e individuos en busca de mostrar informaci\u00f3n de manera estructurada e inmaculada, las publicaciones Table Pro es, sin duda, una herramienta indispensable para aumentar la experiencia del usuario de su sitio web. Su interfaz notablemente intuitiva y su dise\u00f1o adaptativo solidifican a\u00fan m\u00e1s la necesidad de integrar este complemento en el repertorio de su sitio web.<\/p>\n<ul>\n<li>Creaci\u00f3n sin esfuerzo personalizable que muestran sus \u00faltimas publicaciones, contenido destacado o contenido generado por el usuario con el complemento de tabla de WordPress de la tabla Pro<\/li>\n<li>La interfaz intuitiva de arrastrar y soltar hace que la construcci\u00f3n de la mesa sea accesible para los usuarios de todos los niveles de experiencia<\/li>\n<li>Control completo sobre el dise\u00f1o de la tabla, incluidos el ancho de la columna, las opciones de clasificaci\u00f3n y las capacidades de filtrado<\/li>\n<li>Documentaci\u00f3n detallada y atenci\u00f3n al cliente disponible para ayudarlo a aprovechar al m\u00e1ximo sus tablas<\/li>\n<li>El dise\u00f1o completamente receptivo garantiza que sus tablas se vean bien en todos los dispositivos y tama\u00f1os de pantalla.<\/li>\n<li>M\u00faltiples opciones de dise\u00f1o, incluida la cuadr\u00edcula, la lista y el acorde\u00f3n, le permiten adaptar sus tablas a sus necesidades y gustos espec\u00edficos<\/li>\n<li>Incrita f\u00e1cilmente sus tablas donde quiera con un simple c\u00f3digo corto o colocaci\u00f3n de widgets<\/li>\n<li>La funcionalidad de b\u00fasqueda flexible y potente permite a los usuarios encontrar r\u00e1pidamente el contenido que est\u00e1n buscando dentro de sus tablas<\/li>\n<li>Compatible con una gama de complementos populares de WordPress, que incluyen WooCommerce, descargas digitales f\u00e1ciles y m\u00e1s, para proporcionar una versatilidad y funcionalidad a\u00fan mayores<\/li>\n<li>Las actualizaciones y mejoras frecuentes aseguran que las publicaciones Table Pro sigan siendo la mejor opci\u00f3n para la construcci\u00f3n de la tabla de WordPress.<\/li>\n<\/ul>\n","protected":false},"excerpt":{"rendered":"<p>Publicar Table Pro es un complemento de mesa de WordPress notablemente robusto que le proporciona la conveniencia de crear y mostrar tablas din\u00e1micas derivadas de sus publicaciones, p\u00e1ginas o cualquier tipo de publicaci\u00f3n personalizado. Este complemento ofrece una variedad diversa de funcionalidades, incluida la capacidad de clasificar, filtrar, buscar e incluso exportar los datos de su tabla en una variedad de formatos como CSV, Excel y PDF.<\/p>\n","protected":false},"featured_media":167241,"comment_status":"open","ping_status":"open","template":"","meta":[],"product_brand":[2422],"product_cat":[1214,1206,1211],"product_tag":[1660],"class_list":{"0":"post-111150","1":"product","2":"type-product","3":"status-publish","4":"has-post-thumbnail","6":"product_brand-barn2","7":"product_cat-personalizacion","8":"product_cat-plugins","9":"product_cat-wordpress-plugins","10":"product_tag-barn2","11":"member-discount","12":"discount-restricted","14":"first","15":"instock","16":"sale","17":"downloadable","18":"virtual","19":"sold-individually","20":"purchasable","21":"product-type-simple"},"_links":{"self":[{"href":"https:\/\/gpl-love.com\/es\/wp-json\/wp\/v2\/product\/111150","targetHints":{"allow":["GET"]}}],"collection":[{"href":"https:\/\/gpl-love.com\/es\/wp-json\/wp\/v2\/product"}],"about":[{"href":"https:\/\/gpl-love.com\/es\/wp-json\/wp\/v2\/types\/product"}],"replies":[{"embeddable":true,"href":"https:\/\/gpl-love.com\/es\/wp-json\/wp\/v2\/comments?post=111150"}],"wp:featuredmedia":[{"embeddable":true,"href":"https:\/\/gpl-love.com\/es\/wp-json\/wp\/v2\/media\/167241"}],"wp:attachment":[{"href":"https:\/\/gpl-love.com\/es\/wp-json\/wp\/v2\/media?parent=111150"}],"wp:term":[{"taxonomy":"product_brand","embeddable":true,"href":"https:\/\/gpl-love.com\/es\/wp-json\/wp\/v2\/product_brand?post=111150"},{"taxonomy":"product_cat","embeddable":true,"href":"https:\/\/gpl-love.com\/es\/wp-json\/wp\/v2\/product_cat?post=111150"},{"taxonomy":"product_tag","embeddable":true,"href":"https:\/\/gpl-love.com\/es\/wp-json\/wp\/v2\/product_tag?post=111150"}],"curies":[{"name":"wp","href":"https:\/\/api.w.org\/{rel}","templated":true}]}}