{"id":111148,"date":"2023-02-09T00:00:00","date_gmt":"2023-02-09T05:00:00","guid":{"rendered":"http:\/\/gpl-love.com\/es\/producto\/shoppy-store-multipurpose-woocommerce-theme\/"},"modified":"2026-04-10T11:24:45","modified_gmt":"2026-04-10T16:24:45","slug":"shoppy-store-multipurpose-woocommerce-theme","status":"publish","type":"product","link":"https:\/\/gpl-love.com\/es\/producto\/shoppy-store-multipurpose-woocommerce-theme\/","title":{"rendered":"Shoppy Store Multipurpose WooCommerce Theme 3.7.10"},"content":{"rendered":"<h3>Shoppy Store Multipurpose WooCommerce Theme Caracteristicas<\/h3>\n<p>Shoppy Store Multipurpose WooCommerce Tema, un tema de WordPress de comercio electr\u00f3nico incre\u00edblemente vers\u00e1til y altamente flexible, es una opci\u00f3n ideal para las personas que buscan establecer una tienda en l\u00ednea pr\u00f3spera. Con su dise\u00f1o elegante y contempor\u00e1neo, este tema garantiza una experiencia de usuario excepcional en todos los dispositivos, mejorando as\u00ed la satisfacci\u00f3n del cliente. Adem\u00e1s, su proceso de personalizaci\u00f3n sin esfuerzo se suma a su atractivo, lo que permite a los usuarios adaptar cada aspecto de su sitio web a sus preferencias \u00fanicas. Con una variedad de caracter\u00edsticas notables, como m\u00faltiples dise\u00f1os de la p\u00e1gina de inicio, p\u00e1ginas de productos meticulosamente elaboradas y una variedad de plantillas preconstruidas, este tema realmente no deja piedra sin mover en proporcionar una experiencia de usuario integral y perfecta. Adem\u00e1s, su integraci\u00f3n perfecta con WooCommerce, la plataforma l\u00edder de comercio electr\u00f3nico, empodera a los usuarios con una amplia gama de funcionalidades, magnificando as\u00ed su potencial comercial en l\u00ednea. En general, Shoppy Store Multipurpose WooCommerce Theme se destaca indudablemente como una opci\u00f3n excepcional para las personas que desean establecer una tienda en l\u00ednea profesional y altamente efectiva.<\/p>\n<ul>\n<li>Tema de WooCommerce totalmente personalizable con un dise\u00f1o vers\u00e1til para cualquier tipo de tienda en l\u00ednea.<\/li>\n<li>Viene precargado con 8 demostraciones \u00fanicas de la p\u00e1gina de inicio y m\u00e1s de 18 dise\u00f1os de p\u00e1ginas internas.<\/li>\n<li>Construido con las \u00faltimas tecnolog\u00edas web, incluidas HTML5, CSS3, JQuery y Bootstrap &#8211;<\/li>\n<li>SEO optimizado para una mejor clasificaci\u00f3n de motores de b\u00fasqueda y compatibilidad con el complemento Yoast SEO.<\/li>\n<li>Sensible a los dispositivos m\u00f3viles, con un dise\u00f1o flexible que se adapta a pantallas de cualquier tama\u00f1o y resoluci\u00f3n.<\/li>\n<li>Ofrece una variedad de opciones de personalizaci\u00f3n, que incluyen esquemas de color, configuraciones de tipograf\u00eda y estilos de dise\u00f1o.<\/li>\n<li>Viene con caracter\u00edsticas \u00fatiles como la funcionalidad de b\u00fasqueda de vista r\u00e1pida, lista de deseos y AJAX.<\/li>\n<li>Compatible con una amplia gama de complementos populares, como WPBakery Page Builder, Revolution Slider y Contact Form &#8211;<\/li>\n<li>Ofrece documentaci\u00f3n detallada y una excelente atenci\u00f3n al cliente para ayudarlo a comenzar de manera r\u00e1pida y f\u00e1cil.<\/li>\n<li>Actualizado regularmente para garantizar la compatibilidad con las \u00faltimas versiones de WordPress y WooCommerce.<\/li>\n<\/ul>\n","protected":false},"excerpt":{"rendered":"<p>El tema de WooCommerce multiprop\u00f3sito de Shoppy Store es una herramienta excepcional que facilita la creaci\u00f3n de una tienda en l\u00ednea completamente personalizable y sofisticada. Al aprovechar las inmensas capacidades del complemento WooCommerce, este tema presenta una gran cantidad de opciones de dise\u00f1o que se pueden adaptar meticulosamente para satisfacer sus requisitos espec\u00edficos. Ya sea que su nicho gire en torno a la venta de ropa de moda, dispositivos electr\u00f3nicos de vanguardia o una variedad de servicios profesionales, tenga la seguridad de que este tema est\u00e1 equipado para manejar todas sus necesidades con la m\u00e1xima eficiencia. No solo cuenta con un dise\u00f1o receptivo que garantiza la apariencia impecable de su tienda en varios dispositivos, sino que tambi\u00e9n abarca una documentaci\u00f3n integral y un sistema de soporte, simplificando as\u00ed el proceso de configuraci\u00f3n y administraci\u00f3n de su tienda en l\u00ednea. Si est\u00e1 buscando un tema confiable y vers\u00e1til para elevar sus esfuerzos comerciales en l\u00ednea, no hay duda de que el tema de WooCommerce multiprop\u00f3sito Shoppy es la primera opci\u00f3n para usted.<\/p>\n","protected":false},"featured_media":167483,"comment_status":"open","ping_status":"open","template":"","meta":[],"product_brand":[2337],"product_cat":[1263,1397,1237],"product_tag":[1391],"class_list":{"0":"post-111148","1":"product","2":"type-product","3":"status-publish","4":"has-post-thumbnail","6":"product_brand-themeforest","7":"product_cat-comercio-electronico-temas","8":"product_cat-de-multiples-fines-comercio-electronico-temas","9":"product_cat-temas","10":"product_tag-themeforest","11":"member-discount","12":"discount-restricted","14":"first","15":"instock","16":"sale","17":"downloadable","18":"virtual","19":"sold-individually","20":"purchasable","21":"product-type-simple"},"_links":{"self":[{"href":"https:\/\/gpl-love.com\/es\/wp-json\/wp\/v2\/product\/111148","targetHints":{"allow":["GET"]}}],"collection":[{"href":"https:\/\/gpl-love.com\/es\/wp-json\/wp\/v2\/product"}],"about":[{"href":"https:\/\/gpl-love.com\/es\/wp-json\/wp\/v2\/types\/product"}],"replies":[{"embeddable":true,"href":"https:\/\/gpl-love.com\/es\/wp-json\/wp\/v2\/comments?post=111148"}],"wp:featuredmedia":[{"embeddable":true,"href":"https:\/\/gpl-love.com\/es\/wp-json\/wp\/v2\/media\/167483"}],"wp:attachment":[{"href":"https:\/\/gpl-love.com\/es\/wp-json\/wp\/v2\/media?parent=111148"}],"wp:term":[{"taxonomy":"product_brand","embeddable":true,"href":"https:\/\/gpl-love.com\/es\/wp-json\/wp\/v2\/product_brand?post=111148"},{"taxonomy":"product_cat","embeddable":true,"href":"https:\/\/gpl-love.com\/es\/wp-json\/wp\/v2\/product_cat?post=111148"},{"taxonomy":"product_tag","embeddable":true,"href":"https:\/\/gpl-love.com\/es\/wp-json\/wp\/v2\/product_tag?post=111148"}],"curies":[{"name":"wp","href":"https:\/\/api.w.org\/{rel}","templated":true}]}}