{"id":111146,"date":"2025-08-03T00:00:00","date_gmt":"2025-08-03T05:00:00","guid":{"rendered":"http:\/\/gpl-love.com\/es\/producto\/searchwp-xpdf-integration\/"},"modified":"2026-04-10T11:24:15","modified_gmt":"2026-04-10T16:24:15","slug":"searchwp-xpdf-integration","status":"publish","type":"product","link":"https:\/\/gpl-love.com\/es\/producto\/searchwp-xpdf-integration\/","title":{"rendered":"SearchWP Xpdf Integration 1.3.2"},"content":{"rendered":"<h3>SearchWP Xpdf Integration Caracteristicas<\/h3>\n<p>La integraci\u00f3n de SearchWP XPDF es una herramienta notable y altamente efectiva que proporciona una integraci\u00f3n perfecta y perfecta entre dos plataformas prominentes, a saber, SearchWP y XPDF. Esta integraci\u00f3n sirve como catalizador para que los usuarios busquen e indexen los archivos PDF sin esfuerzo, mejorando as\u00ed su experiencia general. En virtud de esta integraci\u00f3n, los usuarios tienen la capacidad de buscar de manera r\u00e1pida y conveniente t\u00e9rminos espec\u00edficos dentro de los archivos PDF, lo que posteriormente les permite leer los resultados dentro de sus consultas de b\u00fasqueda. Lo que distingue a esta herramienta son las caracter\u00edsticas avanzadas que ofrece, incluidas, entre otros, el resaltado y la vista previa de las palabras en PDF, lo que facilita enormemente a los usuarios para localizar la informaci\u00f3n que buscan. Adem\u00e1s, la facilidad de implementaci\u00f3n de esta integraci\u00f3n es realmente encomiable, ya que se puede configurar y configurar sin esfuerzo para satisfacer los requisitos distintivos de cualquier negocio u organizaci\u00f3n. En conclusi\u00f3n, la integraci\u00f3n de SearchWP XPDF emerge sin duda como una herramienta invaluable para individuos o entidades que buscan mejorar sus capacidades de b\u00fasqueda en PDF y optimizar su flujo de trabajo.<\/p>\n<ul>\n<li>Integre perfectamente XPDF con SearchWP para mejorar las capacidades de b\u00fasqueda de documentos<\/li>\n<li>Busque f\u00e1cilmente archivos PDF por su contenido de texto, t\u00edtulos y otros atributos con la ayuda de XPDF<\/li>\n<li>Los resultados de b\u00fasqueda de filtro por relevancia, fecha y otros par\u00e1metros para resultados m\u00e1s espec\u00edficos<\/li>\n<li>Acceso y visualizaci\u00f3n de fragmentos de b\u00fasqueda para una vista previa r\u00e1pida del contenido antes de abrir el archivo<\/li>\n<li>Mejorar la experiencia del usuario y ahorrar tiempo al proporcionar resultados de b\u00fasqueda precisos y eficientes<\/li>\n<li>Disfrute de un proceso de b\u00fasqueda simplificado e intuitivo que ayuda a los usuarios a encontrar exactamente lo que est\u00e1n buscando, m\u00e1s r\u00e1pido<\/li>\n<li>Aumentar la productividad y reducir la frustraci\u00f3n al eliminar la necesidad de b\u00fasquedas de documentos manuales<\/li>\n<li>Compatible con una amplia gama de temas y complementos de WordPress para una integraci\u00f3n perfecta con su flujo de trabajo existente<\/li>\n<li>Mant\u00e9ngase actualizado con las \u00faltimas caracter\u00edsticas y funcionalidad gracias a las actualizaciones y soporte regulares.<\/li>\n<\/ul>\n","protected":false},"excerpt":{"rendered":"<p>La integraci\u00f3n de SearchWP XPDF es un complemento incre\u00edblemente robusto y formidable para SearchWP, proporcionando a los usuarios la capacidad perfecta para buscar sin esfuerzo dentro de sus archivos PDF. Esta notable integraci\u00f3n se incorpora sin problemas con el convertidor PDF XPDF, simplificando as\u00ed el proceso de navegar a trav\u00e9s de su extensa colecci\u00f3n de documentos PDF. Al utilizar las capacidades notables de la integraci\u00f3n de SearchWP XPDF, descubrir informaci\u00f3n pertinente y significativa dentro de sus archivos PDF nunca ha sido m\u00e1s f\u00e1cil. Independientemente del contenido espec\u00edfico contenido en sus archivos PDF, ya sean informes financieros o manuales t\u00e9cnicos, esta integraci\u00f3n sin duda lo ayudar\u00e1 a localizar de manera r\u00e1pida y eficiente exactamente lo que busca.<\/p>\n","protected":false},"featured_media":167442,"comment_status":"open","ping_status":"open","template":"","meta":[],"product_brand":[2553],"product_cat":[1214,1206,1211],"product_tag":[1368],"class_list":{"0":"post-111146","1":"product","2":"type-product","3":"status-publish","4":"has-post-thumbnail","6":"product_brand-search-wp","7":"product_cat-personalizacion","8":"product_cat-plugins","9":"product_cat-wordpress-plugins","10":"product_tag-search-wp","11":"member-discount","12":"discount-restricted","14":"first","15":"instock","16":"sale","17":"downloadable","18":"virtual","19":"sold-individually","20":"purchasable","21":"product-type-simple"},"_links":{"self":[{"href":"https:\/\/gpl-love.com\/es\/wp-json\/wp\/v2\/product\/111146","targetHints":{"allow":["GET"]}}],"collection":[{"href":"https:\/\/gpl-love.com\/es\/wp-json\/wp\/v2\/product"}],"about":[{"href":"https:\/\/gpl-love.com\/es\/wp-json\/wp\/v2\/types\/product"}],"replies":[{"embeddable":true,"href":"https:\/\/gpl-love.com\/es\/wp-json\/wp\/v2\/comments?post=111146"}],"wp:featuredmedia":[{"embeddable":true,"href":"https:\/\/gpl-love.com\/es\/wp-json\/wp\/v2\/media\/167442"}],"wp:attachment":[{"href":"https:\/\/gpl-love.com\/es\/wp-json\/wp\/v2\/media?parent=111146"}],"wp:term":[{"taxonomy":"product_brand","embeddable":true,"href":"https:\/\/gpl-love.com\/es\/wp-json\/wp\/v2\/product_brand?post=111146"},{"taxonomy":"product_cat","embeddable":true,"href":"https:\/\/gpl-love.com\/es\/wp-json\/wp\/v2\/product_cat?post=111146"},{"taxonomy":"product_tag","embeddable":true,"href":"https:\/\/gpl-love.com\/es\/wp-json\/wp\/v2\/product_tag?post=111146"}],"curies":[{"name":"wp","href":"https:\/\/api.w.org\/{rel}","templated":true}]}}