{"id":111144,"date":"2025-03-07T00:00:00","date_gmt":"2025-03-07T05:00:00","guid":{"rendered":"http:\/\/gpl-love.com\/es\/producto\/searchwp-wpml-integration\/"},"modified":"2026-04-10T11:24:14","modified_gmt":"2026-04-10T16:24:14","slug":"searchwp-wpml-integration","status":"publish","type":"product","link":"https:\/\/gpl-love.com\/es\/producto\/searchwp-wpml-integration\/","title":{"rendered":"SearchWP WPML Integration 1.7.2"},"content":{"rendered":"<h3>SearchWP WPML Integration Caracteristicas<\/h3>\n<p>La integraci\u00f3n WPML SearchWP, una herramienta notablemente potente, fusiona sin problemas el complemento SearchWP ampliamente aclamado con el complemento de traducci\u00f3n WPML mejor calificado. Esta integraci\u00f3n excepcional otorga a los usuarios la capacidad sin esfuerzo para explorar contenido traducido en su sitio multiling\u00fce de WordPress al aprovechar la funcionalidad de b\u00fasqueda formidable de SearchWP. Gracias a esta integraci\u00f3n perfecta, los usuarios pueden buscar y recuperar el contenido sin esfuerzo en una multitud de idiomas, que abarca una variedad de campos personalizados, taxonom\u00edas y tipos de publicaciones. Adem\u00e1s de eso, la integraci\u00f3n WPML SearchWP equipa a los usuarios con la invaluable capacidad para adaptar los resultados de b\u00fasqueda de acuerdo con el lenguaje, solidificando as\u00ed su estado como un activo indispensable para sitios web multiling\u00fces. En general, esta integraci\u00f3n sirve para optimizar el proceso de b\u00fasqueda de sitios multiling\u00fces, dotando a los usuarios con resultados de b\u00fasqueda precisos y pertinentes en su lenguaje preferido.<\/p>\n<ul>\n<li>Integra sin problemas SearchWP con WPML para capacidades de b\u00fasqueda multiling\u00fce<\/li>\n<li>Permite una b\u00fasqueda eficiente y precisa en varios idiomas en su sitio de WordPress<\/li>\n<li>Compatible con todas las funciones de b\u00fasqueda de SearchWP, incluida la resaltura de palabras clave y la coincidencia difusa<\/li>\n<li>F\u00e1cil de configurar y configurar con el sistema de administraci\u00f3n de traducci\u00f3n de WPML<\/li>\n<li>Proporciona una poderosa soluci\u00f3n de b\u00fasqueda para sitios con audiencias globales o versiones de idiomas m\u00faltiples.<\/li>\n<li>Mejora la experiencia del usuario al eliminar las barreras del idioma para la funcionalidad de b\u00fasqueda<\/li>\n<li>Ofrece soporte y actualizaciones para la compatibilidad continua y un rendimiento \u00f3ptimo.<\/li>\n<\/ul>\n","protected":false},"excerpt":{"rendered":"<p>La integraci\u00f3n WPML de SearchWP representa una herramienta notablemente potente que amplifica sustancialmente la funcionalidad de b\u00fasqueda de su sitio de WordPress, lo que genera una experiencia de usuario mejorada. Esta integraci\u00f3n facilita sin problemas la traducci\u00f3n de los t\u00e9rminos de b\u00fasqueda, lo que permite a los usuarios obtener convenientemente contenido en su lenguaje preferido. Adem\u00e1s, avanza sustancialmente la relevancia y precisi\u00f3n de los resultados de b\u00fasqueda. Al aprovechar la integraci\u00f3n de WPML SearchWP, sin duda otorgar\u00e1 a su audiencia multiling\u00fce una experiencia de usuario incomparable.<\/p>\n","protected":false},"featured_media":167441,"comment_status":"open","ping_status":"open","template":"","meta":[],"product_brand":[2553],"product_cat":[1214,1206,1211],"product_tag":[1368],"class_list":{"0":"post-111144","1":"product","2":"type-product","3":"status-publish","4":"has-post-thumbnail","6":"product_brand-search-wp","7":"product_cat-personalizacion","8":"product_cat-plugins","9":"product_cat-wordpress-plugins","10":"product_tag-search-wp","11":"member-discount","12":"discount-restricted","14":"first","15":"instock","16":"sale","17":"downloadable","18":"virtual","19":"sold-individually","20":"purchasable","21":"product-type-simple"},"_links":{"self":[{"href":"https:\/\/gpl-love.com\/es\/wp-json\/wp\/v2\/product\/111144","targetHints":{"allow":["GET"]}}],"collection":[{"href":"https:\/\/gpl-love.com\/es\/wp-json\/wp\/v2\/product"}],"about":[{"href":"https:\/\/gpl-love.com\/es\/wp-json\/wp\/v2\/types\/product"}],"replies":[{"embeddable":true,"href":"https:\/\/gpl-love.com\/es\/wp-json\/wp\/v2\/comments?post=111144"}],"wp:featuredmedia":[{"embeddable":true,"href":"https:\/\/gpl-love.com\/es\/wp-json\/wp\/v2\/media\/167441"}],"wp:attachment":[{"href":"https:\/\/gpl-love.com\/es\/wp-json\/wp\/v2\/media?parent=111144"}],"wp:term":[{"taxonomy":"product_brand","embeddable":true,"href":"https:\/\/gpl-love.com\/es\/wp-json\/wp\/v2\/product_brand?post=111144"},{"taxonomy":"product_cat","embeddable":true,"href":"https:\/\/gpl-love.com\/es\/wp-json\/wp\/v2\/product_cat?post=111144"},{"taxonomy":"product_tag","embeddable":true,"href":"https:\/\/gpl-love.com\/es\/wp-json\/wp\/v2\/product_tag?post=111144"}],"curies":[{"name":"wp","href":"https:\/\/api.w.org\/{rel}","templated":true}]}}