{"id":111142,"date":"2025-08-03T00:00:00","date_gmt":"2025-08-03T05:00:00","guid":{"rendered":"http:\/\/gpl-love.com\/es\/producto\/searchwp-wp-job-manager-integration\/"},"modified":"2026-04-10T11:24:02","modified_gmt":"2026-04-10T16:24:02","slug":"searchwp-wp-job-manager-integration","status":"publish","type":"product","link":"https:\/\/gpl-love.com\/es\/producto\/searchwp-wp-job-manager-integration\/","title":{"rendered":"SearchWP Job Manager Integration 1.6.2"},"content":{"rendered":"<h3>SearchWP Job Manager Integration Caracteristicas<\/h3>\n<p>La integraci\u00f3n de SearchWP Job Manager, que se integra perfectamente con el complemento de Administrador de trabajo ampliamente utilizado para WordPress, ofrece una soluci\u00f3n robusta y eficiente para los propietarios de sitios web que tienen como objetivo proporcionar a sus usuarios una funcionalidad de b\u00fasqueda de empleo mejorada. Al permitir a los usuarios explorar sin esfuerzo listados de trabajo en su sitio web, esta integraci\u00f3n hace que el proceso de encontrar la oportunidad de empleo ideal sea muy f\u00e1cil. Equipados con una variedad de capacidades de b\u00fasqueda avanzadas, las personas pueden identificar sin esfuerzo el trabajo perfecto que se alinea con sus requisitos espec\u00edficos, independientemente de si buscan puestos a tiempo completo o a tiempo parcial, trabajan de forma remota o en el sitio, o persiguen cualquier otro tipo de empleo. Sin lugar a dudas, la integraci\u00f3n de SearchWP Job Manager sirve como una herramienta indispensable para los propietarios de sitios web que est\u00e1n comprometidos a ofrecer una experiencia de b\u00fasqueda de empleo incomparable a sus estimados usuarios.<\/p>\n<ul>\n<li>Integre sin problemas SearchWP con el administrador de trabajo para mejorar la funcionalidad de b\u00fasqueda de empleo en su sitio web.<\/li>\n<li>Mejore la experiencia de usuario de su sitio web permitiendo a los usuarios buscar y filtrar f\u00e1cilmente los listados de trabajo utilizando las potentes capacidades de b\u00fasqueda de SearchWP.<\/li>\n<li>Personalice sus resultados de b\u00fasqueda de empleo mostrando solo los trabajos m\u00e1s relevantes basados \u200b\u200ben palabras clave, categor\u00edas y tipos de trabajo.<\/li>\n<li>Ahorre tiempo y recursos al permitir que los solicitantes de empleo encuentren r\u00e1pidamente el trabajo adecuado, lo que lleva a mayores tasas de compromiso y retenci\u00f3n.<\/li>\n<li>Instalaci\u00f3n y configuraci\u00f3n f\u00e1cil, con documentaci\u00f3n y soporte claros disponibles en el equipo SearchWP.<\/li>\n<\/ul>\n","protected":false},"excerpt":{"rendered":"<p>La integraci\u00f3n de SearchWP Job Manager es una herramienta extremadamente potente y eficaz que armoniza sin problemas su sistema de gesti\u00f3n de empleo con la funcionalidad de la b\u00fasqueda de su sitio web. Al brindar a los visitantes la conveniencia de examinar sin esfuerzo y refinar sus resultados de b\u00fasqueda en medio de la gran cantidad de listados de trabajo en su sitio web, esta integraci\u00f3n mejora sustancialmente su experiencia de usuario y aumenta significativamente su probabilidad de desenterrar con \u00e9xito su ocupaci\u00f3n ideal. Con un procedimiento de instalaci\u00f3n sin complicaciones y una variedad de configuraciones personalizables, la integraci\u00f3n de SearchWP Job Manager es una herramienta indispensable para cualquier empresa que busque amplificar la efectividad y la eficacia de su proceso de reclutamiento en l\u00ednea.<\/p>\n","protected":false},"featured_media":167425,"comment_status":"open","ping_status":"open","template":"","meta":[],"product_brand":[2553],"product_cat":[1214,1206,1211],"product_tag":[1368],"class_list":{"0":"post-111142","1":"product","2":"type-product","3":"status-publish","4":"has-post-thumbnail","6":"product_brand-search-wp","7":"product_cat-personalizacion","8":"product_cat-plugins","9":"product_cat-wordpress-plugins","10":"product_tag-search-wp","11":"member-discount","12":"discount-restricted","14":"first","15":"instock","16":"sale","17":"downloadable","18":"virtual","19":"sold-individually","20":"purchasable","21":"product-type-simple"},"_links":{"self":[{"href":"https:\/\/gpl-love.com\/es\/wp-json\/wp\/v2\/product\/111142","targetHints":{"allow":["GET"]}}],"collection":[{"href":"https:\/\/gpl-love.com\/es\/wp-json\/wp\/v2\/product"}],"about":[{"href":"https:\/\/gpl-love.com\/es\/wp-json\/wp\/v2\/types\/product"}],"replies":[{"embeddable":true,"href":"https:\/\/gpl-love.com\/es\/wp-json\/wp\/v2\/comments?post=111142"}],"wp:featuredmedia":[{"embeddable":true,"href":"https:\/\/gpl-love.com\/es\/wp-json\/wp\/v2\/media\/167425"}],"wp:attachment":[{"href":"https:\/\/gpl-love.com\/es\/wp-json\/wp\/v2\/media?parent=111142"}],"wp:term":[{"taxonomy":"product_brand","embeddable":true,"href":"https:\/\/gpl-love.com\/es\/wp-json\/wp\/v2\/product_brand?post=111142"},{"taxonomy":"product_cat","embeddable":true,"href":"https:\/\/gpl-love.com\/es\/wp-json\/wp\/v2\/product_cat?post=111142"},{"taxonomy":"product_tag","embeddable":true,"href":"https:\/\/gpl-love.com\/es\/wp-json\/wp\/v2\/product_tag?post=111142"}],"curies":[{"name":"wp","href":"https:\/\/api.w.org\/{rel}","templated":true}]}}