{"id":111140,"date":"2023-02-07T00:00:00","date_gmt":"2023-02-07T05:00:00","guid":{"rendered":"http:\/\/gpl-love.com\/es\/producto\/searchwp-wp-document-revisions-integration\/"},"modified":"2026-04-10T11:23:58","modified_gmt":"2026-04-10T16:23:58","slug":"searchwp-wp-document-revisions-integration","status":"publish","type":"product","link":"https:\/\/gpl-love.com\/es\/producto\/searchwp-wp-document-revisions-integration\/","title":{"rendered":"SearchWP Document Revisions Integration 1.1.0"},"content":{"rendered":"<h3>SearchWP Document Revisions Integration Caracteristicas<\/h3>\n<p>La integraci\u00f3n entre SearchWP y las revisiones de documentos ofrece un enfoque altamente eficiente y simplificado para buscar revisiones de documentos dentro de la plataforma WordPress. A trav\u00e9s de la integraci\u00f3n perfecta proporcionada por este complemento, los usuarios est\u00e1n facultados para navegar sin esfuerzo a trav\u00e9s de las diversas revisiones de sus documentos, aprovechando las capacidades de b\u00fasqueda que abarcan contenido, t\u00edtulo, extracto e incluso campos personalizados. Al eliminar la necesidad de tamizar manual, esta integraci\u00f3n acelera el proceso de localizaci\u00f3n de versiones de documentos anteriores, mejorando significativamente la funcionalidad general y la experiencia del usuario de la plataforma WordPress. En consecuencia, la gesti\u00f3n y el seguimiento de las revisiones de documentos se convierten en un esfuerzo m\u00e1s perfecto y f\u00e1cil de usar.<\/p>\n<ul>\n<li>Integra el complemento SearchWP con la funci\u00f3n de revisiones de documentos en WordPress<\/li>\n<li>Permite a los usuarios buscar en las revisiones de documentos en el sitio web<\/li>\n<li>Agiliza el proceso de encontrar versiones espec\u00edficas de documentos<\/li>\n<li>Ahorra tiempo y esfuerzo para los administradores y usuarios del sitio web<\/li>\n<li>Mejora la experiencia general del usuario en el sitio web<\/li>\n<li>F\u00e1cil de instalar y configurar<\/li>\n<li>Funciona sin problemas con SearchWP y revisiones de documentos<\/li>\n<li>Totalmente compatible con el equipo de SearchWP con actualizaciones y mejoras regulares<\/li>\n<li>Atiende a sitios web que con frecuencia actualizan y revisan documentos<\/li>\n<li>Altamente recomendado para sitios web con grandes vol\u00famenes de actualizaciones y revisiones de contenido.<\/li>\n<\/ul>\n","protected":false},"excerpt":{"rendered":"<p>La integraci\u00f3n de revisiones de documentos de SearchWP demuestra ser una herramienta inmensamente potente, que garantiza la preservaci\u00f3n perpetua de alteraciones significativas realizadas a sus documentos. Al integrarse sin problemas con SearchWP, este complemento de integraci\u00f3n le permite recorrer sin esfuerzo a trav\u00e9s de cada variante de cada documento dentro de su sitio web, lo que hace que la posibilidad de pasar por alto la informaci\u00f3n crucial obsoleta. La interfaz intuitiva dise\u00f1ada ofrece una experiencia f\u00e1cil de usar, simplificando el proceso de localizaci\u00f3n de la revisi\u00f3n de documentos deseada al tiempo que maximiza la eficiencia. \u00a1Por lo tanto, no hay raz\u00f3n para retrasar! \u00a1Abrace el progreso descargando el complemento de integraci\u00f3n de revisiones de documentos SearchWP hoy y eleva la gesti\u00f3n de su documento a alturas sin precedentes!<\/p>\n","protected":false},"featured_media":167418,"comment_status":"open","ping_status":"open","template":"","meta":[],"product_brand":[2553],"product_cat":[1214,1206,1211],"product_tag":[1368],"class_list":{"0":"post-111140","1":"product","2":"type-product","3":"status-publish","4":"has-post-thumbnail","6":"product_brand-search-wp","7":"product_cat-personalizacion","8":"product_cat-plugins","9":"product_cat-wordpress-plugins","10":"product_tag-search-wp","11":"member-discount","12":"discount-restricted","14":"first","15":"instock","16":"sale","17":"downloadable","18":"virtual","19":"sold-individually","20":"purchasable","21":"product-type-simple"},"_links":{"self":[{"href":"https:\/\/gpl-love.com\/es\/wp-json\/wp\/v2\/product\/111140","targetHints":{"allow":["GET"]}}],"collection":[{"href":"https:\/\/gpl-love.com\/es\/wp-json\/wp\/v2\/product"}],"about":[{"href":"https:\/\/gpl-love.com\/es\/wp-json\/wp\/v2\/types\/product"}],"replies":[{"embeddable":true,"href":"https:\/\/gpl-love.com\/es\/wp-json\/wp\/v2\/comments?post=111140"}],"wp:featuredmedia":[{"embeddable":true,"href":"https:\/\/gpl-love.com\/es\/wp-json\/wp\/v2\/media\/167418"}],"wp:attachment":[{"href":"https:\/\/gpl-love.com\/es\/wp-json\/wp\/v2\/media?parent=111140"}],"wp:term":[{"taxonomy":"product_brand","embeddable":true,"href":"https:\/\/gpl-love.com\/es\/wp-json\/wp\/v2\/product_brand?post=111140"},{"taxonomy":"product_cat","embeddable":true,"href":"https:\/\/gpl-love.com\/es\/wp-json\/wp\/v2\/product_cat?post=111140"},{"taxonomy":"product_tag","embeddable":true,"href":"https:\/\/gpl-love.com\/es\/wp-json\/wp\/v2\/product_tag?post=111140"}],"curies":[{"name":"wp","href":"https:\/\/api.w.org\/{rel}","templated":true}]}}