{"id":111138,"date":"2025-01-16T00:00:00","date_gmt":"2025-01-16T05:00:00","guid":{"rendered":"http:\/\/gpl-love.com\/es\/producto\/searchwp-woocommerce-integration\/"},"modified":"2026-04-10T11:24:12","modified_gmt":"2026-04-10T16:24:12","slug":"searchwp-woocommerce-integration","status":"publish","type":"product","link":"https:\/\/gpl-love.com\/es\/producto\/searchwp-woocommerce-integration\/","title":{"rendered":"SearchWP WooCommerce Integration 1.4.1"},"content":{"rendered":"<h3>SearchWP WooCommerce Integration Caracteristicas<\/h3>\n<p>La integraci\u00f3n de WooCommerce de SearchWP sirve como una soluci\u00f3n robusta e influyente que empodera a los propietarios de las tiendas WooCommerce con la capacidad de optimizar y enriquecer la funcionalidad de b\u00fasqueda de sus sitios web. Al implementar esta integraci\u00f3n, los clientes reciben la comodidad de localizar sin esfuerzo sus productos deseados, amplificando as\u00ed su experiencia general de compra y posteriormente aumentar las ventas. Esta integraci\u00f3n ofrece una mir\u00edada de capacidades de b\u00fasqueda avanzadas, que abarca el filtrado, la ponderaci\u00f3n de autocompletaci\u00f3n y la b\u00fasqueda, todo lo cual colabora sin\u00e9rgicamente para proporcionar a los usuarios resultados de b\u00fasqueda que no solo son m\u00e1s precisos sino tambi\u00e9n m\u00e1s gemanos para sus consultas previstas. Adem\u00e1s, la instalaci\u00f3n y configuraci\u00f3n de esta integraci\u00f3n es un esfuerzo sin complicaciones, y su compatibilidad perfecta con WooCommerce lo convierte en una opci\u00f3n extremadamente encomiable para cualquier propietario de la tienda de WooCommerce que anhela optimizar la funcionalidad de b\u00fasqueda de su sitio web. Con la incorporaci\u00f3n perfecta de la integraci\u00f3n de WooCommerce de SearchWP, tenga la seguridad de que sus clientes podr\u00e1n descubrir r\u00e1pidamente lo que est\u00e1 buscando, obteniendo as\u00ed un aumento notable en las ventas de su tienda.<\/p>\n<ul>\n<li>Integra sin problemas SearchWP con su tienda WooCommerce<\/li>\n<li>Mejora la funcionalidad de b\u00fasqueda de productos para sus clientes<\/li>\n<li>Permite resultados de b\u00fasqueda personalizados para categor\u00edas o atributos de productos espec\u00edficos<\/li>\n<li>Aumenta la velocidad del sitio reduciendo consultas innecesarias de bases de datos<\/li>\n<li>Proporciona registros de b\u00fasqueda detallados para mejores informaci\u00f3n del cliente<\/li>\n<li>Facilita la configuraci\u00f3n y la configuraci\u00f3n f\u00e1cil con la interfaz intuitiva<\/li>\n<li>Admite la b\u00fasqueda multiling\u00fce con compatibilidad WPML<\/li>\n<li>Ofrece soporte al cliente de primer nivel y actualizaciones regulares<\/li>\n<\/ul>\n","protected":false},"excerpt":{"rendered":"<p>La integraci\u00f3n SearchWP WooCommerce es una herramienta incre\u00edblemente robusta que optimiza y mejora efectivamente la experiencia de b\u00fasqueda de su tienda en l\u00ednea. Su prop\u00f3sito es facilitar a sus clientes a encontrar exactamente lo que desean, al tiempo que le proporciona simult\u00e1neamente datos completos y perspicaces sobre el rendimiento de su tienda. Mediante esta integraci\u00f3n, posee la capacidad de adaptar su configuraci\u00f3n de b\u00fasqueda para generar resultados de b\u00fasqueda significativamente m\u00e1s pertinentes, as\u00ed como personalizar la apariencia de estos resultados de acuerdo con sus preferencias. Adem\u00e1s, tiene la capacidad de monitorear y analizar el comportamiento de los usuarios durante sus actividades de b\u00fasqueda. Independientemente de si su objetivo es elevar su tasa de conversi\u00f3n o aumentar la satisfacci\u00f3n general de sus clientes, la integraci\u00f3n SearchWP WooCommerce es, sin duda, la opci\u00f3n \u00f3ptima para cualquier minorista en l\u00ednea.<\/p>\n","protected":false},"featured_media":167438,"comment_status":"open","ping_status":"open","template":"","meta":[],"product_brand":[2553],"product_cat":[1214,1206,1211],"product_tag":[1368],"class_list":{"0":"post-111138","1":"product","2":"type-product","3":"status-publish","4":"has-post-thumbnail","6":"product_brand-search-wp","7":"product_cat-personalizacion","8":"product_cat-plugins","9":"product_cat-wordpress-plugins","10":"product_tag-search-wp","11":"member-discount","12":"discount-restricted","14":"first","15":"instock","16":"sale","17":"downloadable","18":"virtual","19":"sold-individually","20":"purchasable","21":"product-type-simple"},"_links":{"self":[{"href":"https:\/\/gpl-love.com\/es\/wp-json\/wp\/v2\/product\/111138","targetHints":{"allow":["GET"]}}],"collection":[{"href":"https:\/\/gpl-love.com\/es\/wp-json\/wp\/v2\/product"}],"about":[{"href":"https:\/\/gpl-love.com\/es\/wp-json\/wp\/v2\/types\/product"}],"replies":[{"embeddable":true,"href":"https:\/\/gpl-love.com\/es\/wp-json\/wp\/v2\/comments?post=111138"}],"wp:featuredmedia":[{"embeddable":true,"href":"https:\/\/gpl-love.com\/es\/wp-json\/wp\/v2\/media\/167438"}],"wp:attachment":[{"href":"https:\/\/gpl-love.com\/es\/wp-json\/wp\/v2\/media?parent=111138"}],"wp:term":[{"taxonomy":"product_brand","embeddable":true,"href":"https:\/\/gpl-love.com\/es\/wp-json\/wp\/v2\/product_brand?post=111138"},{"taxonomy":"product_cat","embeddable":true,"href":"https:\/\/gpl-love.com\/es\/wp-json\/wp\/v2\/product_cat?post=111138"},{"taxonomy":"product_tag","embeddable":true,"href":"https:\/\/gpl-love.com\/es\/wp-json\/wp\/v2\/product_tag?post=111138"}],"curies":[{"name":"wp","href":"https:\/\/api.w.org\/{rel}","templated":true}]}}