{"id":111136,"date":"2021-03-02T00:00:00","date_gmt":"2021-03-02T05:00:00","guid":{"rendered":"http:\/\/gpl-love.com\/es\/producto\/searchwp-term-synonyms\/"},"modified":"2026-04-10T11:24:11","modified_gmt":"2026-04-10T16:24:11","slug":"searchwp-term-synonyms","status":"publish","type":"product","link":"https:\/\/gpl-love.com\/es\/producto\/searchwp-term-synonyms\/","title":{"rendered":"SearchWP Term Synonyms 2.4.14"},"content":{"rendered":"<h3>SearchWP Term Synonyms Caracteristicas<\/h3>\n<p>SearchWP Term Synsonms es un complemento robusto de WordPress que mejora en gran medida la funcionalidad de b\u00fasqueda de su sitio web al otorgarle la capacidad de definir e incorporar meticulosamente los sin\u00f3nimos para sus t\u00e9rminos de b\u00fasqueda, facilitando as\u00ed una experiencia de b\u00fasqueda m\u00e1s integral y precisa para sus usuarios. Este complemento excepcional se integra perfectamente con su motor de b\u00fasqueda preexistente, lo que le permite designar sin\u00f3nimos sin esfuerzo para t\u00e9rminos individuales, frases o incluso categor\u00edas completas. Adem\u00e1s, cuenta con funcionalidades avanzadas, como la exclusi\u00f3n de ciertos t\u00e9rminos de ser buscados o la aplicaci\u00f3n de un t\u00e9rmino espec\u00edfico a buscar. Sin duda, esta herramienta indispensable es una necesidad absoluta para cualquier sitio web que se basa en gran medida en la efectividad de su funcionalidad de b\u00fasqueda.<\/p>\n<ul>\n<li>Funcionalidad de b\u00fasqueda mejorada en su sitio web<\/li>\n<li>Sin\u00f3nimos autom\u00e1ticos para t\u00e9rminos de b\u00fasqueda<\/li>\n<li>Integraci\u00f3n f\u00e1cil con el complemento SearchWP<\/li>\n<li>Mejor experiencia de usuario para los visitantes<\/li>\n<li>Mayor eficiencia para los administradores del sitio<\/li>\n<li>Reglas flexibles para personalizar los sin\u00f3nimos<\/li>\n<li>Mejorar los resultados de b\u00fasqueda y un mayor compromiso<\/li>\n<li>Interfaz f\u00e1cil de usar para administrar sin\u00f3nimos<\/li>\n<li>Mejora relevancia de los resultados de b\u00fasqueda<\/li>\n<li>Integraci\u00f3n con WooCommerce para una mejor b\u00fasqueda de productos<\/li>\n<li>Compatibilidad con la mayor\u00eda de los temas y complementos de WordPress.<\/li>\n<\/ul>\n","protected":false},"excerpt":{"rendered":"<p>Searchwp Term Synonmys es un complemento altamente efectivo y f\u00e1cil de usar que ha sido intrincadamente dise\u00f1ado para mejorar notablemente la precisi\u00f3n y la correcci\u00f3n de los resultados de b\u00fasqueda en su estimado sitio web. Al proponer y ofrecer sin\u00f3nimos de manera astuta para los t\u00e9rminos que los usuarios buscan regularmente y con frecuencia, esta herramienta fenomenal proporciona asistencia invaluable para facilitar a los usuarios a ubicar sin esfuerzo y expeditadamente con precisi\u00f3n lo que buscan fervientemente. Adem\u00e1s, este complemento notable disminuye significativamente la probabilidad de las oportunidades perdidas que pueden surgir como consecuencia directa de las disparidades en el lenguaje y la terminolog\u00eda. Armado con las capacidades formidables de los sin\u00f3nimos del t\u00e9rmino SearchWP, puede elevar sin esfuerzo la experiencia general del usuario a alturas sin precedentes, al tiempo que aumenta la prespicer\u00eda y la prominencia de su contenido invaluable.<\/p>\n","protected":false},"featured_media":167437,"comment_status":"open","ping_status":"open","template":"","meta":[],"product_brand":[2553],"product_cat":[1214,1206,1211],"product_tag":[1368],"class_list":{"0":"post-111136","1":"product","2":"type-product","3":"status-publish","4":"has-post-thumbnail","6":"product_brand-search-wp","7":"product_cat-personalizacion","8":"product_cat-plugins","9":"product_cat-wordpress-plugins","10":"product_tag-search-wp","11":"member-discount","12":"discount-restricted","14":"first","15":"instock","16":"sale","17":"downloadable","18":"virtual","19":"sold-individually","20":"purchasable","21":"product-type-simple"},"_links":{"self":[{"href":"https:\/\/gpl-love.com\/es\/wp-json\/wp\/v2\/product\/111136","targetHints":{"allow":["GET"]}}],"collection":[{"href":"https:\/\/gpl-love.com\/es\/wp-json\/wp\/v2\/product"}],"about":[{"href":"https:\/\/gpl-love.com\/es\/wp-json\/wp\/v2\/types\/product"}],"replies":[{"embeddable":true,"href":"https:\/\/gpl-love.com\/es\/wp-json\/wp\/v2\/comments?post=111136"}],"wp:featuredmedia":[{"embeddable":true,"href":"https:\/\/gpl-love.com\/es\/wp-json\/wp\/v2\/media\/167437"}],"wp:attachment":[{"href":"https:\/\/gpl-love.com\/es\/wp-json\/wp\/v2\/media?parent=111136"}],"wp:term":[{"taxonomy":"product_brand","embeddable":true,"href":"https:\/\/gpl-love.com\/es\/wp-json\/wp\/v2\/product_brand?post=111136"},{"taxonomy":"product_cat","embeddable":true,"href":"https:\/\/gpl-love.com\/es\/wp-json\/wp\/v2\/product_cat?post=111136"},{"taxonomy":"product_tag","embeddable":true,"href":"https:\/\/gpl-love.com\/es\/wp-json\/wp\/v2\/product_tag?post=111136"}],"curies":[{"name":"wp","href":"https:\/\/api.w.org\/{rel}","templated":true}]}}