{"id":111134,"date":"2021-03-02T00:00:00","date_gmt":"2021-03-02T05:00:00","guid":{"rendered":"http:\/\/gpl-love.com\/es\/producto\/searchwp-term-highlight\/"},"modified":"2026-04-10T11:24:10","modified_gmt":"2026-04-10T16:24:10","slug":"searchwp-term-highlight","status":"publish","type":"product","link":"https:\/\/gpl-love.com\/es\/producto\/searchwp-term-highlight\/","title":{"rendered":"SearchWP Term Highlight 2.1.14"},"content":{"rendered":"<h3>SearchWP Term Highlight Caracteristicas<\/h3>\n<p>La herramienta SearchWP Term Stopale, un recurso innovador y altamente beneficioso, proporciona a los usuarios la capacidad de enfatizar efectivamente los t\u00e9rminos y frases pertinentes dentro de sus resultados de b\u00fasqueda. A trav\u00e9s de la utilizaci\u00f3n de esta herramienta, las personas tienen la oportunidad de personalizar sin esfuerzo el color y el estilo de estos aspectos destacados, facilitando en \u00faltima instancia la r\u00e1pida identificaci\u00f3n de informaci\u00f3n crucial relacionada con sus consultas de b\u00fasqueda. Adem\u00e1s, la herramienta SearchWP Term spoint se presenta una naturaleza impresionantemente adaptable, otorgando a los usuarios la libertad de seleccionar qu\u00e9 t\u00e9rminos y frases espec\u00edficos se destacar\u00e1n y cu\u00e1les no. En consecuencia, esta herramienta sirve como una opci\u00f3n excepcional para aquellos que buscan mejorar la funcionalidad de b\u00fasqueda y optimizar la experiencia del usuario en sus respectivos sitios web.<\/p>\n<ul>\n<li>Resaltar r\u00e1pidamente los t\u00e9rminos de b\u00fasqueda en su sitio web para mejorar la visibilidad<\/li>\n<li>Configurar f\u00e1cilmente qu\u00e9 t\u00e9rminos de b\u00fasqueda se resaltan y c\u00f3mo aparecen<\/li>\n<li>Compatible con una variedad de temas y complementos de WordPress<\/li>\n<li>Proporciona una experiencia de usuario perfecta para los visitantes del sitio web<\/li>\n<li>Ayuda a los propietarios de sitios web a aumentar el compromiso y mejorar la capacidad de b\u00fasqueda<\/li>\n<li>Se puede personalizar para que coincida con la marca y el dise\u00f1o de su sitio web<\/li>\n<li>Ofrece an\u00e1lisis detallados para rastrear la popularidad y las tendencias del t\u00e9rmino de b\u00fasqueda<\/li>\n<li>Actualizado regularmente con nuevas funciones y mejoras<\/li>\n<li>Interfaz f\u00e1cil e intuitiva para f\u00e1cil configuraci\u00f3n y administraci\u00f3n<\/li>\n<li>Proporciona una excelente atenci\u00f3n al cliente para cualquier necesidad de soluci\u00f3n de problemas.<\/li>\n<\/ul>\n","protected":false},"excerpt":{"rendered":"<p>SearchWP Term Spighpow es un complemento altamente formidable e influyente que est\u00e1 dise\u00f1ado para resaltar de manera efectiva y competencia cada ocurrencia y manifestaci\u00f3n de los t\u00e9rminos de b\u00fasqueda que los visitantes y usuarios de su estimado y estimado sitio web de su estimado y estimado tienda en l\u00ednea. Este complemento meticulosamente elaborado y dise\u00f1ado meticulosamente ofrece y presenta una manera y un m\u00e9todo notablemente conveniente y f\u00e1cil de usar para aprovechar y emplear t\u00e9rminos de b\u00fasqueda, lo que permite y facilitando la navegaci\u00f3n y el recorrido del contenido abundante y voluminoso que est\u00e1 disponible y accesible en su sitio web o tienda en l\u00ednea. Con las capacidades y funcionalidades notables y excepcionales que se ofrecen y ofrecen un t\u00e9rmino SearchWP destacado, sus valiosos y estimados visitantes y usuarios pueden ubicar y determinar de manera expedita y determinar con precisi\u00f3n y precisi\u00f3n lo que buscan ardientemente e ansiosamente en un rango notablemente corto en un tiempo notablemente corto de tiempo. , por lo tanto, garantizar y garantizar una experiencia de usuario altamente satisfactoria y gratificante que est\u00e9 destinada a engendrar y fomentar una mayor y mejorada interacci\u00f3n e interacci\u00f3n.<\/p>\n","protected":false},"featured_media":167436,"comment_status":"open","ping_status":"open","template":"","meta":[],"product_brand":[2553],"product_cat":[1214,1206,1211],"product_tag":[1368],"class_list":{"0":"post-111134","1":"product","2":"type-product","3":"status-publish","4":"has-post-thumbnail","6":"product_brand-search-wp","7":"product_cat-personalizacion","8":"product_cat-plugins","9":"product_cat-wordpress-plugins","10":"product_tag-search-wp","11":"member-discount","12":"discount-restricted","14":"first","15":"instock","16":"sale","17":"downloadable","18":"virtual","19":"sold-individually","20":"purchasable","21":"product-type-simple"},"_links":{"self":[{"href":"https:\/\/gpl-love.com\/es\/wp-json\/wp\/v2\/product\/111134","targetHints":{"allow":["GET"]}}],"collection":[{"href":"https:\/\/gpl-love.com\/es\/wp-json\/wp\/v2\/product"}],"about":[{"href":"https:\/\/gpl-love.com\/es\/wp-json\/wp\/v2\/types\/product"}],"replies":[{"embeddable":true,"href":"https:\/\/gpl-love.com\/es\/wp-json\/wp\/v2\/comments?post=111134"}],"wp:featuredmedia":[{"embeddable":true,"href":"https:\/\/gpl-love.com\/es\/wp-json\/wp\/v2\/media\/167436"}],"wp:attachment":[{"href":"https:\/\/gpl-love.com\/es\/wp-json\/wp\/v2\/media?parent=111134"}],"wp:term":[{"taxonomy":"product_brand","embeddable":true,"href":"https:\/\/gpl-love.com\/es\/wp-json\/wp\/v2\/product_brand?post=111134"},{"taxonomy":"product_cat","embeddable":true,"href":"https:\/\/gpl-love.com\/es\/wp-json\/wp\/v2\/product_cat?post=111134"},{"taxonomy":"product_tag","embeddable":true,"href":"https:\/\/gpl-love.com\/es\/wp-json\/wp\/v2\/product_tag?post=111134"}],"curies":[{"name":"wp","href":"https:\/\/api.w.org\/{rel}","templated":true}]}}