{"id":111132,"date":"2023-02-07T00:00:00","date_gmt":"2023-02-07T05:00:00","guid":{"rendered":"http:\/\/gpl-love.com\/es\/producto\/searchwp-term-archive-priority\/"},"modified":"2026-04-10T11:24:09","modified_gmt":"2026-04-10T16:24:09","slug":"searchwp-term-archive-priority","status":"publish","type":"product","link":"https:\/\/gpl-love.com\/es\/producto\/searchwp-term-archive-priority\/","title":{"rendered":"SearchWP Term Archive Priority 1.2.2"},"content":{"rendered":"<h3>SearchWP Term Archive Priority Caracteristicas<\/h3>\n<p>Searchwp Term Archive Priority es un complemento incre\u00edblemente \u00fatil y eficiente que ha sido dise\u00f1ado espec\u00edficamente para ayudar a priorizar los resultados de b\u00fasqueda para los usuarios que utilizan t\u00e9rminos de los archivos. Este complemento notable le proporciona la capacidad de determinar y asignar un nivel de prioridad a cada archivo de t\u00e9rmino individual, lo que posteriormente permite que los resultados de b\u00fasqueda se clasifiquen y organicen de acuerdo con estos niveles de prioridad que se han designado. En consecuencia, esta ingeniosa caracter\u00edstica asegura que el contenido m\u00e1s pertinente y significativo se muestre prominentemente al comienzo de los resultados de b\u00fasqueda, lo que mejora la experiencia general de b\u00fasqueda de los usuarios y facilita su capacidad de localizar y obtener f\u00e1cilmente la informaci\u00f3n o contenido que son activamente. buscando. Adem\u00e1s, este complemento excepcional tambi\u00e9n abarca una gran cantidad de opciones personalizables, lo que le permite a la experiencia de b\u00fasqueda de eficiente y efectivamente la experiencia de b\u00fasqueda para alinearse perfectamente con sus requisitos y preferencias precisas y espec\u00edficas. Por lo tanto, es evidente que la gran potencia y la versatilidad del archivo de b\u00fasqueda de b\u00fasqueda de Searchwp prioridad culminan en una herramienta sobresaliente e invaluable que refuerza significativamente y eleva la funcionalidad de b\u00fasqueda de su estimado sitio web.<\/p>\n<ul>\n<li>Un complemento de WordPress que le permite priorizar sus resultados de b\u00fasqueda por archivo de t\u00e9rminos<\/li>\n<li>Mejora la funcionalidad de b\u00fasqueda asegurando que los resultados se ordenen en funci\u00f3n de los archivos de t\u00e9rminos espec\u00edficos<\/li>\n<li>Ayuda a los usuarios a encontrar contenido relevante m\u00e1s r\u00e1pida y f\u00e1cilmente<\/li>\n<li>Opciones personalizables para priorizar archivos de plazo espec\u00edficos sobre otros<\/li>\n<li>Completamente integrado con el complemento SearchWP, asegurando una funcionalidad perfecta<\/li>\n<li>F\u00e1cil de instalar y usar con una configuraci\u00f3n m\u00ednima requerida<\/li>\n<li>Proporciona una experiencia de usuario m\u00e1s simplificada para los visitantes de su sitio web<\/li>\n<li>Compatible con todos los temas de WordPress y compatible con todas las versiones de WordPress.<\/li>\n<\/ul>\n","protected":false},"excerpt":{"rendered":"<p>Searchwp Term Archive Priority es un complemento de WordPress incre\u00edblemente \u00fatil y efectivo que le presenta la oportunidad de priorizar sus resultados de b\u00fasqueda \u00fanicamente en los archivos de t\u00e9rminos, mejorando as\u00ed la relevancia general de sus resultados de b\u00fasqueda. Al implementar este complemento innovador, puede garantizar que los archivos de t\u00e9rminos m\u00e1s pertinentes se muestren prominentemente al comienzo de sus resultados de b\u00fasqueda, que finalmente optimiza y optimiza la experiencia del usuario. Adem\u00e1s, este complemento excepcional cuenta con una interfaz intuitiva dise\u00f1ada que no solo es f\u00e1cil de usar, sino que tambi\u00e9n es notablemente f\u00e1cil de navegar, instalar y configurar. Adem\u00e1s, se integra perfectamente con la gran mayor\u00eda de los temas y complementos de WordPress, lo que lo convierte en una herramienta incre\u00edblemente vers\u00e1til y adaptable para cualquier usuario de WordPress. Si est\u00e1 buscando elevar y aumentar la efectividad y la eficiencia de su funcionalidad de b\u00fasqueda, entonces la prioridad del archivo del t\u00e9rmino de b\u00fasqueda es sin duda la soluci\u00f3n ideal para usted. Pru\u00e9belo hoy y experimente la notable diferencia que puede hacer en su sitio web de WordPress.<\/p>\n","protected":false},"featured_media":167435,"comment_status":"open","ping_status":"open","template":"","meta":[],"product_brand":[2553],"product_cat":[1214,1206,1211],"product_tag":[1368],"class_list":{"0":"post-111132","1":"product","2":"type-product","3":"status-publish","4":"has-post-thumbnail","6":"product_brand-search-wp","7":"product_cat-personalizacion","8":"product_cat-plugins","9":"product_cat-wordpress-plugins","10":"product_tag-search-wp","11":"member-discount","12":"discount-restricted","14":"first","15":"instock","16":"sale","17":"downloadable","18":"virtual","19":"sold-individually","20":"purchasable","21":"product-type-simple"},"_links":{"self":[{"href":"https:\/\/gpl-love.com\/es\/wp-json\/wp\/v2\/product\/111132","targetHints":{"allow":["GET"]}}],"collection":[{"href":"https:\/\/gpl-love.com\/es\/wp-json\/wp\/v2\/product"}],"about":[{"href":"https:\/\/gpl-love.com\/es\/wp-json\/wp\/v2\/types\/product"}],"replies":[{"embeddable":true,"href":"https:\/\/gpl-love.com\/es\/wp-json\/wp\/v2\/comments?post=111132"}],"wp:featuredmedia":[{"embeddable":true,"href":"https:\/\/gpl-love.com\/es\/wp-json\/wp\/v2\/media\/167435"}],"wp:attachment":[{"href":"https:\/\/gpl-love.com\/es\/wp-json\/wp\/v2\/media?parent=111132"}],"wp:term":[{"taxonomy":"product_brand","embeddable":true,"href":"https:\/\/gpl-love.com\/es\/wp-json\/wp\/v2\/product_brand?post=111132"},{"taxonomy":"product_cat","embeddable":true,"href":"https:\/\/gpl-love.com\/es\/wp-json\/wp\/v2\/product_cat?post=111132"},{"taxonomy":"product_tag","embeddable":true,"href":"https:\/\/gpl-love.com\/es\/wp-json\/wp\/v2\/product_tag?post=111132"}],"curies":[{"name":"wp","href":"https:\/\/api.w.org\/{rel}","templated":true}]}}