{"id":111130,"date":"2025-07-31T00:00:00","date_gmt":"2025-07-31T05:00:00","guid":{"rendered":"http:\/\/gpl-love.com\/es\/producto\/searchwp-shortcodes\/"},"modified":"2026-04-10T11:24:08","modified_gmt":"2026-04-10T16:24:08","slug":"searchwp-shortcodes","status":"publish","type":"product","link":"https:\/\/gpl-love.com\/es\/producto\/searchwp-shortcodes\/","title":{"rendered":"SearchWP Shortcodes 1.8.5"},"content":{"rendered":"<h3>SearchWP Shortcodes Caracteristicas<\/h3>\n<p>Searchwp Shortcodes, una herramienta robusta de WordPress, ofrece a los usuarios la capacidad de mostrar los resultados de b\u00fasqueda mediante el uso de c\u00f3digos cortos. Este complemento excepcional otorga a las personas la oportunidad de presentar los resultados de b\u00fasqueda en cualquier p\u00e1gina deseada, post o \u00e1rea de widgets con una facilidad notable, que no requiere m\u00e1s que un pu\u00f1ado de clics simples. Adem\u00e1s, este complemento abarca una variedad de opciones personalizables, lo que permite a los usuarios modificar sin esfuerzo la salida para alinearse sin problemas con los requisitos previos de dise\u00f1o y funcionalidad \u00fanicos de su sitio web. La incorporaci\u00f3n de la funci\u00f3n de c\u00f3digo corto hace que el proceso de incrustaci\u00f3n de los resultados de b\u00fasqueda en cualquier ubicaci\u00f3n deseada sea muy f\u00e1cil, eliminando la necesidad de cualquier competencia de codificaci\u00f3n. Adem\u00e1s, vale la pena se\u00f1alar que los c\u00f3digos cortos de SearchWP cuenta con una flexibilidad incomparable e integraci\u00f3n perfecta con otros complementos de WordPress, solidificando efectivamente su estado como una herramienta indispensable para sitios web que se esfuerzan por mejorar su funcionalidad de b\u00fasqueda.<\/p>\n<ul>\n<li>Visualizaci\u00f3n de resultados de b\u00fasqueda personalizables<\/li>\n<li>Herramienta de generador de c\u00f3digos cortos f\u00e1ciles de usar<\/li>\n<li>Integraci\u00f3n perfecta con el complemento Searchwp<\/li>\n<li>Admite m\u00faltiples formularios de b\u00fasqueda en una p\u00e1gina<\/li>\n<li>Opciones de estilo flexible para resultados de b\u00fasqueda<\/li>\n<li>Visualizaci\u00f3n de resultados de b\u00fasqueda en tipos de publicaciones personalizadas y taxonom\u00edas<\/li>\n<li>Opci\u00f3n para excluir tipos de publicaciones espec\u00edficos o taxonom\u00edas de los resultados de b\u00fasqueda<\/li>\n<li>Actualizaciones de resultados de b\u00fasqueda instant\u00e1neos sin recarga de p\u00e1ginas<\/li>\n<li>Mejora relevancia y precisi\u00f3n de la b\u00fasqueda<\/li>\n<li>Soporte de b\u00fasqueda multiling\u00fce con complementos WPML y Polylang<\/li>\n<li>Caracter\u00edsticas de b\u00fasqueda avanzadas como operadores booleanos y palabras clave derivadas.<\/li>\n<\/ul>\n","protected":false},"excerpt":{"rendered":"<p>SearchWP Shortcodes es un complemento de WordPress incre\u00edblemente robusto y eficiente que le otorga la capacidad extraordinaria para generar sin esfuerzo formularios de b\u00fasqueda y pantallas de resultados de b\u00fasqueda utilizando el c\u00f3digo corto. Al aprovechar las funcionalidades extraordinarias de este complemento, est\u00e1 facultado para fabricar r\u00e1pidamente formularios de b\u00fasqueda a medida para adaptarse a diversos tipos de publicaciones, taxonom\u00edas y campos personalizados. Adem\u00e1s, posee la capacidad de ajustar los aspectos est\u00e9ticos de los resultados de b\u00fasqueda a trav\u00e9s de la utilizaci\u00f3n de diversas plantillas y otras opciones complementarias. Independientemente de si se identifica como blogger, vendedor de contenido o propietario del sitio web, este complemento excepcional sirve como un activo invaluable para mejorar la funcionalidad de b\u00fasqueda de su estimado sitio web.<\/p>\n","protected":false},"featured_media":167434,"comment_status":"open","ping_status":"open","template":"","meta":[],"product_brand":[2553],"product_cat":[1214,1206,1211],"product_tag":[1368],"class_list":{"0":"post-111130","1":"product","2":"type-product","3":"status-publish","4":"has-post-thumbnail","6":"product_brand-search-wp","7":"product_cat-personalizacion","8":"product_cat-plugins","9":"product_cat-wordpress-plugins","10":"product_tag-search-wp","11":"member-discount","12":"discount-restricted","14":"first","15":"instock","16":"sale","17":"downloadable","18":"virtual","19":"sold-individually","20":"purchasable","21":"product-type-simple"},"_links":{"self":[{"href":"https:\/\/gpl-love.com\/es\/wp-json\/wp\/v2\/product\/111130","targetHints":{"allow":["GET"]}}],"collection":[{"href":"https:\/\/gpl-love.com\/es\/wp-json\/wp\/v2\/product"}],"about":[{"href":"https:\/\/gpl-love.com\/es\/wp-json\/wp\/v2\/types\/product"}],"replies":[{"embeddable":true,"href":"https:\/\/gpl-love.com\/es\/wp-json\/wp\/v2\/comments?post=111130"}],"wp:featuredmedia":[{"embeddable":true,"href":"https:\/\/gpl-love.com\/es\/wp-json\/wp\/v2\/media\/167434"}],"wp:attachment":[{"href":"https:\/\/gpl-love.com\/es\/wp-json\/wp\/v2\/media?parent=111130"}],"wp:term":[{"taxonomy":"product_brand","embeddable":true,"href":"https:\/\/gpl-love.com\/es\/wp-json\/wp\/v2\/product_brand?post=111130"},{"taxonomy":"product_cat","embeddable":true,"href":"https:\/\/gpl-love.com\/es\/wp-json\/wp\/v2\/product_cat?post=111130"},{"taxonomy":"product_tag","embeddable":true,"href":"https:\/\/gpl-love.com\/es\/wp-json\/wp\/v2\/product_tag?post=111130"}],"curies":[{"name":"wp","href":"https:\/\/api.w.org\/{rel}","templated":true}]}}