{"id":111128,"date":"2025-12-12T00:00:00","date_gmt":"2025-12-12T05:00:00","guid":{"rendered":"http:\/\/gpl-love.com\/es\/producto\/searchwp-related-content\/"},"modified":"2026-03-09T08:05:53","modified_gmt":"2026-03-09T13:05:53","slug":"searchwp-related-content","status":"publish","type":"product","link":"https:\/\/gpl-love.com\/es\/producto\/searchwp-related-content\/","title":{"rendered":"SearchWP Related Content 1.5.5"},"content":{"rendered":"<h3>SearchWP Related Content Caracteristicas<\/h3>\n<p>El contenido relacionado con SearchWP es un complemento indispensable que cada sitio web debe incorporar para mejorar la experiencia del usuario al proporcionar contenido relevante y relacionado a su audiencia. Al utilizar algoritmos sofisticados, el complemento se integra perfectamente con SearchWP para presentar un contenido sin esfuerzo que sea similar o asociado con la consulta de b\u00fasqueda del usuario. Esta ingeniosa caracter\u00edstica permite a los usuarios explorar y navegar sin esfuerzo a otras p\u00e1ginas dentro del sitio web, fomentando as\u00ed un mayor compromiso y mitigando la probabilidad de altas tasas de rebote. Adem\u00e1s, el complemento ofrece una gran cantidad de opciones de personalizaci\u00f3n, permitiendo a los propietarios de sitios web ejercer control sobre la visualizaci\u00f3n de contenido relacionado y adaptarlo precisamente para sus requisitos \u00fanicos. Con las capacidades incomparables del contenido relacionado con SearchWP, los sitios web pueden amplificar exponencialmente su visibilidad, elevar la experiencia general del usuario y, en \u00faltima instancia, impulsar estrat\u00e9gicamente un aumento en el tr\u00e1fico a su estimado sitio.<\/p>\n<ul>\n<li>El contenido relacionado con SearchWP es un complemento poderoso que mejora las capacidades de b\u00fasqueda de su sitio web al proporcionar contenido relacionado sugerido<\/li>\n<li>Este complemento est\u00e1 dise\u00f1ado para integrarse a la perfecci\u00f3n con su configuraci\u00f3n de b\u00fasqueda existente, lo que facilita agregar sugerencias de contenido relacionadas a los resultados de b\u00fasqueda de su sitio.<\/li>\n<li>Utiliza un algoritmo sofisticado para analizar el contenido de su sitio y sugerir publicaciones o p\u00e1ginas relacionadas basadas en palabras clave y otros factores<\/li>\n<li>Puede personalizar el complemento para incluir o excluir categor\u00edas o etiquetas espec\u00edficas, y controlar el n\u00famero de sugerencias de contenido relacionadas que aparecen en cada resultado de la b\u00fasqueda<\/li>\n<li>El contenido relacionado con SearchWP es compatible con todos los temas populares de WordPress y se actualiza regularmente para garantizar la compatibilidad con las \u00faltimas versiones de WordPress y complementos relacionados<\/li>\n<li>El complemento es f\u00e1cil de instalar y configurar, y viene con documentaci\u00f3n detallada y soporte para ayudarlo a aprovechar al m\u00e1ximo sus muchas caracter\u00edsticas<\/li>\n<li>Con el contenido relacionado con SearchWP, puede ayudar a sus usuarios a encontrar m\u00e1s del contenido que est\u00e9 interesado y mantenerlos comprometidos e interesados \u200b\u200ben su sitio y sus ofertas.<\/li>\n<\/ul>\n","protected":false},"excerpt":{"rendered":"<p>El complemento de contenido relacionado con SearchWP est\u00e1 dise\u00f1ado para mejorar la navegaci\u00f3n del sitio web mostrando efectivamente contenido relacionado junto con los resultados de b\u00fasqueda, lo que finalmente resulta en una experiencia de usuario mejorada. Este complemento tiene el prop\u00f3sito de reducir las tasas de rebote al alentar activamente a los visitantes a profundizar en el sitio y explorar p\u00e1ginas adicionales. Con sus opciones de visualizaci\u00f3n personalizables e integraci\u00f3n de algoritmos de coincidencia de postes inteligentes, el contenido relacionado con SearchWP ofrece una soluci\u00f3n sofisticada e inteligente que mejora significativamente las capacidades de navegaci\u00f3n en el sitio.<\/p>\n","protected":false},"featured_media":167433,"comment_status":"open","ping_status":"open","template":"","meta":[],"product_brand":[2553],"product_cat":[1214,1206,1211],"product_tag":[1368],"class_list":{"0":"post-111128","1":"product","2":"type-product","3":"status-publish","4":"has-post-thumbnail","6":"product_brand-search-wp","7":"product_cat-personalizacion","8":"product_cat-plugins","9":"product_cat-wordpress-plugins","10":"product_tag-search-wp","11":"member-discount","12":"discount-restricted","14":"first","15":"instock","16":"sale","17":"downloadable","18":"virtual","19":"sold-individually","20":"purchasable","21":"product-type-simple"},"_links":{"self":[{"href":"https:\/\/gpl-love.com\/es\/wp-json\/wp\/v2\/product\/111128","targetHints":{"allow":["GET"]}}],"collection":[{"href":"https:\/\/gpl-love.com\/es\/wp-json\/wp\/v2\/product"}],"about":[{"href":"https:\/\/gpl-love.com\/es\/wp-json\/wp\/v2\/types\/product"}],"replies":[{"embeddable":true,"href":"https:\/\/gpl-love.com\/es\/wp-json\/wp\/v2\/comments?post=111128"}],"wp:featuredmedia":[{"embeddable":true,"href":"https:\/\/gpl-love.com\/es\/wp-json\/wp\/v2\/media\/167433"}],"wp:attachment":[{"href":"https:\/\/gpl-love.com\/es\/wp-json\/wp\/v2\/media?parent=111128"}],"wp:term":[{"taxonomy":"product_brand","embeddable":true,"href":"https:\/\/gpl-love.com\/es\/wp-json\/wp\/v2\/product_brand?post=111128"},{"taxonomy":"product_cat","embeddable":true,"href":"https:\/\/gpl-love.com\/es\/wp-json\/wp\/v2\/product_cat?post=111128"},{"taxonomy":"product_tag","embeddable":true,"href":"https:\/\/gpl-love.com\/es\/wp-json\/wp\/v2\/product_tag?post=111128"}],"curies":[{"name":"wp","href":"https:\/\/api.w.org\/{rel}","templated":true}]}}