{"id":111126,"date":"2025-11-26T00:00:00","date_gmt":"2025-11-26T05:00:00","guid":{"rendered":"http:\/\/gpl-love.com\/es\/producto\/searchwp-redirects\/"},"modified":"2026-03-09T08:05:52","modified_gmt":"2026-03-09T13:05:52","slug":"searchwp-redirects","status":"publish","type":"product","link":"https:\/\/gpl-love.com\/es\/producto\/searchwp-redirects\/","title":{"rendered":"SearchWP Redirects 1.6.0"},"content":{"rendered":"<h3>SearchWP Redirects Caracteristicas<\/h3>\n<p>SearchWP Redirects es un complemento WordPress incre\u00edblemente robusto y rico en funciones que otorga a los usuarios la incre\u00edble capacidad de redirigir consultas de b\u00fasqueda a p\u00e1ginas espec\u00edficas o incluso URL personalizadas en sus respectivos sitios web. La utilizaci\u00f3n de este complemento permite a los propietarios de sitios web establecer reglas sin esfuerzo que redirigan a los usuarios a las p\u00e1ginas m\u00e1s relevantes, reforzando significativamente la participaci\u00f3n del usuario y aumentando sustancialmente la navegaci\u00f3n del sitio web. El complemento cuenta con un nivel excepcional de personalizaci\u00f3n, lo que brinda a los usuarios la oportunidad de configurar redireccionamientos sobre la base de coincidencias de t\u00e9rminos de b\u00fasqueda o incluso expresiones regulares. Adem\u00e1s, SearchWP Redirects tambi\u00e9n proporciona a los propietarios de sitios web informes meticulosos e integrales sobre el n\u00famero total de redireccionamientos e interacciones de los usuarios, proporcion\u00e1ndoles as\u00ed ideas invaluables con respecto a su tr\u00e1fico de b\u00fasqueda. En general, se hace evidente que SearchWP redirige es una herramienta indispensable para cualquier propietario de sitios web exigente que est\u00e9 interesado en elevar su funcionalidad de b\u00fasqueda y mejorar la experiencia general del usuario.<\/p>\n<ul>\n<li>Redirigir sin esfuerzo las consultas de b\u00fasqueda de usuarios a sus p\u00e1ginas deseadas<\/li>\n<li>Cree redireccionamientos autom\u00e1ticamente para los t\u00e9rminos de b\u00fasqueda en su sitio web<\/li>\n<li>Hapy Tool para garantizar que los usuarios siempre est\u00e9n dirigidos a la informaci\u00f3n relevante<\/li>\n<li>Mejorar la experiencia del usuario y la navegaci\u00f3n del sitio web<\/li>\n<li>Configurar f\u00e1cilmente las reglas de redirecci\u00f3n a trav\u00e9s de una interfaz f\u00e1cil de usar<\/li>\n<li>Compatible con complementos y temas populares de WordPress<\/li>\n<li>Programe redireccionamientos autom\u00e1ticos para promociones estacionales o actualizaciones del sitio<\/li>\n<li>Monitorear y analizar los datos de b\u00fasqueda de usuarios para ajustar la estrategia de redirecci\u00f3n<\/li>\n<li>Ahorre tiempo y esfuerzo al racionalizar el proceso de creaci\u00f3n de redireccionamientos<\/li>\n<li>Aumentar la funcionalidad del sitio y la participaci\u00f3n del usuario con las redirecciones de SearchWP<\/li>\n<\/ul>\n","protected":false},"excerpt":{"rendered":"<p>SearchWP Redirects es una herramienta incre\u00edblemente robusta y altamente efectiva que se ha desarrollado espec\u00edficamente con el prop\u00f3sito de ayudar a los propietarios y administradores de sitios web en la gesti\u00f3n eficiente y la redirecci\u00f3n de las consultas de b\u00fasqueda en sus respectivos sitios web. Esta herramienta faculta a los usuarios establecer sin esfuerzo una conexi\u00f3n entre cualquier consulta de b\u00fasqueda dada y su URL correspondiente, lo que permite la creaci\u00f3n de redireccionamientos personalizados. Adem\u00e1s, SearchWP Redirects proporciona la capacidad invaluable para monitorear y rastrear activamente el tr\u00e1fico de usuarios, facilitando as\u00ed la optimizaci\u00f3n de la experiencia general del usuario. Ya sea que uno est\u00e9 en medio de un proyecto de redise\u00f1o del sitio web o simplemente busque mejorar el rendimiento de sus resultados de b\u00fasqueda, es inequ\u00edvocamente evidente que SearchWP Redirects es un activo indispensable para cualquier propietario de un sitio web consciente.<\/p>\n","protected":false},"featured_media":167432,"comment_status":"open","ping_status":"open","template":"","meta":[],"product_brand":[2553],"product_cat":[1214,1206,1211],"product_tag":[1368],"class_list":{"0":"post-111126","1":"product","2":"type-product","3":"status-publish","4":"has-post-thumbnail","6":"product_brand-search-wp","7":"product_cat-personalizacion","8":"product_cat-plugins","9":"product_cat-wordpress-plugins","10":"product_tag-search-wp","11":"member-discount","12":"discount-restricted","14":"first","15":"instock","16":"sale","17":"downloadable","18":"virtual","19":"sold-individually","20":"purchasable","21":"product-type-simple"},"_links":{"self":[{"href":"https:\/\/gpl-love.com\/es\/wp-json\/wp\/v2\/product\/111126","targetHints":{"allow":["GET"]}}],"collection":[{"href":"https:\/\/gpl-love.com\/es\/wp-json\/wp\/v2\/product"}],"about":[{"href":"https:\/\/gpl-love.com\/es\/wp-json\/wp\/v2\/types\/product"}],"replies":[{"embeddable":true,"href":"https:\/\/gpl-love.com\/es\/wp-json\/wp\/v2\/comments?post=111126"}],"wp:featuredmedia":[{"embeddable":true,"href":"https:\/\/gpl-love.com\/es\/wp-json\/wp\/v2\/media\/167432"}],"wp:attachment":[{"href":"https:\/\/gpl-love.com\/es\/wp-json\/wp\/v2\/media?parent=111126"}],"wp:term":[{"taxonomy":"product_brand","embeddable":true,"href":"https:\/\/gpl-love.com\/es\/wp-json\/wp\/v2\/product_brand?post=111126"},{"taxonomy":"product_cat","embeddable":true,"href":"https:\/\/gpl-love.com\/es\/wp-json\/wp\/v2\/product_cat?post=111126"},{"taxonomy":"product_tag","embeddable":true,"href":"https:\/\/gpl-love.com\/es\/wp-json\/wp\/v2\/product_tag?post=111126"}],"curies":[{"name":"wp","href":"https:\/\/api.w.org\/{rel}","templated":true}]}}