{"id":111124,"date":"2025-08-04T00:00:00","date_gmt":"2025-08-04T05:00:00","guid":{"rendered":"http:\/\/gpl-love.com\/es\/producto\/searchwp-privatecontent-integration\/"},"modified":"2026-04-10T11:24:07","modified_gmt":"2026-04-10T16:24:07","slug":"searchwp-privatecontent-integration","status":"publish","type":"product","link":"https:\/\/gpl-love.com\/es\/producto\/searchwp-privatecontent-integration\/","title":{"rendered":"SearchWP Private Content Integration 1.3.1"},"content":{"rendered":"<h3>SearchWP Private Content Integration Caracteristicas<\/h3>\n<p>La integraci\u00f3n de contenido privado SearchWP, una herramienta muy poderosa y notablemente eficiente, le otorga la capacidad de realizar b\u00fasquedas r\u00e1pidas y precisas sobre contenido privado. Al utilizar esta integraci\u00f3n, obtiene la capacidad sin esfuerzo para buscar exclusivamente el contenido visible \u00fanicamente a los usuarios autenticados, asegurando as\u00ed la impregnabilidad y la protecci\u00f3n de sus datos confidenciales. Con una integraci\u00f3n impecablemente perfecta con el complemento SearchWP, esta herramienta ofrece una amplia gama de opciones de b\u00fasqueda avanzadas, que abarca b\u00fasquedas de palabras clave, filtros y algoritmos de relevancia. Adem\u00e1s, proporciona estad\u00edsticas y an\u00e1lisis de b\u00fasqueda meticulosamente detallados, facilitando el monitoreo y la optimizaci\u00f3n de su rendimiento de b\u00fasqueda a largo plazo. Ya sea que su b\u00fasqueda implica hurgar a trav\u00e9s de documentos privados, archivos o cualquier otra forma de datos confidenciales, la integraci\u00f3n de contenido privado de SearchWP es una herramienta indispensable para cualquier organizaci\u00f3n que estima debidamente la importancia primordial de la seguridad de los datos y la eficiencia.<\/p>\n<ul>\n<li>Mejorar la funcionalidad de b\u00fasqueda de su sitio web con la integraci\u00f3n de contenido privado de SearchWP<\/li>\n<li>Proteger la informaci\u00f3n confidencial en su sitio web restringiendo el acceso a ciertas p\u00e1ginas y publicaciones<\/li>\n<li>Index Contenido privado dentro de los resultados de b\u00fasqueda sin comprometer la seguridad de su sitio web<\/li>\n<li>Personalice los resultados de b\u00fasqueda para mostrar solo contenido p\u00fablico a los usuarios que no tienen acceso a contenido privado<\/li>\n<li>Administrar f\u00e1cilmente los roles y permisos de los usuarios con el sistema de capacidades incorporadas de WordPress<\/li>\n<li>Compatible con complementos de membres\u00eda populares como MemberPress y restringir Content Pro<\/li>\n<li>Aumentar la participaci\u00f3n y satisfacci\u00f3n del usuario al permitirles encontrar f\u00e1cilmente el contenido que est\u00e1n buscando<\/li>\n<li>Obtenga acceso al soporte prioritario y actualizaciones peri\u00f3dicas para garantizar que el complemento se ejecute sin problemas en su sitio web<\/li>\n<li>Disfrute de una integraci\u00f3n perfecta con SearchWP, el complemento de b\u00fasqueda m\u00e1s potente para WordPress<\/li>\n<li>No se requieren habilidades t\u00e9cnicas o de codificaci\u00f3n para instalar y configurar el complemento en su sitio web<\/li>\n<\/ul>\n","protected":false},"excerpt":{"rendered":"<p>La integraci\u00f3n de contenido privado de SearchWP es una herramienta robusta y eficiente que otorga a los usuarios la capacidad de buscar y navegar a trav\u00e9s de contenido privado en sitios web de WordPress. Al integrar a la perfecci\u00f3n esta funci\u00f3n, las personas pueden ubicar y mostrar sin esfuerzo publicaciones, p\u00e1ginas o tipos de publicaciones personalizados dentro de sus resultados de b\u00fasqueda. El proceso de instalaci\u00f3n para este complemento es sencillo y sin problemas, y ofrece una variedad de capacidades de b\u00fasqueda altamente desarrolladas, lo que lo convierte en la opci\u00f3n ideal para sitios web que cubren sitios de membres\u00eda, plataformas de aprendizaje electr\u00f3nico o cualquier otra plataforma que implique contenido restringido. Por lo tanto, si est\u00e1 buscando mejorar la funcionalidad de b\u00fasqueda de su sitio web, la integraci\u00f3n de contenido privado de SearchWP es, sin duda, la soluci\u00f3n \u00f3ptima a considerar.<\/p>\n","protected":false},"featured_media":167431,"comment_status":"open","ping_status":"open","template":"","meta":[],"product_brand":[2553],"product_cat":[1214,1206,1211],"product_tag":[1368],"class_list":{"0":"post-111124","1":"product","2":"type-product","3":"status-publish","4":"has-post-thumbnail","6":"product_brand-search-wp","7":"product_cat-personalizacion","8":"product_cat-plugins","9":"product_cat-wordpress-plugins","10":"product_tag-search-wp","11":"member-discount","12":"discount-restricted","14":"first","15":"instock","16":"sale","17":"downloadable","18":"virtual","19":"sold-individually","20":"purchasable","21":"product-type-simple"},"_links":{"self":[{"href":"https:\/\/gpl-love.com\/es\/wp-json\/wp\/v2\/product\/111124","targetHints":{"allow":["GET"]}}],"collection":[{"href":"https:\/\/gpl-love.com\/es\/wp-json\/wp\/v2\/product"}],"about":[{"href":"https:\/\/gpl-love.com\/es\/wp-json\/wp\/v2\/types\/product"}],"replies":[{"embeddable":true,"href":"https:\/\/gpl-love.com\/es\/wp-json\/wp\/v2\/comments?post=111124"}],"wp:featuredmedia":[{"embeddable":true,"href":"https:\/\/gpl-love.com\/es\/wp-json\/wp\/v2\/media\/167431"}],"wp:attachment":[{"href":"https:\/\/gpl-love.com\/es\/wp-json\/wp\/v2\/media?parent=111124"}],"wp:term":[{"taxonomy":"product_brand","embeddable":true,"href":"https:\/\/gpl-love.com\/es\/wp-json\/wp\/v2\/product_brand?post=111124"},{"taxonomy":"product_cat","embeddable":true,"href":"https:\/\/gpl-love.com\/es\/wp-json\/wp\/v2\/product_cat?post=111124"},{"taxonomy":"product_tag","embeddable":true,"href":"https:\/\/gpl-love.com\/es\/wp-json\/wp\/v2\/product_tag?post=111124"}],"curies":[{"name":"wp","href":"https:\/\/api.w.org\/{rel}","templated":true}]}}