{"id":111122,"date":"2026-01-24T00:00:00","date_gmt":"2026-01-24T05:00:00","guid":{"rendered":"http:\/\/gpl-love.com\/es\/producto\/searchwp-polylang-integration\/"},"modified":"2026-04-10T11:24:06","modified_gmt":"2026-04-10T16:24:06","slug":"searchwp-polylang-integration","status":"publish","type":"product","link":"https:\/\/gpl-love.com\/es\/producto\/searchwp-polylang-integration\/","title":{"rendered":"SearchWP Polylang Integration 1.5.1"},"content":{"rendered":"<h3>SearchWP Polylang Integration Caracteristicas<\/h3>\n<p>SearchWP Polylang Integration, una herramienta muy robusta, est\u00e1 dise\u00f1ada espec\u00edficamente para ayudar a los propietarios de sitios web a establecer efectivamente un entorno multiling\u00fce en sus sitios web. Sirviendo como un complemento para el complemento SearchWP ampliamente aclamado, esta integraci\u00f3n permite a los usuarios buscar sin esfuerzo contenido en varios idiomas. Al aprovechar el poder de esta integraci\u00f3n, los propietarios de sitios web pueden traducir f\u00e1cilmente su valioso contenido, asegurando as\u00ed que los usuarios puedan buscar y acceder a la informaci\u00f3n en su idioma preferido. Sorprendentemente, f\u00e1cil de usar, la integraci\u00f3n de Polylang Searchwp ofrece un proceso de instalaci\u00f3n y configuraci\u00f3n directo, que finalmente ofrece una experiencia de usuario perfecta para todos los visitantes, independientemente de sus preferencias ling\u00fc\u00edsticas. Ya sea que opere un sitio web orientado a nivel mundial o que atiende a una audiencia con necesidades multiling\u00fces, la integraci\u00f3n de Polylang SearchWP constituye una herramienta indispensable para cualquier propietario del sitio web que busque elevar la funcionalidad de b\u00fasqueda de su plataforma en l\u00ednea.<\/p>\n<ul>\n<li>Se integra sin problemas con Polylang, el popular complemento multiling\u00fce para WordPress<\/li>\n<li>Permite a los usuarios buscar en todas las versiones de idioma del contenido de su sitio web<\/li>\n<li>Permite resultados de b\u00fasqueda personalizados basados \u200b\u200ben el idioma seleccionado del usuario<\/li>\n<li>Ofrece soporte para formularios de b\u00fasqueda y consultas de b\u00fasqueda en varios idiomas<\/li>\n<li>Simplifica el proceso de construcci\u00f3n de un motor de b\u00fasqueda multiling\u00fce para su sitio de WordPress<\/li>\n<li>Ahorra tiempo, esfuerzo y recursos al reducir la necesidad de traducci\u00f3n manual e indexaci\u00f3n de b\u00fasqueda<\/li>\n<li>Mejora la experiencia del usuario al facilitar la b\u00fasqueda de contenido relevante, independientemente de las barreras del idioma<\/li>\n<\/ul>\n","protected":false},"excerpt":{"rendered":"<p>Searchwp Polylang Integration es un complemento muy buscado que complementa el complemento de b\u00fasqueda de WordPress ampliamente utilizado, Searchwp, integr\u00e1ndolo sin problemas con Polylang, un complemento multiling\u00fce que disfruta de una inmensa popularidad. El \u00fanico prop\u00f3sito de esta integraci\u00f3n es elevar la experiencia de b\u00fasqueda en su sitio web, independientemente de la multitud de idiomas que admite. Al aprovechar el poder de la integraci\u00f3n de SearchWP Polylang, a los visitantes se les otorga la capacidad de buscar y acceder sin esfuerzo al contenido en su lenguaje preferido, facilitando as\u00ed una exploraci\u00f3n r\u00e1pida y eficiente de las ofertas de su sitio web. Este notable complemento elimina efectivamente las complejidades asociadas con la administraci\u00f3n de un sitio web multiling\u00fce, al tiempo que dotan simult\u00e1neamente a sus estimados visitantes con una experiencia de b\u00fasqueda incre\u00edblemente perfecta y f\u00e1cil de usar.<\/p>\n","protected":false},"featured_media":167430,"comment_status":"open","ping_status":"open","template":"","meta":[],"product_brand":[2553],"product_cat":[1214,1206,1211],"product_tag":[1368],"class_list":{"0":"post-111122","1":"product","2":"type-product","3":"status-publish","4":"has-post-thumbnail","6":"product_brand-search-wp","7":"product_cat-personalizacion","8":"product_cat-plugins","9":"product_cat-wordpress-plugins","10":"product_tag-search-wp","11":"member-discount","12":"discount-restricted","14":"first","15":"instock","16":"sale","17":"downloadable","18":"virtual","19":"sold-individually","20":"purchasable","21":"product-type-simple"},"_links":{"self":[{"href":"https:\/\/gpl-love.com\/es\/wp-json\/wp\/v2\/product\/111122","targetHints":{"allow":["GET"]}}],"collection":[{"href":"https:\/\/gpl-love.com\/es\/wp-json\/wp\/v2\/product"}],"about":[{"href":"https:\/\/gpl-love.com\/es\/wp-json\/wp\/v2\/types\/product"}],"replies":[{"embeddable":true,"href":"https:\/\/gpl-love.com\/es\/wp-json\/wp\/v2\/comments?post=111122"}],"wp:featuredmedia":[{"embeddable":true,"href":"https:\/\/gpl-love.com\/es\/wp-json\/wp\/v2\/media\/167430"}],"wp:attachment":[{"href":"https:\/\/gpl-love.com\/es\/wp-json\/wp\/v2\/media?parent=111122"}],"wp:term":[{"taxonomy":"product_brand","embeddable":true,"href":"https:\/\/gpl-love.com\/es\/wp-json\/wp\/v2\/product_brand?post=111122"},{"taxonomy":"product_cat","embeddable":true,"href":"https:\/\/gpl-love.com\/es\/wp-json\/wp\/v2\/product_cat?post=111122"},{"taxonomy":"product_tag","embeddable":true,"href":"https:\/\/gpl-love.com\/es\/wp-json\/wp\/v2\/product_tag?post=111122"}],"curies":[{"name":"wp","href":"https:\/\/api.w.org\/{rel}","templated":true}]}}