{"id":111120,"date":"2026-02-24T00:00:00","date_gmt":"2026-02-24T05:00:00","guid":{"rendered":"http:\/\/gpl-love.com\/es\/producto\/searchwp-metrics\/"},"modified":"2026-04-10T11:24:05","modified_gmt":"2026-04-10T16:24:05","slug":"searchwp-metrics","status":"publish","type":"product","link":"https:\/\/gpl-love.com\/es\/producto\/searchwp-metrics\/","title":{"rendered":"SearchWP Metrics 1.5.1"},"content":{"rendered":"<h3>SearchWP Metrics Caracteristicas<\/h3>\n<p>SearchWP Metrics es una herramienta de an\u00e1lisis de b\u00fasqueda incre\u00edblemente robusta y sofisticada que se ha desarrollado espec\u00edficamente para ayudar a los propietarios y administradores de sitios web a mejorar la efectividad y la eficiencia de sus capacidades de b\u00fasqueda en l\u00ednea. Al aprovechar el poder de las m\u00e9tricas SearchWP, puede monitorear meticulosamente y analizar a fondo los t\u00e9rminos de b\u00fasqueda, clics y una multitud de otras m\u00e9tricas relevantes. Estos datos invaluables le proporcionan informaci\u00f3n profunda sobre la manera precisa en que sus estimados visitantes est\u00e1n realizando sus b\u00fasquedas de contenido en su sitio web. En consecuencia, armado con esta gran cantidad de conocimiento, puede identificar f\u00e1cilmente las consultas de b\u00fasqueda m\u00e1s populares, determinar las \u00e1reas en las que los usuarios pueden encontrar desaf\u00edos para localizar su informaci\u00f3n deseada e incluso identificar cualquier instancia desafortunada en los que ciertas p\u00e1ginas web sigan siendo frustrante indiscutible. . Armado con estas ideas invaluables, posee la capacidad de optimizar de manera efectiva la funcionalidad de b\u00fasqueda de su sitio web, aumentando as\u00ed dr\u00e1sticamente la experiencia general del usuario e incitando a mayores niveles de participaci\u00f3n del usuario. Sin lugar a dudas, las m\u00e9tricas SearchWP se mantienen inequ\u00edvocamente como una herramienta indispensable que es esencial para cualquier persona que busque mejorar las capacidades de b\u00fasqueda de su sitio web y, en \u00faltima instancia, estimular la mayor participaci\u00f3n del usuario.<\/p>\n<ul>\n<li>Proporciona una visi\u00f3n profunda de las consultas de b\u00fasqueda y el comportamiento del usuario en su sitio web<\/li>\n<li>Rastrea y analiza las palabras clave y frases de b\u00fasqueda de usuarios<\/li>\n<li>Permite el filtrado avanzado y la clasificaci\u00f3n de datos de b\u00fasqueda<\/li>\n<li>Ayuda a identificar las brechas de contenido y las oportunidades de mejora<\/li>\n<li>Proporciona informes detallados y visualizaci\u00f3n de datos de b\u00fasqueda<\/li>\n<li>Ofrece integraci\u00f3n con plataformas de sitios web populares como WordPress<\/li>\n<li>Habilita la prueba A\/B de los resultados de b\u00fasqueda y las sugerencias de consultas<\/li>\n<li>Ayuda a optimizar las clasificaciones de los motores de b\u00fasqueda para palabras clave y frases espec\u00edficas<\/li>\n<li>Se puede personalizar y configurar para adaptarse a las necesidades y objetivos comerciales espec\u00edficos<\/li>\n<\/ul>\n","protected":false},"excerpt":{"rendered":"<p>SearchWP Metrics, una herramienta excepcionalmente robusta, ofrece una gran cantidad de ideas invaluables sobre el rendimiento de b\u00fasqueda de su sitio web. Al seguir meticulosamente y analizar meticulosamente las consultas de b\u00fasqueda, el comportamiento del usuario y los resultados de b\u00fasqueda, este complemento fenomenal le permite optimizar su funcionalidad de b\u00fasqueda y mejorar la experiencia general del usuario. Adem\u00e1s, con su amplia gama de m\u00e9tricas y la capacidad de personalizar sus propios paneles, SearchWP Metrics asegura que est\u00e9 equipado con los datos necesarios para tomar decisiones bien informadas que finalmente amplificar\u00e1n el flujo de tr\u00e1fico a su estimado sitio web.<\/p>\n","protected":false},"featured_media":167429,"comment_status":"open","ping_status":"open","template":"","meta":[],"product_brand":[2553],"product_cat":[1214,1206,1211],"product_tag":[1368],"class_list":{"0":"post-111120","1":"product","2":"type-product","3":"status-publish","4":"has-post-thumbnail","6":"product_brand-search-wp","7":"product_cat-personalizacion","8":"product_cat-plugins","9":"product_cat-wordpress-plugins","10":"product_tag-search-wp","11":"member-discount","12":"discount-restricted","14":"first","15":"instock","16":"sale","17":"downloadable","18":"virtual","19":"sold-individually","20":"purchasable","21":"product-type-simple"},"_links":{"self":[{"href":"https:\/\/gpl-love.com\/es\/wp-json\/wp\/v2\/product\/111120","targetHints":{"allow":["GET"]}}],"collection":[{"href":"https:\/\/gpl-love.com\/es\/wp-json\/wp\/v2\/product"}],"about":[{"href":"https:\/\/gpl-love.com\/es\/wp-json\/wp\/v2\/types\/product"}],"replies":[{"embeddable":true,"href":"https:\/\/gpl-love.com\/es\/wp-json\/wp\/v2\/comments?post=111120"}],"wp:featuredmedia":[{"embeddable":true,"href":"https:\/\/gpl-love.com\/es\/wp-json\/wp\/v2\/media\/167429"}],"wp:attachment":[{"href":"https:\/\/gpl-love.com\/es\/wp-json\/wp\/v2\/media?parent=111120"}],"wp:term":[{"taxonomy":"product_brand","embeddable":true,"href":"https:\/\/gpl-love.com\/es\/wp-json\/wp\/v2\/product_brand?post=111120"},{"taxonomy":"product_cat","embeddable":true,"href":"https:\/\/gpl-love.com\/es\/wp-json\/wp\/v2\/product_cat?post=111120"},{"taxonomy":"product_tag","embeddable":true,"href":"https:\/\/gpl-love.com\/es\/wp-json\/wp\/v2\/product_tag?post=111120"}],"curies":[{"name":"wp","href":"https:\/\/api.w.org\/{rel}","templated":true}]}}