{"id":111118,"date":"2025-01-16T00:00:00","date_gmt":"2025-01-16T05:00:00","guid":{"rendered":"http:\/\/gpl-love.com\/es\/producto\/searchwp-meta-box-integration\/"},"modified":"2026-04-10T11:24:04","modified_gmt":"2026-04-10T16:24:04","slug":"searchwp-meta-box-integration","status":"publish","type":"product","link":"https:\/\/gpl-love.com\/es\/producto\/searchwp-meta-box-integration\/","title":{"rendered":"SearchWP Meta Box Integration 1.1.1"},"content":{"rendered":"<h3>SearchWP Meta Box Integration Caracteristicas<\/h3>\n<p>La Integraci\u00f3n de Box SearchWP, una herramienta incre\u00edblemente potente, ofrece a los usuarios la capacidad perfecta para integrar meta cajas con el complemento SearchWP. Al emplear esta integraci\u00f3n, se asegura un medio directo y eficiente de b\u00fasqueda de contenido en el sitio web de uno, lo que permite a los usuarios localizar sin esfuerzo la informaci\u00f3n que buscan. Con la ayuda de la integraci\u00f3n de Meta Box SearchWP, uno puede hurgar r\u00e1pidamente y sin esfuerzo a trav\u00e9s de tipos de publicaci\u00f3n a medida, campos personalizados, taxonom\u00edas y una gran cantidad de otros datos. Esta integraci\u00f3n es ideal para las personas que buscan mejorar las capacidades de b\u00fasqueda de su sitio web y agilizar el proceso para que los usuarios accedan al contenido deseado.<\/p>\n<ul>\n<li>Integraci\u00f3n perfecta con Searchwp y WordPress Meta Box Plugin<\/li>\n<li>Habilita mejores resultados de b\u00fasqueda al incluir campos personalizados en consultas de b\u00fasqueda<\/li>\n<li>Proporciona resultados relevantes con una mejor precisi\u00f3n<\/li>\n<li>Aumenta la participaci\u00f3n del usuario simplificando el proceso de b\u00fasqueda<\/li>\n<li>Mejora la usabilidad del sitio web y la experiencia del usuario<\/li>\n<li>Opciones de b\u00fasqueda personalizables con varias configuraciones<\/li>\n<li>Ahorra tiempo y esfuerzo en la gesti\u00f3n de los resultados de b\u00fasqueda<\/li>\n<li>Compatible con varios temas y complementos<\/li>\n<li>F\u00e1cil de configurar y usar<\/li>\n<li>Ahorra tiempo y costos de desarrollo<\/li>\n<\/ul>\n","protected":false},"excerpt":{"rendered":"<p>Searchwp Meta Box Integration es un complemento de WordPress notablemente robusto que se integra sin esfuerzo con Meta Box, lo que le brinda la capacidad conveniente para buscar sin esfuerzo a trav\u00e9s de campos y metadatos personalizados en su sitio web. Dise\u00f1ado con la intenci\u00f3n de optimizar su eficiencia y mejorar la productividad, este complemento simplifica el proceso de b\u00fasqueda y filtrado a trav\u00e9s de diversas formas de contenido en su sitio, que abarca, entre otros, tipos de publicaciones personalizadas, taxonom\u00edas y mucho m\u00e1s. Con sus resultados r\u00e1pidos y precisos, SearchWP Meta Box Integration se destaca sin duda como la soluci\u00f3n definitiva para las personas que buscan amplificar las capacidades de b\u00fasqueda de su sitio web.<\/p>\n","protected":false},"featured_media":167428,"comment_status":"open","ping_status":"open","template":"","meta":[],"product_brand":[2553],"product_cat":[1214,1206,1211],"product_tag":[1368],"class_list":{"0":"post-111118","1":"product","2":"type-product","3":"status-publish","4":"has-post-thumbnail","6":"product_brand-search-wp","7":"product_cat-personalizacion","8":"product_cat-plugins","9":"product_cat-wordpress-plugins","10":"product_tag-search-wp","11":"member-discount","12":"discount-restricted","14":"first","15":"instock","16":"sale","17":"downloadable","18":"virtual","19":"sold-individually","20":"purchasable","21":"product-type-simple"},"_links":{"self":[{"href":"https:\/\/gpl-love.com\/es\/wp-json\/wp\/v2\/product\/111118","targetHints":{"allow":["GET"]}}],"collection":[{"href":"https:\/\/gpl-love.com\/es\/wp-json\/wp\/v2\/product"}],"about":[{"href":"https:\/\/gpl-love.com\/es\/wp-json\/wp\/v2\/types\/product"}],"replies":[{"embeddable":true,"href":"https:\/\/gpl-love.com\/es\/wp-json\/wp\/v2\/comments?post=111118"}],"wp:featuredmedia":[{"embeddable":true,"href":"https:\/\/gpl-love.com\/es\/wp-json\/wp\/v2\/media\/167428"}],"wp:attachment":[{"href":"https:\/\/gpl-love.com\/es\/wp-json\/wp\/v2\/media?parent=111118"}],"wp:term":[{"taxonomy":"product_brand","embeddable":true,"href":"https:\/\/gpl-love.com\/es\/wp-json\/wp\/v2\/product_brand?post=111118"},{"taxonomy":"product_cat","embeddable":true,"href":"https:\/\/gpl-love.com\/es\/wp-json\/wp\/v2\/product_cat?post=111118"},{"taxonomy":"product_tag","embeddable":true,"href":"https:\/\/gpl-love.com\/es\/wp-json\/wp\/v2\/product_tag?post=111118"}],"curies":[{"name":"wp","href":"https:\/\/api.w.org\/{rel}","templated":true}]}}