{"id":111116,"date":"2021-03-02T00:00:00","date_gmt":"2021-03-02T05:00:00","guid":{"rendered":"http:\/\/gpl-love.com\/es\/producto\/searchwp-manage-ignored\/"},"modified":"2026-04-10T11:24:04","modified_gmt":"2026-04-10T16:24:04","slug":"searchwp-manage-ignored","status":"publish","type":"product","link":"https:\/\/gpl-love.com\/es\/producto\/searchwp-manage-ignored\/","title":{"rendered":"SearchWP Manage Ignored 1.0.0"},"content":{"rendered":"<h3>SearchWP Manage Ignored Caracteristicas<\/h3>\n<p>SearchWP Management Ignored es un complemento de WordPress extremadamente robusto que sirve al prop\u00f3sito indispensable de capacitar a los usuarios para administrar de manera efectiva el contenido pasado por alto en los estimados resultados de b\u00fasqueda del sitio web. Cuenta con una interfaz extremadamente f\u00e1cil de usar, que convenientemente equipa a los propietarios de sitios web con la notable capacidad de designar meticulosamente qu\u00e9 p\u00e1ginas, publicaciones u otros tipos de publicaciones personalizados que desean excluir deliberadamente de dichos resultados de b\u00fasqueda. En virtud de esta exclusi\u00f3n astuta, el complemento aumenta notablemente la relevancia de los resultados de b\u00fasqueda para los usuarios, lo que logra simult\u00e1neamente la haza\u00f1a encomiable de aliviar el flagelo pernicioso de desorden que invariablemente se manifiesta dentro de los resultados de b\u00fasqueda. Adem\u00e1s, SearchWP Managed tambi\u00e9n proporciona a los usuarios la notable opci\u00f3n para incorporar selectivamente el contenido ignorado dentro de los resultados de b\u00fasqueda para consultas de b\u00fasqueda espec\u00edficas, lo que proporciona un grado incomparable de flexibilidad que sintonizadamente eleva el calibre del complemento. Adem\u00e1s, el complemento en s\u00ed est\u00e1 imbuido de un atributo por excelencia de accesibilidad excepcional y facilidad de uso, lo que lo convierte en una herramienta indispensable para cualquier sitio web exigente que busque fortalecer y amplificar su funcionalidad de b\u00fasqueda.<\/p>\n<ul>\n<li>Capacidad para administrar la lista de contenido ignorado para SearchWP<\/li>\n<li>Excluir sin esfuerzo ciertas p\u00e1ginas o publicaciones de los resultados de b\u00fasqueda<\/li>\n<li>Precisi\u00f3n de b\u00fasqueda mejorada excluyendo contenido irrelevante<\/li>\n<li>Resultados de b\u00fasqueda m\u00e1s eficientes para visitantes y experiencia mejorada del usuario<\/li>\n<li>Interfaz flexible y f\u00e1cil de usar<\/li>\n<li>Integraci\u00f3n f\u00e1cil con los complementos de b\u00fasqueda existentes<\/li>\n<li>Ahorra tiempo y aumenta la productividad para los propietarios y administradores de sitios web<\/li>\n<li>Caracter\u00edsticas completas para la b\u00fasqueda de ajuste y obtener los mejores resultados<\/li>\n<\/ul>\n","protected":false},"excerpt":{"rendered":"<p>SearchWP Management Ignored es una herramienta notablemente robusta e incre\u00edblemente potente que le brinda la oportunidad de supervisar de manera experta y regular efectivamente cualquier contenido ignorado que pueda estar presente en sus resultados de b\u00fasqueda de WordPress. Al hacer uso de este complemento notable, podr\u00e1 excluir sin esfuerzo y convenientemente publicaciones, p\u00e1ginas o incluso tipos de publicaciones personalizadas para que se muestren dentro de sus resultados de b\u00fasqueda, mejorando y acelerando enormemente la capacidad de los visitantes de su sitio web para localizar la informaci\u00f3n precisa de la informaci\u00f3n Buscan de manera conveniente y eficiente. La interfaz intuitivamente f\u00e1cil de usar sirve adem\u00e1s para facilitar la gesti\u00f3n perfecta y simplificada de su contenido ignorado, lo que finalmente lleva a una experiencia incomparable que ahorra tiempo y garantiza que la funcionalidad de b\u00fasqueda de su sitio web permanezca totalmente optimizada y hecha a medida para sus usuarios estimados.<\/p>\n","protected":false},"featured_media":167427,"comment_status":"open","ping_status":"open","template":"","meta":[],"product_brand":[2553],"product_cat":[1214,1206,1211],"product_tag":[1368],"class_list":{"0":"post-111116","1":"product","2":"type-product","3":"status-publish","4":"has-post-thumbnail","6":"product_brand-search-wp","7":"product_cat-personalizacion","8":"product_cat-plugins","9":"product_cat-wordpress-plugins","10":"product_tag-search-wp","11":"member-discount","12":"discount-restricted","14":"first","15":"instock","16":"sale","17":"downloadable","18":"virtual","19":"sold-individually","20":"purchasable","21":"product-type-simple"},"_links":{"self":[{"href":"https:\/\/gpl-love.com\/es\/wp-json\/wp\/v2\/product\/111116","targetHints":{"allow":["GET"]}}],"collection":[{"href":"https:\/\/gpl-love.com\/es\/wp-json\/wp\/v2\/product"}],"about":[{"href":"https:\/\/gpl-love.com\/es\/wp-json\/wp\/v2\/types\/product"}],"replies":[{"embeddable":true,"href":"https:\/\/gpl-love.com\/es\/wp-json\/wp\/v2\/comments?post=111116"}],"wp:featuredmedia":[{"embeddable":true,"href":"https:\/\/gpl-love.com\/es\/wp-json\/wp\/v2\/media\/167427"}],"wp:attachment":[{"href":"https:\/\/gpl-love.com\/es\/wp-json\/wp\/v2\/media?parent=111116"}],"wp:term":[{"taxonomy":"product_brand","embeddable":true,"href":"https:\/\/gpl-love.com\/es\/wp-json\/wp\/v2\/product_brand?post=111116"},{"taxonomy":"product_cat","embeddable":true,"href":"https:\/\/gpl-love.com\/es\/wp-json\/wp\/v2\/product_cat?post=111116"},{"taxonomy":"product_tag","embeddable":true,"href":"https:\/\/gpl-love.com\/es\/wp-json\/wp\/v2\/product_tag?post=111116"}],"curies":[{"name":"wp","href":"https:\/\/api.w.org\/{rel}","templated":true}]}}