{"id":111112,"date":"2021-03-02T00:00:00","date_gmt":"2021-03-02T05:00:00","guid":{"rendered":"http:\/\/gpl-love.com\/es\/producto\/searchwp-herothemes-integration\/"},"modified":"2026-04-10T11:24:01","modified_gmt":"2026-04-10T16:24:01","slug":"searchwp-herothemes-integration","status":"publish","type":"product","link":"https:\/\/gpl-love.com\/es\/producto\/searchwp-herothemes-integration\/","title":{"rendered":"SearchWP HeroThemes Integration 1.2.0"},"content":{"rendered":"<h3>SearchWP HeroThemes Integration Caracteristicas<\/h3>\n<p>La integraci\u00f3n de SearchWP y Herotemes es una herramienta incre\u00edblemente poderosa que puede mejorar en gran medida la funcionalidad de b\u00fasqueda de su sitio web. Al integrarse perfectamente con el complemento Herotemes ampliamente popular, esta integraci\u00f3n permite que la funci\u00f3n de b\u00fasqueda de su sitio web funcione con una eficiencia a\u00fan mayor. Aprovechando los algoritmos avanzados, la integraci\u00f3n de Herotemes de SearchWP garantiza que los visitantes de su sitio web reciban resultados de b\u00fasqueda muy relevantes que se alinean con precisi\u00f3n con sus necesidades y deseos. Adem\u00e1s, esta integraci\u00f3n le proporciona la flexibilidad para personalizar los resultados de b\u00fasqueda de acuerdo con sus preferencias \u00fanicas, permitiendo una experiencia de usuario personalizada y personalizada. Independientemente de si est\u00e1 operando una tienda de comercio electr\u00f3nico o administrando un sitio web rico en contenido, la integraci\u00f3n de Herotemes SearchWP es inequ\u00edvocamente indispensable para elevar la funcionalidad de b\u00fasqueda de su sitio web y la experiencia general del usuario a alturas incomparables.<\/p>\n<ul>\n<li>Integre SearchWP a la perfecci\u00f3n en su sitio web alimentado por Herothemes<\/li>\n<li>Obtenga resultados de b\u00fasqueda m\u00e1s precisos y relevantes para sus usuarios<\/li>\n<li>Personalice la experiencia de b\u00fasqueda utilizando las funciones avanzadas de SearchWP<\/li>\n<li>Indexe autom\u00e1ticamente su contenido de Herotemes para obtener resultados de b\u00fasqueda m\u00e1s r\u00e1pidos<\/li>\n<li>Mejore la experiencia general del usuario en su sitio web proporcionando una mejor herramienta de b\u00fasqueda<\/li>\n<li>Aumentar el compromiso y reducir las tasas de rebote al facilitar que los usuarios encuentren lo que est\u00e1n buscando<\/li>\n<li>Agilizar la funcionalidad de b\u00fasqueda de su sitio web con una integraci\u00f3n simple<\/li>\n<li>Acceda a anal\u00edticos de b\u00fasqueda detallados para obtener informaci\u00f3n sobre lo que sus usuarios est\u00e1n buscando<\/li>\n<li>Obtenga el apoyo experto de SearchWP y Herotemes para garantizar una integraci\u00f3n exitosa<\/li>\n<\/ul>\n","protected":false},"excerpt":{"rendered":"<p>La integraci\u00f3n de Herotemes SearchWP, una herramienta muy robusta y eficaz, amalgama sin problemas las funcionalidades de SearchWP y Herotemes para mejorar las capacidades de b\u00fasqueda de los sitios web de WordPress. Esta integraci\u00f3n incomparable faculta a los usuarios explorar y examinar sin esfuerzo la amplia gama de contenido disponible en su sitio web, al tiempo que facilita la capacidad de filtrar meticulosamente los resultados de b\u00fasqueda en funci\u00f3n de las categor\u00edas, etiquetas o incluso taxonom\u00edas personalizadas. Adem\u00e1s, la integraci\u00f3n presenta estos resultados de b\u00fasqueda en una interfaz excepcionalmente elegante y f\u00e1cil de usar, asegurando as\u00ed una experiencia de usuario gratificante y perfecta. Al implementar la integraci\u00f3n de Herotemes SearchWP, las empresas pueden aumentar sustancialmente la participaci\u00f3n del cliente y optimizar la generaci\u00f3n de ingresos al ofrecer un encuentro de b\u00fasqueda m\u00e1s cautivador y eficiente.<\/p>\n","protected":false},"featured_media":167424,"comment_status":"open","ping_status":"open","template":"","meta":[],"product_brand":[2553],"product_cat":[1214,1206,1211],"product_tag":[1368],"class_list":{"0":"post-111112","1":"product","2":"type-product","3":"status-publish","4":"has-post-thumbnail","6":"product_brand-search-wp","7":"product_cat-personalizacion","8":"product_cat-plugins","9":"product_cat-wordpress-plugins","10":"product_tag-search-wp","11":"member-discount","12":"discount-restricted","14":"first","15":"instock","16":"sale","17":"downloadable","18":"virtual","19":"sold-individually","20":"purchasable","21":"product-type-simple"},"_links":{"self":[{"href":"https:\/\/gpl-love.com\/es\/wp-json\/wp\/v2\/product\/111112","targetHints":{"allow":["GET"]}}],"collection":[{"href":"https:\/\/gpl-love.com\/es\/wp-json\/wp\/v2\/product"}],"about":[{"href":"https:\/\/gpl-love.com\/es\/wp-json\/wp\/v2\/types\/product"}],"replies":[{"embeddable":true,"href":"https:\/\/gpl-love.com\/es\/wp-json\/wp\/v2\/comments?post=111112"}],"wp:featuredmedia":[{"embeddable":true,"href":"https:\/\/gpl-love.com\/es\/wp-json\/wp\/v2\/media\/167424"}],"wp:attachment":[{"href":"https:\/\/gpl-love.com\/es\/wp-json\/wp\/v2\/media?parent=111112"}],"wp:term":[{"taxonomy":"product_brand","embeddable":true,"href":"https:\/\/gpl-love.com\/es\/wp-json\/wp\/v2\/product_brand?post=111112"},{"taxonomy":"product_cat","embeddable":true,"href":"https:\/\/gpl-love.com\/es\/wp-json\/wp\/v2\/product_cat?post=111112"},{"taxonomy":"product_tag","embeddable":true,"href":"https:\/\/gpl-love.com\/es\/wp-json\/wp\/v2\/product_tag?post=111112"}],"curies":[{"name":"wp","href":"https:\/\/api.w.org\/{rel}","templated":true}]}}