{"id":111108,"date":"2021-03-02T00:00:00","date_gmt":"2021-03-02T05:00:00","guid":{"rendered":"http:\/\/gpl-love.com\/es\/producto\/searchwp-fuzzy-matches\/"},"modified":"2026-04-10T11:24:00","modified_gmt":"2026-04-10T16:24:00","slug":"searchwp-fuzzy-matches","status":"publish","type":"product","link":"https:\/\/gpl-love.com\/es\/producto\/searchwp-fuzzy-matches\/","title":{"rendered":"SearchWP Fuzzy Matches 1.4.4"},"content":{"rendered":"<h3>SearchWP Fuzzy Matches Caracteristicas<\/h3>\n<p>Searchwp Fuzzy Matches, una herramienta incre\u00edblemente robusta meticulosamente elaborada para aumentar la funcionalidad de b\u00fasqueda, est\u00e1 ingeniosamente dise\u00f1ada para producir resultados pertinentes incluso cuando se enfrenta a palabras mal escritas o frases incompletas. Dotado de esta ingeniosa herramienta, los usuarios pueden ubicar sin esfuerzo con precisi\u00f3n lo que buscan en su sitio web, optimizando as\u00ed la experiencia de b\u00fasqueda de visitantes y administradores. Aprovechando los algoritmos de vanguardia, las coincidencias difusas comprenden inteligentemente las consultas de los usuarios y proporcionan debidamente los resultados que se alinean estrechamente con su b\u00fasqueda prevista, garantizando la presentaci\u00f3n de informaci\u00f3n altamente alemana. La indispensabilidad de esta herramienta no puede ser exagerada para las personas con el objetivo de mejorar las capacidades de b\u00fasqueda del sitio y amplificar la participaci\u00f3n del usuario en su estimado sitio web.<\/p>\n<ul>\n<li>Admite una coincidencia difusa de consultas de b\u00fasqueda<\/li>\n<li>Mejora la precisi\u00f3n de los resultados de b\u00fasqueda<\/li>\n<li>Funciona sin problemas con el complemento Searchwp<\/li>\n<li>Ayuda a los usuarios a encontrar contenido relevante de manera r\u00e1pida y f\u00e1cil<\/li>\n<li>Compatible con sitios web de WordPress<\/li>\n<li>F\u00e1cil de instalar y usar<\/li>\n<li>Ahorra tiempo y esfuerzo para los usuarios que buscan informaci\u00f3n espec\u00edfica<\/li>\n<\/ul>\n","protected":false},"excerpt":{"rendered":"<p>Al incorporar la caracter\u00edstica notable de las capacidades de coincidencia difusa, Searchwp Fuzzy coincides permite a los usuarios mejorar la funcionalidad de b\u00fasqueda de su sitio web. En consecuencia, esto permite la generaci\u00f3n de resultados de b\u00fasqueda que no solo son precisos sino tambi\u00e9n integrales, incluso en los casos en que el t\u00e9rmino de b\u00fasqueda empleado por el usuario no se alinee perfectamente con el contenido disponible en el sitio web. Sorprendentemente, f\u00e1cil de usar, este complemento se puede instalar y configurar sin esfuerzo, lo que lo convierte en un activo extremadamente valioso para cualquier sitio web que dependa en gran medida de la funcionalidad de b\u00fasqueda para satisfacer las necesidades de sus usuarios.<\/p>\n","protected":false},"featured_media":167422,"comment_status":"open","ping_status":"open","template":"","meta":[],"product_brand":[2553],"product_cat":[1214,1206,1211],"product_tag":[1368],"class_list":{"0":"post-111108","1":"product","2":"type-product","3":"status-publish","4":"has-post-thumbnail","6":"product_brand-search-wp","7":"product_cat-personalizacion","8":"product_cat-plugins","9":"product_cat-wordpress-plugins","10":"product_tag-search-wp","11":"member-discount","12":"discount-restricted","14":"first","15":"instock","16":"sale","17":"downloadable","18":"virtual","19":"sold-individually","20":"purchasable","21":"product-type-simple"},"_links":{"self":[{"href":"https:\/\/gpl-love.com\/es\/wp-json\/wp\/v2\/product\/111108","targetHints":{"allow":["GET"]}}],"collection":[{"href":"https:\/\/gpl-love.com\/es\/wp-json\/wp\/v2\/product"}],"about":[{"href":"https:\/\/gpl-love.com\/es\/wp-json\/wp\/v2\/types\/product"}],"replies":[{"embeddable":true,"href":"https:\/\/gpl-love.com\/es\/wp-json\/wp\/v2\/comments?post=111108"}],"wp:featuredmedia":[{"embeddable":true,"href":"https:\/\/gpl-love.com\/es\/wp-json\/wp\/v2\/media\/167422"}],"wp:attachment":[{"href":"https:\/\/gpl-love.com\/es\/wp-json\/wp\/v2\/media?parent=111108"}],"wp:term":[{"taxonomy":"product_brand","embeddable":true,"href":"https:\/\/gpl-love.com\/es\/wp-json\/wp\/v2\/product_brand?post=111108"},{"taxonomy":"product_cat","embeddable":true,"href":"https:\/\/gpl-love.com\/es\/wp-json\/wp\/v2\/product_cat?post=111108"},{"taxonomy":"product_tag","embeddable":true,"href":"https:\/\/gpl-love.com\/es\/wp-json\/wp\/v2\/product_tag?post=111108"}],"curies":[{"name":"wp","href":"https:\/\/api.w.org\/{rel}","templated":true}]}}