{"id":111106,"date":"2025-12-18T00:00:00","date_gmt":"2025-12-18T05:00:00","guid":{"rendered":"http:\/\/gpl-love.com\/es\/producto\/searchwp-exclude-ui\/"},"modified":"2026-03-09T08:05:36","modified_gmt":"2026-03-09T13:05:36","slug":"searchwp-exclude-ui","status":"publish","type":"product","link":"https:\/\/gpl-love.com\/es\/producto\/searchwp-exclude-ui\/","title":{"rendered":"SearchWP Exclude UI 1.2.5"},"content":{"rendered":"<h3>SearchWP Exclude UI Caracteristicas<\/h3>\n<p>SearchWP Excluye la interfaz de usuario es un complemento WordPress incre\u00edblemente robusto y rico en funciones que otorga a los usuarios la notable capacidad de excluir efectivamente el contenido designado de aparecer en los resultados de b\u00fasqueda. Armado con una interfaz excepcionalmente intuitiva y f\u00e1cil de usar, este complemento extraordinario empodera a los propietarios de sitios web con la capacidad de supervisar y administrar sin esfuerzo sus resultados de b\u00fasqueda, asegurando as\u00ed que el contenido solo pertinente y pertinente se presente a los visitantes. Independientemente de si uno desea excluir p\u00e1ginas, publicaciones o incluso tipos de publicaciones personalizados, SearchWp excluye la interfaz de usuario emerge como la soluci\u00f3n definitiva para esta empresa. Repleto con su configuraci\u00f3n eminentemente adaptable y una interfaz notablemente accesible, este complemento impresionante se convierte en un activo indispensable y vital para cualquier propietario de WordPress exigente que anhele optimizar y mejorar su funcionalidad de b\u00fasqueda a niveles de excelencia incomparables.<\/p>\n<ul>\n<li>Excluir f\u00e1cilmente el contenido espec\u00edfico de los resultados de b\u00fasqueda en WordPress<\/li>\n<li>Interfaz de usuario intuitiva para personalizar las exclusiones de b\u00fasqueda<\/li>\n<li>Mejorar la funcionalidad de b\u00fasqueda del sitio web al dirigirse a palabras clave o temas espec\u00edficos<\/li>\n<li>Compatible con temas y complementos populares de WordPress<\/li>\n<li>No se requiere conocimiento de codificaci\u00f3n para la implementaci\u00f3n<\/li>\n<li>Gestionar eficientemente los resultados de b\u00fasqueda para mejorar la experiencia y el compromiso del usuario<\/li>\n<li>Actualizaciones regulares y atenci\u00f3n al cliente proporcionadas por el equipo SearchWP<\/li>\n<li>Opciones de precios asequibles para uso personal y comercial<\/li>\n<\/ul>\n","protected":false},"excerpt":{"rendered":"<p>SearchWP Excluye la interfaz de usuario es un complemento de WordPress altamente efectivo y robusto que le proporciona la capacidad de excluir sin esfuerzo cierto contenido de los resultados de b\u00fasqueda. Al utilizar esta herramienta notable, puede eliminar r\u00e1pidamente el contenido indeseable, incluidas las p\u00e1ginas, las publicaciones o incluso los tipos de publicaciones personalizadas, de las consultas de b\u00fasqueda. Esto asegura que los usuarios se presenten exclusivamente con los resultados de b\u00fasqueda m\u00e1s pertinentes y significativos. Independientemente de si est\u00e1 supervisando un sitio web multifac\u00e9tico o simplemente desea refinar y optimizar sus resultados de b\u00fasqueda, SearchWP Excluye la interfaz de usuario que sirve como la soluci\u00f3n definitiva para mejorar la experiencia general del usuario en su estimado sitio. \u00a1No dude m\u00e1s y adquiere este complemento excepcional hoy para aprovechar sin esfuerzo el control de su funcionalidad de b\u00fasqueda de WordPress!<\/p>\n","protected":false},"featured_media":167421,"comment_status":"open","ping_status":"open","template":"","meta":[],"product_brand":[2553],"product_cat":[1214,1206,1211],"product_tag":[1368],"class_list":{"0":"post-111106","1":"product","2":"type-product","3":"status-publish","4":"has-post-thumbnail","6":"product_brand-search-wp","7":"product_cat-personalizacion","8":"product_cat-plugins","9":"product_cat-wordpress-plugins","10":"product_tag-search-wp","11":"member-discount","12":"discount-restricted","14":"first","15":"instock","16":"sale","17":"downloadable","18":"virtual","19":"sold-individually","20":"purchasable","21":"product-type-simple"},"_links":{"self":[{"href":"https:\/\/gpl-love.com\/es\/wp-json\/wp\/v2\/product\/111106","targetHints":{"allow":["GET"]}}],"collection":[{"href":"https:\/\/gpl-love.com\/es\/wp-json\/wp\/v2\/product"}],"about":[{"href":"https:\/\/gpl-love.com\/es\/wp-json\/wp\/v2\/types\/product"}],"replies":[{"embeddable":true,"href":"https:\/\/gpl-love.com\/es\/wp-json\/wp\/v2\/comments?post=111106"}],"wp:featuredmedia":[{"embeddable":true,"href":"https:\/\/gpl-love.com\/es\/wp-json\/wp\/v2\/media\/167421"}],"wp:attachment":[{"href":"https:\/\/gpl-love.com\/es\/wp-json\/wp\/v2\/media?parent=111106"}],"wp:term":[{"taxonomy":"product_brand","embeddable":true,"href":"https:\/\/gpl-love.com\/es\/wp-json\/wp\/v2\/product_brand?post=111106"},{"taxonomy":"product_cat","embeddable":true,"href":"https:\/\/gpl-love.com\/es\/wp-json\/wp\/v2\/product_cat?post=111106"},{"taxonomy":"product_tag","embeddable":true,"href":"https:\/\/gpl-love.com\/es\/wp-json\/wp\/v2\/product_tag?post=111106"}],"curies":[{"name":"wp","href":"https:\/\/api.w.org\/{rel}","templated":true}]}}