{"id":111104,"date":"2024-04-03T00:00:00","date_gmt":"2024-04-03T05:00:00","guid":{"rendered":"http:\/\/gpl-love.com\/es\/producto\/searchwp-enable-media-replace-integration\/"},"modified":"2026-04-10T11:24:00","modified_gmt":"2026-04-10T16:24:00","slug":"searchwp-enable-media-replace-integration","status":"publish","type":"product","link":"https:\/\/gpl-love.com\/es\/producto\/searchwp-enable-media-replace-integration\/","title":{"rendered":"SearchWP Enable Media Replace Integration 1.1.3"},"content":{"rendered":"<h3>SearchWP Enable Media Replace Integration Caracteristicas<\/h3>\n<p>El complemento SearchWP Enable Media Reemplazar integraci\u00f3n ofrece una funcionalidad s\u00f3lida que faculta a los usuarios reemplazar sin esfuerzo los archivos multimedia en sus sitios web de WordPress. Con su integraci\u00f3n perfecta con SearchWP, esta herramienta simplifica enormemente la tarea de buscar, localizar y reemplazar archivos multimedia en toda su sitio. Ya sea que necesite actualizar una imagen, video o cualquier otro tipo de archivo multimedia, esta herramienta excepcional agiliza el proceso, asegurando que sea r\u00e1pido y directo. Adem\u00e1s, su naturaleza f\u00e1cil de usar elimina la necesidad de experiencia en codificaci\u00f3n, por lo que es accesible para personas de todos los niveles de habilidad que desean mejorar la funcionalidad y la eficiencia de su sitio de WordPress. Si est\u00e1 buscando un medio confiable y altamente eficiente para administrar sus archivos multimedia, el complemento de integraci\u00f3n de Medios de reemplazo de habilitaci\u00f3n de SearchWP es inequ\u00edvocamente la herramienta por excelencia para que pueda emplear.<\/p>\n<ul>\n<li>Permite a los usuarios reemplazar o actualizar archivos multimedia dentro de SearchWP<\/li>\n<li>Se integra a la perfecci\u00f3n con los poderosos algoritmos de b\u00fasqueda de SearchWP<\/li>\n<li>Optimiza el proceso de actualizaci\u00f3n y mantenimiento de archivos multimedia<\/li>\n<li>No es necesario eliminar y volver a cargar los archivos<\/li>\n<li>Se puede usar con una amplia gama de tipos de medios, incluidas im\u00e1genes, videos y archivos de audio.<\/li>\n<li>Compatible con temas y complementos populares de WordPress<\/li>\n<li>F\u00e1cil de integrar y usar, incluso para usuarios novatos<\/li>\n<li>Mejora el rendimiento del sitio web y la experiencia del usuario al garantizar los medios precisos y actualizados siempre se muestran<\/li>\n<li>Herramienta de ahorro de tiempo que aumenta la productividad para los gerentes y administradores de sitios web<\/li>\n<li>Soluci\u00f3n robusta y confiable que ha sido probada y aprobada a fondo por expertos de la industria<\/li>\n<\/ul>\n","protected":false},"excerpt":{"rendered":"<p>La integraci\u00f3n de SearchWP Active Media Reemplazar demuestra ser una herramienta inmensamente robusta y eficiente dise\u00f1ada espec\u00edficamente para sitios web de WordPress, otorgando a los usuarios la capacidad perfecta de actualizar y reemplazar sin esfuerzo archivos multimedia directamente desde la p\u00e1gina de resultados de b\u00fasqueda. Atr\u00e1s quedaron los arduos d\u00edas de revisi\u00f3n incansable a trav\u00e9s de una gran cantidad de p\u00e1ginas para ubicar y actualizar los archivos multimedia deseados. En cambio, simplemente realizando una b\u00fasqueda del archivo deseado, uno puede hacer clic de manera conveniente y r\u00e1pida en el bot\u00f3n \u00abReemplazar\u00bb, facilitando la actualizaci\u00f3n r\u00e1pida y sin esfuerzo del archivo con un simple clic singular. Esta integraci\u00f3n sirve como la soluci\u00f3n por excelencia para cualquier sitio web de WordPress que aspira a optimizar la gesti\u00f3n del tiempo y optimizar el intrincado proceso de gesti\u00f3n de medios.<\/p>\n","protected":false},"featured_media":167420,"comment_status":"open","ping_status":"open","template":"","meta":[],"product_brand":[2553],"product_cat":[1214,1206,1211],"product_tag":[1368],"class_list":{"0":"post-111104","1":"product","2":"type-product","3":"status-publish","4":"has-post-thumbnail","6":"product_brand-search-wp","7":"product_cat-personalizacion","8":"product_cat-plugins","9":"product_cat-wordpress-plugins","10":"product_tag-search-wp","11":"member-discount","12":"discount-restricted","14":"first","15":"instock","16":"sale","17":"downloadable","18":"virtual","19":"sold-individually","20":"purchasable","21":"product-type-simple"},"_links":{"self":[{"href":"https:\/\/gpl-love.com\/es\/wp-json\/wp\/v2\/product\/111104","targetHints":{"allow":["GET"]}}],"collection":[{"href":"https:\/\/gpl-love.com\/es\/wp-json\/wp\/v2\/product"}],"about":[{"href":"https:\/\/gpl-love.com\/es\/wp-json\/wp\/v2\/types\/product"}],"replies":[{"embeddable":true,"href":"https:\/\/gpl-love.com\/es\/wp-json\/wp\/v2\/comments?post=111104"}],"wp:featuredmedia":[{"embeddable":true,"href":"https:\/\/gpl-love.com\/es\/wp-json\/wp\/v2\/media\/167420"}],"wp:attachment":[{"href":"https:\/\/gpl-love.com\/es\/wp-json\/wp\/v2\/media?parent=111104"}],"wp:term":[{"taxonomy":"product_brand","embeddable":true,"href":"https:\/\/gpl-love.com\/es\/wp-json\/wp\/v2\/product_brand?post=111104"},{"taxonomy":"product_cat","embeddable":true,"href":"https:\/\/gpl-love.com\/es\/wp-json\/wp\/v2\/product_cat?post=111104"},{"taxonomy":"product_tag","embeddable":true,"href":"https:\/\/gpl-love.com\/es\/wp-json\/wp\/v2\/product_tag?post=111104"}],"curies":[{"name":"wp","href":"https:\/\/api.w.org\/{rel}","templated":true}]}}