{"id":111102,"date":"2021-03-02T00:00:00","date_gmt":"2021-03-02T05:00:00","guid":{"rendered":"http:\/\/gpl-love.com\/es\/producto\/searchwp-edd-integration\/"},"modified":"2026-04-10T11:23:59","modified_gmt":"2026-04-10T16:23:59","slug":"searchwp-edd-integration","status":"publish","type":"product","link":"https:\/\/gpl-love.com\/es\/producto\/searchwp-edd-integration\/","title":{"rendered":"SearchWP EDD Integration 1.1.0"},"content":{"rendered":"<h3>SearchWP EDD Integration Caracteristicas<\/h3>\n<p>Searchwp EDD Integration es una herramienta incre\u00edblemente robusta y efectiva que se fusiona perfectamente con la plataforma de comercio electr\u00f3nico f\u00e1cil de descargas digitales (EDD), lo que le permite mejorar enormemente y optimizar la funcionalidad de b\u00fasqueda inherente a su tienda en l\u00ednea. Al aprovechar las capacidades notables de este complemento extraordinario, est\u00e1 facultado para configurar sin esfuerzo su configuraci\u00f3n de b\u00fasqueda, elaborar meticulosamente los formularios de b\u00fasqueda personalizados e integrar a la perfecci\u00f3n los filtros en sus resultados de b\u00fasqueda. Adem\u00e1s, esta herramienta revolucionaria tambi\u00e9n cuenta con una variedad de caracter\u00edsticas de b\u00fasqueda sofisticadas, como palabras clave derivadas, coincidencia parcial y coincidencia difusa, todo meticulosamente dise\u00f1ado para garantizar que sus estimados clientes puedan localizar sin esfuerzo los productos precisos que buscan. En consecuencia, si alberga un deseo firme de optimizar y magnificar la experiencia de b\u00fasqueda dentro de su tienda en l\u00ednea con EDD, no existe una soluci\u00f3n mejor que la impresionante integraci\u00f3n de EDD SearchWP.<\/p>\n<ul>\n<li>Integre sin problemas SearchWP con su tienda EDD (descargas digitales f\u00e1ciles).<\/li>\n<li>Mejore la experiencia de compra de sus clientes con resultados de b\u00fasqueda m\u00e1s r\u00e1pidos y relevantes.<\/li>\n<li>Personalice su configuraci\u00f3n de b\u00fasqueda y opciones para adaptarse a las necesidades \u00fanicas de su tienda.<\/li>\n<li>Aumente sus ventas facilitando a los clientes encontrar y comprar los productos que est\u00e1n buscando.<\/li>\n<li>Elimine la frustraci\u00f3n de los resultados de b\u00fasqueda inexactos y los partidos irrelevantes.<\/li>\n<li>Compatible con una gama de extensiones EDD y complementos.<\/li>\n<li>F\u00e1cil de instalar y configurar, con documentaci\u00f3n detallada y soporte.<\/li>\n<li>Las actualizaciones y mejoras regulares aseguran la compatibilidad continua y el rendimiento \u00f3ptimo.<\/li>\n<\/ul>\n","protected":false},"excerpt":{"rendered":"<p>El complemento de integraci\u00f3n EDD SearchWP es una excelente soluci\u00f3n para mejorar la funcionalidad de b\u00fasqueda de su tienda en l\u00ednea. Al integrarse perfectamente con la plataforma f\u00e1cil de descargas digitales (EDD), este complemento permite a sus clientes descubrir productos sin esfuerzo a trav\u00e9s de la utilizaci\u00f3n de palabras clave, categor\u00edas y otros datos pertinentes. Con sus p\u00e1ginas de resultados de b\u00fasqueda personalizables y la provisi\u00f3n de opciones de filtrado de b\u00fasqueda s\u00f3lidas, el complemento de integraci\u00f3n EDD de b\u00fasqueda SearchWP demuestra ser una herramienta indispensable para cualquier tienda en l\u00ednea que busque elevar sus capacidades de b\u00fasqueda y optimizar la experiencia general del cliente.<\/p>\n","protected":false},"featured_media":167419,"comment_status":"open","ping_status":"open","template":"","meta":[],"product_brand":[2553],"product_cat":[1214,1206,1211],"product_tag":[1368],"class_list":{"0":"post-111102","1":"product","2":"type-product","3":"status-publish","4":"has-post-thumbnail","6":"product_brand-search-wp","7":"product_cat-personalizacion","8":"product_cat-plugins","9":"product_cat-wordpress-plugins","10":"product_tag-search-wp","11":"member-discount","12":"discount-restricted","14":"first","15":"instock","16":"sale","17":"downloadable","18":"virtual","19":"sold-individually","20":"purchasable","21":"product-type-simple"},"_links":{"self":[{"href":"https:\/\/gpl-love.com\/es\/wp-json\/wp\/v2\/product\/111102","targetHints":{"allow":["GET"]}}],"collection":[{"href":"https:\/\/gpl-love.com\/es\/wp-json\/wp\/v2\/product"}],"about":[{"href":"https:\/\/gpl-love.com\/es\/wp-json\/wp\/v2\/types\/product"}],"replies":[{"embeddable":true,"href":"https:\/\/gpl-love.com\/es\/wp-json\/wp\/v2\/comments?post=111102"}],"wp:featuredmedia":[{"embeddable":true,"href":"https:\/\/gpl-love.com\/es\/wp-json\/wp\/v2\/media\/167419"}],"wp:attachment":[{"href":"https:\/\/gpl-love.com\/es\/wp-json\/wp\/v2\/media?parent=111102"}],"wp:term":[{"taxonomy":"product_brand","embeddable":true,"href":"https:\/\/gpl-love.com\/es\/wp-json\/wp\/v2\/product_brand?post=111102"},{"taxonomy":"product_cat","embeddable":true,"href":"https:\/\/gpl-love.com\/es\/wp-json\/wp\/v2\/product_cat?post=111102"},{"taxonomy":"product_tag","embeddable":true,"href":"https:\/\/gpl-love.com\/es\/wp-json\/wp\/v2\/product_tag?post=111102"}],"curies":[{"name":"wp","href":"https:\/\/api.w.org\/{rel}","templated":true}]}}