{"id":111100,"date":"2021-02-09T00:00:00","date_gmt":"2021-02-09T05:00:00","guid":{"rendered":"http:\/\/gpl-love.com\/es\/producto\/searchwp-directorypress-integration\/"},"modified":"2026-04-10T11:23:57","modified_gmt":"2026-04-10T16:23:57","slug":"searchwp-directorypress-integration","status":"publish","type":"product","link":"https:\/\/gpl-love.com\/es\/producto\/searchwp-directorypress-integration\/","title":{"rendered":"SearchWP DirectoryPress Integration 1.7.0"},"content":{"rendered":"<h3>SearchWP DirectoryPress Integration Caracteristicas<\/h3>\n<p>La integraci\u00f3n SearchWP DirectoryPress es una herramienta altamente efectiva y robusta que se ha creado espec\u00edficamente con el prop\u00f3sito de racionalizar y mejorar la funcionalidad de b\u00fasqueda de los sitios web de DirectoryPress. Al incorporar esta integraci\u00f3n en su sitio web, los usuarios tendr\u00e1n la capacidad de ubicar sin esfuerzo la informaci\u00f3n precisa que requieren, gracias a la utilizaci\u00f3n de algoritmos de b\u00fasqueda avanzados que priorizan y resaltan los resultados de b\u00fasqueda m\u00e1s relevantes. Este producto excepcional ofrece una extensa gama de caracter\u00edsticas, incluida la provisi\u00f3n de filtros personalizados y opciones de clasificaci\u00f3n, compatibilidad con m\u00faltiples sitios y la capacidad de realizar una indexaci\u00f3n en tiempo real. A trav\u00e9s de la integraci\u00f3n perfecta con DirectoryPress, la integraci\u00f3n de SearchWP garantiza que a sus estimados visitantes se les presentar\u00e1 resultados de b\u00fasqueda que sean pertinentes y precisos, lo que resulta en una experiencia de usuario enormemente mejorada y un aumento notable en los niveles de compromiso con su sitio web. Independientemente de si usted es el propietario de un negocio a peque\u00f1a escala o una empresa sustancial, la incorporaci\u00f3n de esta integraci\u00f3n sin duda lo ayudar\u00e1 a optimizar la funcionalidad de su sitio web DirectoryPress, lo que le permitir\u00e1 obtener una ventaja competitiva dentro de su industria.<\/p>\n<ul>\n<li>Integra sin problemas las potentes caracter\u00edsticas de b\u00fasqueda de SearchWP en DirectoryPress<\/li>\n<li>Mejora la experiencia del usuario al proporcionar resultados de b\u00fasqueda precisos y relevantes.<\/li>\n<li>F\u00e1cil de instalar y configurar<\/li>\n<li>Altamente personalizable para satisfacer las necesidades espec\u00edficas de su sitio web<\/li>\n<li>Admite m\u00faltiples formularios de b\u00fasqueda y campos personalizados<\/li>\n<li>Mejora la funcionalidad general de su sitio web DirectoryPress<\/li>\n<li>Ahorra tiempo y esfuerzo al racionalizar el proceso de b\u00fasqueda<\/li>\n<li>Aumenta las tasas de compromiso y conversi\u00f3n al maximizar el potencial de su funci\u00f3n de b\u00fasqueda<\/li>\n<li>Proporciona documentaci\u00f3n detallada y una excelente atenci\u00f3n al cliente para garantizar una integraci\u00f3n suave y exitosa.<\/li>\n<\/ul>\n","protected":false},"excerpt":{"rendered":"<p>La integraci\u00f3n SearchWP DirectoryPress es una herramienta inmensamente potente y efectiva que se integra perfectamente con su sitio web DirectoryPress, proporcionando as\u00ed una experiencia perfecta y optimizada para sus usuarios. Al incorporar sin esfuerzo esta integraci\u00f3n, sus visitantes tendr\u00e1n la capacidad de buscar sin esfuerzo a trav\u00e9s de su directorio completo, que abarca listados, categor\u00edas y ubicaciones, otorg\u00e1ndoles un acceso inmediato y conveniente a la informaci\u00f3n precisa que requieren. Adem\u00e1s, esta integraci\u00f3n cuenta con caracter\u00edsticas avanzadas como sugerencias de b\u00fasqueda en vivo, resaltado de palabras clave y ponderaci\u00f3n de b\u00fasqueda personalizada, que contribuyen colectivamente a la experiencia mejorada del usuario al permitir que sus visitantes localicen r\u00e1pidamente lo que buscan, m\u00e1s r\u00e1pido que nunca. Abrace hoy la integraci\u00f3n SearchWP DirectoryPress y experimente una mejora notable en las capacidades de b\u00fasqueda de su estimado sitio web de DirectoryPress.<\/p>\n","protected":false},"featured_media":167417,"comment_status":"open","ping_status":"open","template":"","meta":[],"product_brand":[2553],"product_cat":[1214,1206,1211],"product_tag":[1368],"class_list":{"0":"post-111100","1":"product","2":"type-product","3":"status-publish","4":"has-post-thumbnail","6":"product_brand-search-wp","7":"product_cat-personalizacion","8":"product_cat-plugins","9":"product_cat-wordpress-plugins","10":"product_tag-search-wp","11":"member-discount","12":"discount-restricted","14":"first","15":"instock","16":"sale","17":"downloadable","18":"virtual","19":"sold-individually","20":"purchasable","21":"product-type-simple"},"_links":{"self":[{"href":"https:\/\/gpl-love.com\/es\/wp-json\/wp\/v2\/product\/111100","targetHints":{"allow":["GET"]}}],"collection":[{"href":"https:\/\/gpl-love.com\/es\/wp-json\/wp\/v2\/product"}],"about":[{"href":"https:\/\/gpl-love.com\/es\/wp-json\/wp\/v2\/types\/product"}],"replies":[{"embeddable":true,"href":"https:\/\/gpl-love.com\/es\/wp-json\/wp\/v2\/comments?post=111100"}],"wp:featuredmedia":[{"embeddable":true,"href":"https:\/\/gpl-love.com\/es\/wp-json\/wp\/v2\/media\/167417"}],"wp:attachment":[{"href":"https:\/\/gpl-love.com\/es\/wp-json\/wp\/v2\/media?parent=111100"}],"wp:term":[{"taxonomy":"product_brand","embeddable":true,"href":"https:\/\/gpl-love.com\/es\/wp-json\/wp\/v2\/product_brand?post=111100"},{"taxonomy":"product_cat","embeddable":true,"href":"https:\/\/gpl-love.com\/es\/wp-json\/wp\/v2\/product_cat?post=111100"},{"taxonomy":"product_tag","embeddable":true,"href":"https:\/\/gpl-love.com\/es\/wp-json\/wp\/v2\/product_tag?post=111100"}],"curies":[{"name":"wp","href":"https:\/\/api.w.org\/{rel}","templated":true}]}}