{"id":111098,"date":"2022-02-19T00:00:00","date_gmt":"2022-02-19T05:00:00","guid":{"rendered":"http:\/\/gpl-love.com\/es\/producto\/searchwp-diagnostics\/"},"modified":"2026-04-10T11:23:56","modified_gmt":"2026-04-10T16:23:56","slug":"searchwp-diagnostics","status":"publish","type":"product","link":"https:\/\/gpl-love.com\/es\/producto\/searchwp-diagnostics\/","title":{"rendered":"SearchWP Diagnostics 1.5.2"},"content":{"rendered":"<h3>SearchWP Diagnostics Caracteristicas<\/h3>\n<p>SearchWP Diagnostics es un complemento que abarca todo espec\u00edficamente para WordPress, con el prop\u00f3sito principal de ayudar a los propietarios de sitios web a diagnosticar y resolver efectivamente cualquier complicaci\u00f3n relacionada con la b\u00fasqueda que pueda surgir en su sitio. Al utilizar esta notable herramienta, a los usuarios se les otorga la conveniencia de identificar y rectificar sin esfuerzo cualquier error de b\u00fasqueda que pueda ocurrir, al tiempo que puede rastrear meticulosamente sus consultas y resultados de b\u00fasqueda, as\u00ed como monitorear de cerca el rendimiento general de su motor de b\u00fasqueda. Adem\u00e1s, este ingenioso complemento cuenta con una interfaz incre\u00edblemente f\u00e1cil de usar, lo que permite a los usuarios examinar a trav\u00e9s de una variedad de informaci\u00f3n de diagn\u00f3stico en profundidad, que van desde registros de b\u00fasqueda completos hasta estad\u00edsticas de \u00edndice meticulosamente detalladas y datos de consulta. Los usuarios incluso reciben la capacidad de configurar la configuraci\u00f3n de notificaci\u00f3n deseada, asegurando as\u00ed que sean alertados de inmediato cada vez que cualquier Predicaments ocurre con su motor de b\u00fasqueda. En resumen, SearchWP Diagnostics indiscutiblemente se destaca como una herramienta indispensable, garantizando que la funci\u00f3n de b\u00fasqueda de su sitio web est\u00e9 \u00f3ptimamente ajustada para un nivel superlativo de eficiencia y una experiencia de usuario verdaderamente incomparable.<\/p>\n<ul>\n<li>Proporciona informaci\u00f3n detallada sobre la funcionalidad de b\u00fasqueda de su sitio<\/li>\n<li>Identifica problemas de indexaci\u00f3n y problemas con los resultados de b\u00fasqueda<\/li>\n<li>Ofrece soluciones para mejorar el rendimiento de la b\u00fasqueda y la experiencia del usuario<\/li>\n<li>Rastrea consultas de b\u00fasqueda y tarifas de clics para ayudar a optimizar la experiencia de b\u00fasqueda<\/li>\n<li>Le permite configurar f\u00e1cilmente la configuraci\u00f3n de b\u00fasqueda sin necesidad de conocimientos t\u00e9cnicos<\/li>\n<li>Se integra con complementos y temas populares de WordPress para un uso sin problemas<\/li>\n<li>Ofrece informes detallados y an\u00e1lisis para rastrear la efectividad de sus mejoras de b\u00fasqueda<\/li>\n<li>Proporciona atenci\u00f3n al cliente r\u00e1pida y receptiva para ayudarlo a optimizar su funcionalidad de b\u00fasqueda.<\/li>\n<\/ul>\n","protected":false},"excerpt":{"rendered":"<p>SearchWP Diagnostics es una herramienta incre\u00edblemente robusta y altamente eficiente que ha sido dise\u00f1ada y dise\u00f1ada espec\u00edficamente para satisfacer las necesidades y requisitos de los propietarios y administradores de sitios web, lo que les permite identificar y diagnosticar una variedad de desaf\u00edos y complicaciones relacionadas con la b\u00fasqueda que pueden estar impregnando su sitio web. Al utilizar esta herramienta fenomenal, los usuarios est\u00e1n facultados para identificar y resaltar posibles problemas o inconsistencias potenciales que puedan afectar sus resultados de b\u00fasqueda, abarcando problemas como coincidencias err\u00f3neas, resultados faltantes o ausentes, as\u00ed como un rendimiento lento o subparto. El informe de diagn\u00f3stico integral y hol\u00edstico proporcionado por esta herramienta excepcional sirve como un recurso invaluable, proporcionando a los usuarios con informaci\u00f3n e informaci\u00f3n compleja y meticulosamente detalladas relacionadas con los problemas antes mencionados, complementados por recomendaciones y orientaci\u00f3n personalizadas por expertos sobre c\u00f3mo rectificar y eficientemente eficientemente y eficientemente. abordar estos desaf\u00edos. Es indudable e indiscutiblemente una herramienta fundamental e indispensable para cualquier propietario de sitios web exigente y concienzudo, ya que no solo les faculta mejorar y optimizar la experiencia de b\u00fasqueda general para sus valiosos usuarios, sino que tambi\u00e9n aumenta e intensifican exponencialmente la participaci\u00f3n e interacci\u00f3n del usuario en su sitio web en su sitio web. , facilitando y fomentando un entorno de mayor satisfacci\u00f3n y satisfacci\u00f3n entre su estimada clientela.<\/p>\n","protected":false},"featured_media":167416,"comment_status":"open","ping_status":"open","template":"","meta":[],"product_brand":[2553],"product_cat":[1214,1206,1211],"product_tag":[1368],"class_list":{"0":"post-111098","1":"product","2":"type-product","3":"status-publish","4":"has-post-thumbnail","6":"product_brand-search-wp","7":"product_cat-personalizacion","8":"product_cat-plugins","9":"product_cat-wordpress-plugins","10":"product_tag-search-wp","11":"member-discount","12":"discount-restricted","14":"first","15":"instock","16":"sale","17":"downloadable","18":"virtual","19":"sold-individually","20":"purchasable","21":"product-type-simple"},"_links":{"self":[{"href":"https:\/\/gpl-love.com\/es\/wp-json\/wp\/v2\/product\/111098","targetHints":{"allow":["GET"]}}],"collection":[{"href":"https:\/\/gpl-love.com\/es\/wp-json\/wp\/v2\/product"}],"about":[{"href":"https:\/\/gpl-love.com\/es\/wp-json\/wp\/v2\/types\/product"}],"replies":[{"embeddable":true,"href":"https:\/\/gpl-love.com\/es\/wp-json\/wp\/v2\/comments?post=111098"}],"wp:featuredmedia":[{"embeddable":true,"href":"https:\/\/gpl-love.com\/es\/wp-json\/wp\/v2\/media\/167416"}],"wp:attachment":[{"href":"https:\/\/gpl-love.com\/es\/wp-json\/wp\/v2\/media?parent=111098"}],"wp:term":[{"taxonomy":"product_brand","embeddable":true,"href":"https:\/\/gpl-love.com\/es\/wp-json\/wp\/v2\/product_brand?post=111098"},{"taxonomy":"product_cat","embeddable":true,"href":"https:\/\/gpl-love.com\/es\/wp-json\/wp\/v2\/product_cat?post=111098"},{"taxonomy":"product_tag","embeddable":true,"href":"https:\/\/gpl-love.com\/es\/wp-json\/wp\/v2\/product_tag?post=111098"}],"curies":[{"name":"wp","href":"https:\/\/api.w.org\/{rel}","templated":true}]}}